{"id":19946,"date":"2020-01-30T14:41:27","date_gmt":"2020-01-30T14:41:27","guid":{"rendered":"https:\/\/mifar.com\/colour-made-easy\/"},"modified":"2021-05-28T12:51:53","modified_gmt":"2021-05-28T12:51:53","slug":"colour-made-easy","status":"publish","type":"page","link":"https:\/\/mifar.com\/de\/colour-made-easy\/","title":{"rendered":"M\u00e4rkte"},"content":{"rendered":"<div class=\"wpb-content-wrapper\"><p>[vc_row css_animation=&#8221;&#8221; row_type=&#8221;row&#8221; use_row_as_full_screen_section=&#8221;no&#8221; type=&#8221;grid&#8221; angled_section=&#8221;no&#8221; text_align=&#8221;left&#8221; background_image_as_pattern=&#8221;without_pattern&#8221; css=&#8221;.vc_custom_1580393488061{margin-bottom: 20px !important;background-position: 0 0 !important;background-repeat: no-repeat !important;}&#8221; z_index=&#8221;&#8221;][vc_column width=&#8221;1\/2&#8243;][vc_column_text]<\/p>\n<h3>Unser Versprechen | Colour Made Easy<\/h3>\n<div id=\"gtx-trans\" style=\"position: absolute; left: -103px; top: -6.28125px;\">\n<div class=\"gtx-trans-icon\"><\/div>\n<\/div>\n<p>[\/vc_column_text][\/vc_column][vc_column width=&#8221;1\/2&#8243;][vc_separator type=&#8221;normal&#8221; color=&#8221;#29a3d3&#8243;][\/vc_column][\/vc_row][vc_row css_animation=&#8221;&#8221; row_type=&#8221;row&#8221; use_row_as_full_screen_section=&#8221;no&#8221; type=&#8221;grid&#8221; angled_section=&#8221;no&#8221; text_align=&#8221;left&#8221; background_image_as_pattern=&#8221;without_pattern&#8221; z_index=&#8221;&#8221;][vc_column][vc_column_text]<\/p>\n<p class=\"p1\">Unseren Gesch\u00e4ftspartnern das Leben einfacher zu machen&#8221; ist das Versprechen von Mifar, in dem sich die Entwicklung des Unternehmens als zuverl\u00e4ssiger, solider und qualifizierter Partner widerspiegelt, zusammen mit dem sich unsere Kunden den Chancen und Herausforderungen der kommenden Entwicklungen in der Welt der Farbe stellen. Mifar bietet ein breit gef\u00e4chertes Angebot an anwenderfreundlichen und gebrauchsfertigen Produkten hoher Qualit\u00e4t, die nach Bezugsmarkt klassifiziert sind.<\/p>\n<p>[\/vc_column_text][vc_empty_space height=&#8221;50px&#8221;][\/vc_column][\/vc_row][vc_row css_animation=&#8221;&#8221; row_type=&#8221;row&#8221; use_row_as_full_screen_section=&#8221;no&#8221; type=&#8221;grid&#8221; angled_section=&#8221;no&#8221; text_align=&#8221;left&#8221; background_image_as_pattern=&#8221;without_pattern&#8221; z_index=&#8221;&#8221;][vc_column width=&#8221;1\/4&#8243; css=&#8221;.vc_custom_1580392924915{margin-bottom: 10px !important;padding-right: 15px !important;padding-left: 15px !important;}&#8221;][vc_single_image image=&#8221;19947&#8243; img_size=&#8221;full&#8221; qode_css_animation=&#8221;&#8221; css=&#8221;.vc_custom_1580741441388{margin-bottom: -80px !important;}&#8221;][vc_column_text css=&#8221;.vc_custom_1622206221021{padding-top: 30px !important;padding-right: 20px !important;padding-bottom: 20px !important;padding-left: 20px !important;background-color: rgba(60,70,80,0.9) !important;*background-color: rgb(60,70,80) !important;}&#8221; el_class=&#8221;.button-box-category&#8221;]<\/p>\n<p class=\"p1\"><a href=\"\/mifar\/de\/cosmetics\/\"><span style=\"color: #ffffff; font-size: 22px;\">Kosmetik<\/span><\/a><\/p>\n<p>[\/vc_column_text][vc_column_text css=&#8221;.vc_custom_1621865035945{padding-top: 10px !important;padding-bottom: 5px !important;}&#8221;]<\/p>\n<p class=\"p1\"><strong>Die Farbe f\u00fcr Kosmetikprodukte und K\u00f6rperpflegeprodukte<\/strong><\/p>\n<p>[\/vc_column_text][vc_column_text]<\/p>\n<p class=\"p1\"><a href=\"\/mifar\/de\/cosmetic\/\">Weiterlesen<\/a><\/p>\n<p>[\/vc_column_text][vc_separator type=&#8221;normal&#8221; color=&#8221;#29a3d3&#8243;][\/vc_column][vc_column width=&#8221;1\/4&#8243; css=&#8221;.vc_custom_1580392929864{margin-bottom: 10px !important;}&#8221;][vc_single_image image=&#8221;19950&#8243; img_size=&#8221;full&#8221; qode_css_animation=&#8221;&#8221; css=&#8221;.vc_custom_1580741463241{margin-bottom: -80px !important;}&#8221;][vc_column_text css=&#8221;.vc_custom_1622206226598{padding-top: 30px !important;padding-right: 20px !important;padding-bottom: 20px !important;padding-left: 20px !important;background-color: rgba(60,70,80,0.9) !important;*background-color: rgb(60,70,80) !important;}&#8221; el_class=&#8221;.button-box-category&#8221;]<\/p>\n<p class=\"p1\"><a href=\"\/mifar\/de\/coating\/\"><span style=\"color: #ffffff; font-size: 22px;\">Coating<\/span><\/a><\/p>\n<div id=\"gtx-trans\" style=\"position: absolute; left: 30px; top: -8px;\">\n<div class=\"gtx-trans-icon\"><\/div>\n<\/div>\n<p>[\/vc_column_text][vc_column_text css=&#8221;.vc_custom_1621865063898{padding-top: 10px !important;padding-bottom: 5px !important;}&#8221;]<strong>Die Farbe f\u00fcr Beschichtungen in den Bereichen Industrie, Automotive und Architektur<\/strong>[\/vc_column_text][vc_column_text]<\/p>\n<p class=\"p1\"><a href=\"\/mifar\/de\/coating\/\">Weiterlesen<\/a><\/p>\n<p>[\/vc_column_text][vc_separator type=&#8221;normal&#8221; color=&#8221;#29a3d3&#8243;][\/vc_column][vc_column width=&#8221;1\/4&#8243; css=&#8221;.vc_custom_1580392936431{margin-bottom: 15px !important;}&#8221;][vc_single_image image=&#8221;19951&#8243; img_size=&#8221;full&#8221; qode_css_animation=&#8221;&#8221; css=&#8221;.vc_custom_1580741473013{margin-bottom: -80px !important;}&#8221;][vc_column_text css=&#8221;.vc_custom_1622206240876{padding-top: 30px !important;padding-right: 20px !important;padding-bottom: 20px !important;padding-left: 20px !important;background-color: rgba(60,70,80,0.9) !important;*background-color: rgb(60,70,80) !important;}&#8221; el_class=&#8221;.button-box-category&#8221;]<\/p>\n<p class=\"p1\"><a href=\"\/mifar\/de\/marker-inks\/\"><span style=\"color: #ffffff; font-size: 22px;\">Tinten f\u00fcr Marker<\/span><\/a><\/p>\n<p>[\/vc_column_text][vc_column_text css=&#8221;.vc_custom_1621865103681{padding-top: 10px !important;padding-bottom: 5px !important;}&#8221;]<\/p>\n<p class=\"p1\"><strong>Die Farbe f\u00fcr professionelle Schreibger\u00e4te<\/strong><\/p>\n<p>[\/vc_column_text][vc_column_text]<\/p>\n<p class=\"p1\"><a href=\"\/mifar\/de\/marker-inks\/\">Weiterlesen<\/a><\/p>\n<p>[\/vc_column_text][vc_separator type=&#8221;normal&#8221; color=&#8221;#29a3d3&#8243;][\/vc_column][vc_column width=&#8221;1\/4&#8243;][vc_single_image image=&#8221;19952&#8243; img_size=&#8221;full&#8221; qode_css_animation=&#8221;&#8221; css=&#8221;.vc_custom_1580741481735{margin-bottom: -80px !important;}&#8221;][vc_column_text css=&#8221;.vc_custom_1622206252621{padding-top: 30px !important;padding-right: 20px !important;padding-bottom: 20px !important;padding-left: 20px !important;background-color: rgba(60,70,80,0.9) !important;*background-color: rgb(60,70,80) !important;}&#8221; el_class=&#8221;.button-box-category&#8221;]<\/p>\n<p class=\"p1\"><a href=\"\/mifar\/de\/printing-inks\/\"><span style=\"color: #ffffff; font-size: 22px;\">Druckfarben<\/span><\/a><\/p>\n<div id=\"gtx-trans\" style=\"position: absolute; left: -124px; top: -8px;\">\n<div class=\"gtx-trans-icon\"><\/div>\n<\/div>\n<p>[\/vc_column_text][vc_column_text css=&#8221;.vc_custom_1621865132476{padding-top: 10px !important;padding-bottom: 5px !important;}&#8221;]<strong>Die Farbe f\u00fcr die Kreativit\u00e4t und die hohe Druckqualit\u00e4t<\/strong>[\/vc_column_text][vc_column_text]<\/p>\n<p class=\"p1\"><a href=\"\/mifar\/de\/printing-inks\/\">Weiterlesen<\/a><\/p>\n<p>[\/vc_column_text][vc_separator type=&#8221;normal&#8221; color=&#8221;#29a3d3&#8243;][\/vc_column][\/vc_row][vc_row css_animation=&#8221;&#8221; row_type=&#8221;row&#8221; use_row_as_full_screen_section=&#8221;no&#8221; type=&#8221;grid&#8221; angled_section=&#8221;no&#8221; text_align=&#8221;left&#8221; background_image_as_pattern=&#8221;without_pattern&#8221; z_index=&#8221;&#8221;][vc_column][vc_empty_space height=&#8221;70px&#8221;][\/vc_column][\/vc_row][vc_row css_animation=&#8221;&#8221; row_type=&#8221;row&#8221; use_row_as_full_screen_section=&#8221;no&#8221; type=&#8221;grid&#8221; angled_section=&#8221;no&#8221; text_align=&#8221;left&#8221; background_image_as_pattern=&#8221;without_pattern&#8221; z_index=&#8221;&#8221;][vc_column width=&#8221;1\/4&#8243; css=&#8221;.vc_custom_1580392924915{margin-bottom: 10px !important;padding-right: 15px !important;padding-left: 15px !important;}&#8221;][vc_single_image image=&#8221;19953&#8243; img_size=&#8221;full&#8221; qode_css_animation=&#8221;&#8221; css=&#8221;.vc_custom_1580741493820{margin-bottom: -80px !important;}&#8221;][vc_column_text css=&#8221;.vc_custom_1622206268348{padding-top: 30px !important;padding-right: 20px !important;padding-bottom: 20px !important;padding-left: 20px !important;background-color: rgba(60,70,80,0.9) !important;*background-color: rgb(60,70,80) !important;}&#8221; el_class=&#8221;.button-box-category&#8221;]<\/p>\n<p class=\"p1\"><a href=\"\/mifar\/de\/finishing\/\"><span style=\"color: #ffffff; font-size: 22px;\">Finishing<\/span><\/a><\/p>\n<p>[\/vc_column_text][vc_column_text css=&#8221;.vc_custom_1621865189021{padding-top: 10px !important;padding-bottom: 5px !important;}&#8221;]<\/p>\n<p class=\"p1\"><strong>Die Farbe f\u00fcr Lederwaren und Kunstlederwaren<\/strong><\/p>\n<div id=\"gtx-trans\" style=\"position: absolute; left: -90px; top: -10px;\">\n<div class=\"gtx-trans-icon\"><\/div>\n<\/div>\n<p>[\/vc_column_text][vc_column_text]<\/p>\n<p class=\"p1\"><a href=\"\/mifar\/de\/finishing\/\">Weiterlesen<\/a><\/p>\n<p>[\/vc_column_text][vc_separator type=&#8221;normal&#8221; color=&#8221;#29a3d3&#8243;][\/vc_column][vc_column width=&#8221;1\/4&#8243; css=&#8221;.vc_custom_1580392929864{margin-bottom: 10px !important;}&#8221;][vc_single_image image=&#8221;19954&#8243; img_size=&#8221;full&#8221; qode_css_animation=&#8221;&#8221; css=&#8221;.vc_custom_1580741505256{margin-bottom: -80px !important;}&#8221;][vc_column_text css=&#8221;.vc_custom_1622206279476{padding-top: 30px !important;padding-right: 20px !important;padding-bottom: 20px !important;padding-left: 20px !important;background-color: rgba(60,70,80,0.9) !important;*background-color: rgb(60,70,80) !important;}&#8221; el_class=&#8221;.button-box-category&#8221;]<\/p>\n<p class=\"p1\"><a href=\"\/mifar\/de\/ink-jet\/\"><span style=\"color: #ffffff; font-size: 22px;\">Inkjet<\/span><\/a><\/p>\n<p>[\/vc_column_text][vc_column_text css=&#8221;.vc_custom_1621865222454{padding-top: 10px !important;padding-bottom: 5px !important;}&#8221;]<\/p>\n<p class=\"p1\"><strong>Die Farbe f\u00fcr die Technologie der Tintenstrahldrucker<\/strong><\/p>\n<p>[\/vc_column_text][vc_column_text]<\/p>\n<p class=\"p1\"><a href=\"\/mifar\/de\/ink-jet\/\">Weiterlesen<\/a><\/p>\n<p>[\/vc_column_text][vc_separator type=&#8221;normal&#8221; color=&#8221;#29a3d3&#8243;][\/vc_column][vc_column width=&#8221;1\/4&#8243; css=&#8221;.vc_custom_1580392936431{margin-bottom: 15px !important;}&#8221;][vc_single_image image=&#8221;19955&#8243; img_size=&#8221;full&#8221; qode_css_animation=&#8221;&#8221; css=&#8221;.vc_custom_1580741517406{margin-bottom: -80px !important;}&#8221;][vc_column_text css=&#8221;.vc_custom_1622206291076{padding-top: 30px !important;padding-right: 20px !important;padding-bottom: 20px !important;padding-left: 20px !important;background-color: rgba(60,70,80,0.9) !important;*background-color: rgb(60,70,80) !important;}&#8221; el_class=&#8221;.button-box-category&#8221;]<\/p>\n<p class=\"p1\"><a href=\"\/mifar\/de\/compostable\/\"><span style=\"color: #ffffff; font-size: 22px;\">Kompostierbare Farben<\/span><\/a><\/p>\n<div id=\"gtx-trans\" style=\"position: absolute; left: -336px; top: -8px;\">\n<div class=\"gtx-trans-icon\"><\/div>\n<\/div>\n<p>[\/vc_column_text][vc_column_text css=&#8221;.vc_custom_1621865250687{padding-top: 10px !important;padding-bottom: 5px !important;}&#8221;]<\/p>\n<p class=\"p1\"><strong>Die Farbe f\u00fcr nachhaltige L\u00f6sungen f\u00fcr Packaging und Food-Packaging<\/strong><\/p>\n<div id=\"gtx-trans\" style=\"position: absolute; left: 61px; top: 60.3229px;\">\n<div class=\"gtx-trans-icon\"><\/div>\n<\/div>\n<p>[\/vc_column_text][vc_column_text]<a href=\"\/mifar\/de\/compostable\/\">Weiterlesen<\/a>[\/vc_column_text][vc_separator type=&#8221;normal&#8221; color=&#8221;#29a3d3&#8243;][\/vc_column][vc_column width=&#8221;1\/4&#8243;][vc_single_image image=&#8221;19956&#8243; img_size=&#8221;full&#8221; qode_css_animation=&#8221;&#8221; css=&#8221;.vc_custom_1580741528769{margin-bottom: -80px !important;}&#8221;][vc_column_text css=&#8221;.vc_custom_1622206305364{padding-top: 30px !important;padding-right: 20px !important;padding-bottom: 20px !important;padding-left: 20px !important;background-color: rgba(60,70,80,0.9) !important;*background-color: rgb(60,70,80) !important;}&#8221; el_class=&#8221;.button-box-category&#8221;]<\/p>\n<p class=\"p1\"><a href=\"\/mifar\/de\/specialities\/\"><span style=\"color: #ffffff; font-size: 22px;\">Spezialfarben<\/span><\/a><\/p>\n<p>[\/vc_column_text][vc_column_text css=&#8221;.vc_custom_1621865275680{padding-top: 10px !important;padding-bottom: 5px !important;}&#8221;]<strong>Die Farbe f\u00fcr den Siebdruck und den Druck mit UV-Druckfarben<\/strong>[\/vc_column_text][vc_column_text]<\/p>\n<p class=\"p1\"><a href=\"\/mifar\/de\/specialities\/\">Weiterlesen<\/a><\/p>\n<p>[\/vc_column_text][vc_separator type=&#8221;normal&#8221; color=&#8221;#29a3d3&#8243;][\/vc_column][\/vc_row][vc_row css_animation=&#8221;&#8221; row_type=&#8221;row&#8221; use_row_as_full_screen_section=&#8221;no&#8221; type=&#8221;grid&#8221; angled_section=&#8221;no&#8221; text_align=&#8221;left&#8221; background_image_as_pattern=&#8221;without_pattern&#8221; z_index=&#8221;&#8221;][vc_column][vc_empty_space height=&#8221;50px&#8221;][\/vc_column][\/vc_row]<\/p>\n<\/div>","protected":false},"excerpt":{"rendered":"<p>[vc_row css_animation=&#8221;&#8221; row_type=&#8221;row&#8221; use_row_as_full_screen_section=&#8221;no&#8221; type=&#8221;grid&#8221; angled_section=&#8221;no&#8221; text_align=&#8221;left&#8221; background_image_as_pattern=&#8221;without_pattern&#8221; css=&#8221;.vc_custom_1580393488061{margin-bottom: 20px !important;background-position: 0 0 !important;background-repeat: no-repeat !important;}&#8221; z_index=&#8221;&#8221;][vc_column width=&#8221;1\/2&#8243;][vc_column_text] Unser Versprechen | Colour Made Easy [\/vc_column_text][\/vc_column][vc_column width=&#8221;1\/2&#8243;][vc_separator type=&#8221;normal&#8221; color=&#8221;#29a3d3&#8243;][\/vc_column][\/vc_row][vc_row css_animation=&#8221;&#8221; row_type=&#8221;row&#8221; use_row_as_full_screen_section=&#8221;no&#8221; type=&#8221;grid&#8221; angled_section=&#8221;no&#8221; text_align=&#8221;left&#8221; background_image_as_pattern=&#8221;without_pattern&#8221; z_index=&#8221;&#8221;][vc_column][vc_column_text] Unseren Gesch\u00e4ftspartnern das Leben einfacher zu machen&#8221; ist das&#8230;<\/p>\n","protected":false},"author":7,"featured_media":0,"parent":0,"menu_order":0,"comment_status":"closed","ping_status":"closed","template":"","meta":{"footnotes":""},"class_list":["post-19946","page","type-page","status-publish","hentry"],"_links":{"self":[{"href":"https:\/\/mifar.com\/de\/wp-json\/wp\/v2\/pages\/19946","targetHints":{"allow":["GET"]}}],"collection":[{"href":"https:\/\/mifar.com\/de\/wp-json\/wp\/v2\/pages"}],"about":[{"href":"https:\/\/mifar.com\/de\/wp-json\/wp\/v2\/types\/page"}],"author":[{"embeddable":true,"href":"https:\/\/mifar.com\/de\/wp-json\/wp\/v2\/users\/7"}],"replies":[{"embeddable":true,"href":"https:\/\/mifar.com\/de\/wp-json\/wp\/v2\/comments?post=19946"}],"version-history":[{"count":6,"href":"https:\/\/mifar.com\/de\/wp-json\/wp\/v2\/pages\/19946\/revisions"}],"predecessor-version":[{"id":20300,"href":"https:\/\/mifar.com\/de\/wp-json\/wp\/v2\/pages\/19946\/revisions\/20300"}],"wp:attachment":[{"href":"https:\/\/mifar.com\/de\/wp-json\/wp\/v2\/media?parent=19946"}],"curies":[{"name":"wp","href":"https:\/\/api.w.org\/{rel}","templated":true}]}}