{"id":19963,"date":"2020-04-13T15:46:11","date_gmt":"2020-04-13T15:46:11","guid":{"rendered":"https:\/\/mifar.com\/cosmetica\/"},"modified":"2021-05-24T14:16:14","modified_gmt":"2021-05-24T14:16:14","slug":"cosmetica","status":"publish","type":"page","link":"https:\/\/mifar.com\/de\/cosmetica\/","title":{"rendered":"Kosmetik"},"content":{"rendered":"<div class=\"wpb-content-wrapper\"><p>[vc_row css_animation=&#8221;&#8221; row_type=&#8221;row&#8221; use_row_as_full_screen_section=&#8221;no&#8221; type=&#8221;grid&#8221; angled_section=&#8221;no&#8221; text_align=&#8221;left&#8221; background_image_as_pattern=&#8221;without_pattern&#8221; css=&#8221;.vc_custom_1580393488061{margin-bottom: 20px !important;background-position: 0 0 !important;background-repeat: no-repeat !important;}&#8221; z_index=&#8221;&#8221;][vc_column width=&#8221;1\/2&#8243;][vc_column_text]<\/p>\n<h3>Kosmetik<\/h3>\n<p>[\/vc_column_text][\/vc_column][vc_column width=&#8221;1\/2&#8243;][vc_separator type=&#8221;normal&#8221; color=&#8221;#29a3d3&#8243;][\/vc_column][\/vc_row][vc_row css_animation=&#8221;&#8221; row_type=&#8221;row&#8221; use_row_as_full_screen_section=&#8221;no&#8221; type=&#8221;grid&#8221; angled_section=&#8221;no&#8221; text_align=&#8221;left&#8221; background_image_as_pattern=&#8221;without_pattern&#8221; z_index=&#8221;&#8221;][vc_column][vc_column_text]Mifar S.r.l. beliefert den Kosmetikmarkt mit Dispercos, einer kosmetischen Pigmentpaste hoher Qualit\u00e4t, dispergiert in l\u00f6slichem Nitrocelluloseester und Acetyltributylcitrat (ATBC) als Weichmacher, die besonders gut f\u00fcr die Produktion von Nagellacken geeignet ist. Der hohe Grad an Dispergierung und Oberfl\u00e4chenbeschichtung garantiert in Kombination mit einer sorgf\u00e4ltigen Auswahl der Pigmente f\u00fcr ein Produkt hoher Qualit\u00e4t mit hoher Farbkraft, hohem Glanzgrad und hoher Transparenz und einer optimalen Kratzfestigkeit und Abriebfestigkeit. Dispercos ist in einer breiten Farbpalette erh\u00e4ltlich, auch in kundenspezifischen Farben. Mit Dispercos bietet Mifar einen einfachen und profitablen Produktionsprozess, f\u00fcr den der Wissenstransfer des eigenen Know-hows und ein Komplettservice zur Unterst\u00fctzung der Lieferung garantieren.<\/p>\n<p>&nbsp;<\/p>\n<p>Rationalisierung des Produkts | Dispercos bietet wirtschaftliche Vorteile und Produktvorteile.<\/p>\n<ul>\n<li>Direkter Erwerb des Know-how<\/li>\n<li>Hoher Grad an Glanz und Leuchtkraft<\/li>\n<li>Maximale Entwicklung der Farbkraft<\/li>\n<li>Maximale Transparenz<\/li>\n<li>Herausragende Farbreinheit<\/li>\n<li>Geringe L\u00f6semittelretention<\/li>\n<li>Geringere Gesamtkosten der Farbe<\/li>\n<li>Gro\u00dfe produktive Flexibilit\u00e4t in Verbindung mit hoher Qualit\u00e4t<\/li>\n<li>Reduzierter Bestand<\/li>\n<\/ul>\n<p>&nbsp;<\/p>\n<p>Nachhaltigkeit | Dispercos bietet Vorteile im Hinblick auf Sicherheit, Gesundheit und Umweltschutz.<\/p>\n<p>Reduzierung der Kosten f\u00fcr die Entsorgung leerer Farbdosen und F\u00e4sser.<\/p>\n<p>Lieferung der Farbchips in Pappkartons.[\/vc_column_text][vc_empty_space height=&#8221;50px&#8221;][\/vc_column][\/vc_row][vc_row css_animation=&#8221;&#8221; row_type=&#8221;row&#8221; use_row_as_full_screen_section=&#8221;no&#8221; type=&#8221;grid&#8221; angled_section=&#8221;no&#8221; text_align=&#8221;left&#8221; background_image_as_pattern=&#8221;without_pattern&#8221; css=&#8221;.vc_custom_1591973774411{margin-bottom: 40px !important;background-position: 0 0 !important;background-repeat: no-repeat !important;}&#8221; z_index=&#8221;&#8221;][vc_column width=&#8221;1\/4&#8243;][vc_column_text]<\/p>\n<h3>Produktpalette<\/h3>\n<div id=\"gtx-trans\" style=\"position: absolute; left: -96px; top: -6.28125px;\">\n<div class=\"gtx-trans-icon\"><\/div>\n<\/div>\n<p>[\/vc_column_text][\/vc_column][vc_column width=&#8221;3\/4&#8243;][vc_separator type=&#8221;normal&#8221; color=&#8221;#29a3d3&#8243;][\/vc_column][\/vc_row][vc_row css_animation=&#8221;&#8221; row_type=&#8221;row&#8221; use_row_as_full_screen_section=&#8221;yes&#8221; type=&#8221;grid&#8221; angled_section=&#8221;no&#8221; text_align=&#8221;left&#8221; background_image_as_pattern=&#8221;without_pattern&#8221; css=&#8221;.vc_custom_1580399677552{padding-top: 5px !important;padding-bottom: 5px !important;background-position: 0 0 !important;background-repeat: no-repeat !important;}&#8221; z_index=&#8221;&#8221;][vc_column][vc_column_text]<\/p>\n<p class=\"p1\"><span style=\"color: #29a3d3; font-size: 18px;\"><strong> Dispercos<\/strong><\/span><\/p>\n<div id=\"gtx-trans\" style=\"position: absolute; left: 121px; top: -9px;\">\n<div class=\"gtx-trans-icon\"><\/div>\n<\/div>\n<p>[\/vc_column_text][vc_column_text css=&#8221;.vc_custom_1621865680197{padding-bottom: 10px !important;}&#8221;]<\/p>\n<p class=\"p1\">Dispercos ist eine Serie, die sich durch die Verwendung kosmetischer Pigmente hoher Qualit\u00e4t auszeichnet, in l\u00f6slichem Nitrocelluloseester und Acetyltributylcitrat (ATBC) als Weichmacher vordispergiert ist und sich besonders gut f\u00fcr die Produktion von Nagellacken eignet. Der hohe Grad an Dispergierung und Oberfl\u00e4chenbeschichtung garantiert in Kombination mit einer sorgf\u00e4ltigen Auswahl der Pigmente f\u00fcr ein Produkt hoher Qualit\u00e4t mit hoher Farbkraft, hohem Glanzgrad und hoher Transparenz und einer optimalen Kratzfestigkeit und Abriebfestigkeit. Erh\u00e4ltlich in einer breiten Palette verschiedener Farbzahlen, auch in kundenspezifischen Farben.<\/p>\n<p>[\/vc_column_text][vc_separator type=&#8221;normal&#8221; color=&#8221;#29a3d3&#8243;][\/vc_column][\/vc_row][vc_row css_animation=&#8221;&#8221; row_type=&#8221;row&#8221; use_row_as_full_screen_section=&#8221;no&#8221; type=&#8221;full_width&#8221; angled_section=&#8221;no&#8221; text_align=&#8221;left&#8221; background_image_as_pattern=&#8221;without_pattern&#8221;][vc_column][vc_empty_space height=&#8221;50px&#8221;][\/vc_column][\/vc_row]<\/p>\n<\/div>","protected":false},"excerpt":{"rendered":"<p>[vc_row css_animation=&#8221;&#8221; row_type=&#8221;row&#8221; use_row_as_full_screen_section=&#8221;no&#8221; type=&#8221;grid&#8221; angled_section=&#8221;no&#8221; text_align=&#8221;left&#8221; background_image_as_pattern=&#8221;without_pattern&#8221; css=&#8221;.vc_custom_1580393488061{margin-bottom: 20px !important;background-position: 0 0 !important;background-repeat: no-repeat !important;}&#8221; z_index=&#8221;&#8221;][vc_column width=&#8221;1\/2&#8243;][vc_column_text] Kosmetik [\/vc_column_text][\/vc_column][vc_column width=&#8221;1\/2&#8243;][vc_separator type=&#8221;normal&#8221; color=&#8221;#29a3d3&#8243;][\/vc_column][\/vc_row][vc_row css_animation=&#8221;&#8221; row_type=&#8221;row&#8221; use_row_as_full_screen_section=&#8221;no&#8221; type=&#8221;grid&#8221; angled_section=&#8221;no&#8221; text_align=&#8221;left&#8221; background_image_as_pattern=&#8221;without_pattern&#8221; z_index=&#8221;&#8221;][vc_column][vc_column_text]Mifar S.r.l. beliefert den Kosmetikmarkt mit Dispercos, einer kosmetischen Pigmentpaste hoher Qualit\u00e4t, dispergiert in l\u00f6slichem&#8230;<\/p>\n","protected":false},"author":7,"featured_media":0,"parent":0,"menu_order":0,"comment_status":"closed","ping_status":"closed","template":"","meta":{"footnotes":""},"class_list":["post-19963","page","type-page","status-publish","hentry"],"_links":{"self":[{"href":"https:\/\/mifar.com\/de\/wp-json\/wp\/v2\/pages\/19963","targetHints":{"allow":["GET"]}}],"collection":[{"href":"https:\/\/mifar.com\/de\/wp-json\/wp\/v2\/pages"}],"about":[{"href":"https:\/\/mifar.com\/de\/wp-json\/wp\/v2\/types\/page"}],"author":[{"embeddable":true,"href":"https:\/\/mifar.com\/de\/wp-json\/wp\/v2\/users\/7"}],"replies":[{"embeddable":true,"href":"https:\/\/mifar.com\/de\/wp-json\/wp\/v2\/comments?post=19963"}],"version-history":[{"count":3,"href":"https:\/\/mifar.com\/de\/wp-json\/wp\/v2\/pages\/19963\/revisions"}],"predecessor-version":[{"id":19966,"href":"https:\/\/mifar.com\/de\/wp-json\/wp\/v2\/pages\/19963\/revisions\/19966"}],"wp:attachment":[{"href":"https:\/\/mifar.com\/de\/wp-json\/wp\/v2\/media?parent=19963"}],"curies":[{"name":"wp","href":"https:\/\/api.w.org\/{rel}","templated":true}]}}