{"id":19968,"date":"2020-01-29T16:00:43","date_gmt":"2020-01-29T16:00:43","guid":{"rendered":"https:\/\/mifar.com\/coating\/"},"modified":"2021-05-24T14:28:11","modified_gmt":"2021-05-24T14:28:11","slug":"coating","status":"publish","type":"page","link":"https:\/\/mifar.com\/de\/coating\/","title":{"rendered":"Coating"},"content":{"rendered":"<div class=\"wpb-content-wrapper\"><p>[vc_row css_animation=&#8221;&#8221; row_type=&#8221;row&#8221; use_row_as_full_screen_section=&#8221;no&#8221; type=&#8221;grid&#8221; angled_section=&#8221;no&#8221; text_align=&#8221;left&#8221; background_image_as_pattern=&#8221;without_pattern&#8221; css=&#8221;.vc_custom_1580393488061{margin-bottom: 20px !important;background-position: 0 0 !important;background-repeat: no-repeat !important;}&#8221; z_index=&#8221;&#8221;][vc_column width=&#8221;1\/2&#8243;][vc_column_text]<\/p>\n<h3>Unsere vielfarbige Produktion<\/h3>\n<p>[\/vc_column_text][\/vc_column][vc_column width=&#8221;1\/2&#8243;][vc_separator type=&#8221;normal&#8221; color=&#8221;#29a3d3&#8243;][\/vc_column][\/vc_row][vc_row css_animation=&#8221;&#8221; row_type=&#8221;row&#8221; use_row_as_full_screen_section=&#8221;no&#8221; type=&#8221;grid&#8221; angled_section=&#8221;no&#8221; text_align=&#8221;left&#8221; background_image_as_pattern=&#8221;without_pattern&#8221; z_index=&#8221;&#8221;][vc_column][vc_column_text]<\/p>\n<p class=\"p1\">Mifar liefert leistungsstarke Pigmentpasten, die besonders gut f\u00fcr den Beschichtungsmarkt geeignet sind. Die Pigmentpasten und Farben sind sowohl als Standardprodukte erh\u00e4ltlich, als auch in kundenspezifischen L\u00f6sungen, die speziell f\u00fcr die verschiedenen Anwendungen entwickelt werden.<\/p>\n<p>[\/vc_column_text][vc_empty_space height=&#8221;50px&#8221;][\/vc_column][\/vc_row][vc_row css_animation=&#8221;&#8221; row_type=&#8221;row&#8221; use_row_as_full_screen_section=&#8221;no&#8221; type=&#8221;grid&#8221; angled_section=&#8221;no&#8221; text_align=&#8221;left&#8221; background_image_as_pattern=&#8221;without_pattern&#8221; z_index=&#8221;&#8221;][vc_column width=&#8221;1\/4&#8243; css=&#8221;.vc_custom_1580392924915{margin-bottom: 10px !important;padding-right: 15px !important;padding-left: 15px !important;}&#8221;][vc_single_image image=&#8221;19969&#8243; img_size=&#8221;full&#8221; qode_css_animation=&#8221;&#8221; css=&#8221;.vc_custom_1580740688239{margin-bottom: -80px !important;}&#8221;][vc_column_text css=&#8221;.vc_custom_1621866171919{padding-top: 30px !important;padding-right: 20px !important;padding-bottom: 20px !important;padding-left: 20px !important;background-color: rgba(60,70,80,0.9) !important;*background-color: rgb(60,70,80) !important;}&#8221; el_class=&#8221;.button-box-category&#8221;]<\/p>\n<p class=\"p1\"><a href=\"#\"><span style=\"color: #ffffff; font-size: 22px;\">Blechdosen<\/span><\/a><\/p>\n<p>[\/vc_column_text][\/vc_column][vc_column width=&#8221;1\/4&#8243; css=&#8221;.vc_custom_1580392929864{margin-bottom: 10px !important;}&#8221;][vc_single_image image=&#8221;19971&#8243; img_size=&#8221;full&#8221; qode_css_animation=&#8221;&#8221; css=&#8221;.vc_custom_1580740709869{margin-bottom: -80px !important;}&#8221;][vc_column_text css=&#8221;.vc_custom_1621866186094{padding-top: 30px !important;padding-right: 20px !important;padding-bottom: 20px !important;padding-left: 20px !important;background-color: rgba(60,70,80,0.9) !important;*background-color: rgb(60,70,80) !important;}&#8221; el_class=&#8221;.button-box-category&#8221;]<\/p>\n<p class=\"p1\"><a href=\"#\"><span style=\"color: #ffffff; font-size: 22px;\">Coils<\/span><\/a><\/p>\n<p>[\/vc_column_text][\/vc_column][vc_column width=&#8221;1\/4&#8243; css=&#8221;.vc_custom_1580392936431{margin-bottom: 15px !important;}&#8221;][vc_single_image image=&#8221;19972&#8243; img_size=&#8221;full&#8221; qode_css_animation=&#8221;&#8221; css=&#8221;.vc_custom_1580740720273{margin-bottom: -80px !important;}&#8221;][vc_column_text css=&#8221;.vc_custom_1621866206270{padding-top: 30px !important;padding-right: 20px !important;padding-bottom: 20px !important;padding-left: 20px !important;background-color: rgba(60,70,80,0.9) !important;*background-color: rgb(60,70,80) !important;}&#8221; el_class=&#8221;.button-box-category&#8221;]<\/p>\n<p class=\"p1\"><a href=\"#\"><span style=\"color: #ffffff; font-size: 22px;\">Automotive<\/span><\/a><\/p>\n<p>[\/vc_column_text][\/vc_column][vc_column width=&#8221;1\/4&#8243;][vc_single_image image=&#8221;19973&#8243; img_size=&#8221;full&#8221; qode_css_animation=&#8221;&#8221; css=&#8221;.vc_custom_1580740760279{margin-bottom: -80px !important;}&#8221;][vc_column_text css=&#8221;.vc_custom_1621866218127{padding-top: 30px !important;padding-right: 20px !important;padding-bottom: 20px !important;padding-left: 20px !important;background-color: rgba(60,70,80,0.9) !important;*background-color: rgb(60,70,80) !important;}&#8221; el_class=&#8221;.button-box-category&#8221;]<\/p>\n<p class=\"p1\"><a href=\"#\"><span style=\"color: #ffffff; font-size: 22px;\">Holzlacke<\/span><\/a><\/p>\n<p>[\/vc_column_text][\/vc_column][\/vc_row][vc_row css_animation=&#8221;&#8221; row_type=&#8221;row&#8221; use_row_as_full_screen_section=&#8221;no&#8221; type=&#8221;grid&#8221; angled_section=&#8221;no&#8221; text_align=&#8221;left&#8221; background_image_as_pattern=&#8221;without_pattern&#8221; z_index=&#8221;&#8221;][vc_column width=&#8221;1\/4&#8243;][vc_column_text]<\/p>\n<p class=\"p1\">Zubereitungen aus Pigmenten hoher Qualit\u00e4t in Harz, die speziell daf\u00fcr ausgew\u00e4hlt wurden, eine hervorragende Kompatibilit\u00e4t mit den wichtigsten Polyestersystemen zu garantieren. Durch die herausragende Dispergierung eignen sie sich f\u00fcr Herstellung vordefinierter Farbmengen, um die Best\u00e4nde zu reduzieren und die Produktionszeiten zu verk\u00fcrzen.<\/p>\n<p>[\/vc_column_text][vc_separator type=&#8221;normal&#8221; color=&#8221;#29a3d3&#8243;][\/vc_column][vc_column width=&#8221;1\/4&#8243;][vc_column_text]<\/p>\n<p class=\"p1\">Gebrauchsfertige Zubereitungen aus Pigmenten hoher Qualit\u00e4t in Harz. Die Pigmentpasten sind in einer breiten Farbpalette mit hoher Farbechtheit und sehr geringer Retention erh\u00e4ltlich und garantieren f\u00fcr konstante und wiederholbare Qualit\u00e4t der Chargen, Stabilit\u00e4t bei der Lagerung, eine optimale Haftung und Flexibilit\u00e4t und eine gute Wetterbest\u00e4ndigkeit und Oberfl\u00e4chenh\u00e4rte.<\/p>\n<p>[\/vc_column_text][vc_separator type=&#8221;normal&#8221; color=&#8221;#29a3d3&#8243;][\/vc_column][vc_column width=&#8221;1\/4&#8243;][vc_column_text]<\/p>\n<p class=\"p1\">Die CAB-Pigmentpasten sind f\u00fcr Aluminiumteile und Aluminiumbleche, Edelstahl, Chrom, Messing, Silber und Zinn formuliert, um die Metalloberfl\u00e4che zu sch\u00fctzen und ihren Glanz zu erhalten. F\u00fcr Beschichtungen hoher Qualit\u00e4t eignen sich Carbon-Black Pasten mit hoher Farbtiefe.<\/p>\n<p>[\/vc_column_text][vc_separator type=&#8221;normal&#8221; color=&#8221;#29a3d3&#8243;][\/vc_column][vc_column width=&#8221;1\/4&#8243;][vc_column_text]<\/p>\n<p class=\"p1\">Spezifische Serie mit Pigmentpasten mit Dispergierung in Nitrocellulose f\u00fcr Beschichtungsanwendungen mit hohem Glycol- und Alkoholgehalt. F\u00fcr die spezifische Formulierung von Holzlacken steht eine spezielle leistungsstarke Serie in Carbon-Black mit hoher Farbtiefe in Verbindung mit transparenten Eisenoxiden zur Verf\u00fcgung.<\/p>\n<p>[\/vc_column_text][vc_separator type=&#8221;normal&#8221; color=&#8221;#29a3d3&#8243;][\/vc_column][\/vc_row][vc_row css_animation=&#8221;&#8221; row_type=&#8221;row&#8221; use_row_as_full_screen_section=&#8221;no&#8221; type=&#8221;grid&#8221; angled_section=&#8221;no&#8221; text_align=&#8221;left&#8221; background_image_as_pattern=&#8221;without_pattern&#8221; z_index=&#8221;&#8221;][vc_column][vc_empty_space height=&#8221;70px&#8221;][\/vc_column][\/vc_row][vc_row css_animation=&#8221;&#8221; row_type=&#8221;row&#8221; use_row_as_full_screen_section=&#8221;no&#8221; type=&#8221;full_width&#8221; angled_section=&#8221;no&#8221; text_align=&#8221;left&#8221; background_image_as_pattern=&#8221;without_pattern&#8221;][vc_column][vc_column_text]<\/p>\n<p>&nbsp;<\/p>\n<p>[\/vc_column_text][\/vc_column][\/vc_row][vc_row css_animation=&#8221;&#8221; row_type=&#8221;row&#8221; use_row_as_full_screen_section=&#8221;no&#8221; type=&#8221;grid&#8221; angled_section=&#8221;no&#8221; text_align=&#8221;left&#8221; background_image_as_pattern=&#8221;without_pattern&#8221; css=&#8221;.vc_custom_1580393488061{margin-bottom: 20px !important;background-position: 0 0 !important;background-repeat: no-repeat !important;}&#8221; z_index=&#8221;&#8221;][vc_column width=&#8221;1\/4&#8243;][vc_column_text]<\/p>\n<h3>Produktpalette<\/h3>\n<div id=\"gtx-trans\" style=\"position: absolute; left: -39px; top: 43.7188px;\">\n<div class=\"gtx-trans-icon\"><\/div>\n<\/div>\n<p>[\/vc_column_text][\/vc_column][vc_column width=&#8221;3\/4&#8243;][vc_separator type=&#8221;normal&#8221; color=&#8221;#29a3d3&#8243;][\/vc_column][\/vc_row][vc_row css_animation=&#8221;&#8221; row_type=&#8221;row&#8221; use_row_as_full_screen_section=&#8221;no&#8221; type=&#8221;grid&#8221; angled_section=&#8221;no&#8221; text_align=&#8221;left&#8221; background_image_as_pattern=&#8221;without_pattern&#8221; z_index=&#8221;&#8221;][vc_column][vc_empty_space height=&#8221;40px&#8221;][\/vc_column][\/vc_row][vc_row css_animation=&#8221;&#8221; row_type=&#8221;row&#8221; use_row_as_full_screen_section=&#8221;yes&#8221; type=&#8221;grid&#8221; angled_section=&#8221;no&#8221; text_align=&#8221;left&#8221; background_image_as_pattern=&#8221;without_pattern&#8221; css=&#8221;.vc_custom_1580399677552{padding-top: 5px !important;padding-bottom: 5px !important;background-position: 0 0 !important;background-repeat: no-repeat !important;}&#8221; z_index=&#8221;&#8221;][vc_column][vc_column_text]<\/p>\n<p class=\"p1\"><span style=\"color: #29a3d3; font-size: 18px;\"><strong>Dispercel NC<\/strong><\/span><\/p>\n<p>[\/vc_column_text][vc_column_text css=&#8221;.vc_custom_1621866314146{padding-bottom: 10px !important;}&#8221;]<\/p>\n<p class=\"p1\">Hochkonzentrierte Pigmentpaste mit Dispergierung in Nitrocellulose-Harz auf Alkoholbasis. Diese Serie eignet sich insbesondere f\u00fcr Druckfarben f\u00fcr den Flexodruck und den Rotationstiefdruck auf Aluminium und zahlreichen Plastikfolien. Vielseitig einsetzbar auch f\u00fcr Holzlacke, Beschichtungen und Anwendungen in der Kosmetikindustrie.<\/p>\n<p>[\/vc_column_text][vc_separator type=&#8221;normal&#8221; color=&#8221;#29a3d3&#8243;][\/vc_column][\/vc_row][vc_row css_animation=&#8221;&#8221; row_type=&#8221;row&#8221; use_row_as_full_screen_section=&#8221;yes&#8221; type=&#8221;grid&#8221; angled_section=&#8221;no&#8221; text_align=&#8221;left&#8221; background_image_as_pattern=&#8221;without_pattern&#8221; css=&#8221;.vc_custom_1580399677552{padding-top: 5px !important;padding-bottom: 5px !important;background-position: 0 0 !important;background-repeat: no-repeat !important;}&#8221; z_index=&#8221;&#8221;][vc_column][vc_column_text]<\/p>\n<p class=\"p1\"><span style=\"color: #29a3d3; font-size: 18px;\"><strong>Dispercel NCE<\/strong><\/span><\/p>\n<p>[\/vc_column_text][vc_column_text css=&#8221;.vc_custom_1621866339100{padding-bottom: 10px !important;}&#8221;]<\/p>\n<p class=\"p1\">Hochkonzentrierte Pigmentpaste mit Dispergierung in Nitrocellulose-Harz auf Esterbasis. Diese Serie eignet sich insbesondere f\u00fcr Lacke, Farben mit unterschiedlicher chemischer Zusammensetzung, Fahrzeugreparaturen, Holzlacke und Lederoberfl\u00e4chen.<\/p>\n<p>[\/vc_column_text][vc_separator type=&#8221;normal&#8221; color=&#8221;#29a3d3&#8243;][\/vc_column][\/vc_row][vc_row css_animation=&#8221;&#8221; row_type=&#8221;row&#8221; use_row_as_full_screen_section=&#8221;yes&#8221; type=&#8221;grid&#8221; angled_section=&#8221;no&#8221; text_align=&#8221;left&#8221; background_image_as_pattern=&#8221;without_pattern&#8221; css=&#8221;.vc_custom_1580399677552{padding-top: 5px !important;padding-bottom: 5px !important;background-position: 0 0 !important;background-repeat: no-repeat !important;}&#8221; z_index=&#8221;&#8221;][vc_column][vc_column_text]<\/p>\n<p class=\"p1\"><span style=\"color: #29a3d3; font-size: 18px;\"><strong>Dispercab CB<\/strong><\/span><\/p>\n<p>[\/vc_column_text][vc_column_text css=&#8221;.vc_custom_1621866354973{padding-bottom: 10px !important;}&#8221;]Serie mit Pigmentpasten mit Dispergierung in Celluloseacetatbutyrat (CAB), die sich insbesondere f\u00fcr Druckfarben f\u00fcr den Rotationstiefdruck und den Flexodruck, Siebdruckfarben, Holzoberfl\u00e4chen, Fahrzeugoberfl\u00e4chen, Gummi- und Kunststoffbeschichtungen, Stoff- und Lederbehandlungen oder f\u00fcr Nagellacke eignen.[\/vc_column_text][vc_separator type=&#8221;normal&#8221; color=&#8221;#29a3d3&#8243;][\/vc_column][\/vc_row][vc_row css_animation=&#8221;&#8221; row_type=&#8221;row&#8221; use_row_as_full_screen_section=&#8221;yes&#8221; type=&#8221;grid&#8221; angled_section=&#8221;no&#8221; text_align=&#8221;left&#8221; background_image_as_pattern=&#8221;without_pattern&#8221; css=&#8221;.vc_custom_1580399677552{padding-top: 5px !important;padding-bottom: 5px !important;background-position: 0 0 !important;background-repeat: no-repeat !important;}&#8221; z_index=&#8221;&#8221;][vc_column][vc_column_text]<\/p>\n<p class=\"p1\"><span style=\"color: #29a3d3; font-size: 18px;\"><strong>Dispercap AP<\/strong><\/span><\/p>\n<div id=\"gtx-trans\" style=\"position: absolute; left: 124px; top: 41px;\">\n<div class=\"gtx-trans-icon\"><\/div>\n<\/div>\n<p>[\/vc_column_text][vc_column_text css=&#8221;.vc_custom_1621866370628{padding-bottom: 10px !important;}&#8221;]Leistungsstarke Pigmentpasten mit Dispergierung in Celluloseacetatproprionat (CAP), die sich insbesondere f\u00fcr Druckfarben f\u00fcr den Rotationstiefdruck und den Flexodruck, Aluminium und verschiedene Plastikfolien, Farben f\u00fcr das \u00dcberdrucken, Kunststoffbeschichtungen und Holzfarben eignen.[\/vc_column_text][vc_separator type=&#8221;normal&#8221; color=&#8221;#29a3d3&#8243;][\/vc_column][\/vc_row][vc_row css_animation=&#8221;&#8221; row_type=&#8221;row&#8221; use_row_as_full_screen_section=&#8221;yes&#8221; type=&#8221;grid&#8221; angled_section=&#8221;no&#8221; text_align=&#8221;left&#8221; background_image_as_pattern=&#8221;without_pattern&#8221; css=&#8221;.vc_custom_1580399677552{padding-top: 5px !important;padding-bottom: 5px !important;background-position: 0 0 !important;background-repeat: no-repeat !important;}&#8221; z_index=&#8221;&#8221;][vc_column][vc_column_text]<\/p>\n<p class=\"p1\"><span style=\"color: #29a3d3; font-size: 18px;\"><strong>Dispervyn VB<\/strong><\/span><\/p>\n<div id=\"gtx-trans\" style=\"position: absolute; left: 113px; top: 41px;\">\n<div class=\"gtx-trans-icon\"><\/div>\n<\/div>\n<p>[\/vc_column_text][vc_column_text css=&#8221;.vc_custom_1621866382814{padding-bottom: 10px !important;}&#8221;]<\/p>\n<p class=\"p1\">Pigmentpasten mit Dispergierung in PVB-Harz (Polyvinylbutyral) hoher Qualit\u00e4t mit geringer Viskosit\u00e4t. Diese Pigmentpasten sind besonders gut geeignet f\u00fcr die Herstellung von Whiteboard-Markern und Druckfarben und zeichnen sich durch ein schnelles Trocknen, eine gute Viskosit\u00e4t und eine hohe Stabilit\u00e4t der Pigmentanordnung aus. Lieferbar in einer Vielzahl verschiedener Farbzahlen.<\/p>\n<p>[\/vc_column_text][vc_separator type=&#8221;normal&#8221; color=&#8221;#29a3d3&#8243;][\/vc_column][\/vc_row][vc_row css_animation=&#8221;&#8221; row_type=&#8221;row&#8221; use_row_as_full_screen_section=&#8221;yes&#8221; type=&#8221;grid&#8221; angled_section=&#8221;no&#8221; text_align=&#8221;left&#8221; background_image_as_pattern=&#8221;without_pattern&#8221; css=&#8221;.vc_custom_1580399677552{padding-top: 5px !important;padding-bottom: 5px !important;background-position: 0 0 !important;background-repeat: no-repeat !important;}&#8221; z_index=&#8221;&#8221;][vc_column][vc_column_text]<\/p>\n<p class=\"p1\"><span style=\"color: #29a3d3; font-size: 18px;\"><strong>Disperlit AW<\/strong><\/span><\/p>\n<div id=\"gtx-trans\" style=\"position: absolute; left: 56px; top: 41px;\">\n<div class=\"gtx-trans-icon\"><\/div>\n<\/div>\n<p>[\/vc_column_text][vc_column_text css=&#8221;.vc_custom_1621866410590{padding-bottom: 10px !important;}&#8221;]Leistungsstarke Pigmentpasten mit Dispergierung in Acrylharz, l\u00f6slich in alkalischem Wasser und Alkohol.<br \/>\nBesonders gut geeignet f\u00fcr Druckfarben f\u00fcr den Druck mit hoher Qualit\u00e4t, f\u00fcr das Beschichten von Aluminiumblechen und f\u00fcr das Lackieren von Holz oder f\u00fcr andere w\u00e4ssrige Systeme.[\/vc_column_text][vc_separator type=&#8221;normal&#8221; color=&#8221;#29a3d3&#8243;][\/vc_column][\/vc_row][vc_row css_animation=&#8221;&#8221; row_type=&#8221;row&#8221; use_row_as_full_screen_section=&#8221;yes&#8221; type=&#8221;grid&#8221; angled_section=&#8221;no&#8221; text_align=&#8221;left&#8221; background_image_as_pattern=&#8221;without_pattern&#8221; css=&#8221;.vc_custom_1580399677552{padding-top: 5px !important;padding-bottom: 5px !important;background-position: 0 0 !important;background-repeat: no-repeat !important;}&#8221; z_index=&#8221;&#8221;][vc_column][vc_column_text]<\/p>\n<p class=\"p1\"><span style=\"color: #29a3d3; font-size: 18px;\"><strong>Disperlit EC<\/strong><\/span><\/p>\n<div id=\"gtx-trans\" style=\"position: absolute; left: -114px; top: -9px;\">\n<div class=\"gtx-trans-icon\"><\/div>\n<\/div>\n<p>[\/vc_column_text][vc_column_text css=&#8221;.vc_custom_1621866427177{padding-bottom: 10px !important;}&#8221;]Leistungsstarke Pigmentpasten mit Dispergierung in Ethylcellulosepolymeren. Besonders geeignet f\u00fcr Druckfarben f\u00fcr den Druck mit hoher Qualit\u00e4t und f\u00fcr Holzfarben.[\/vc_column_text][vc_separator type=&#8221;normal&#8221; color=&#8221;#29a3d3&#8243;][\/vc_column][\/vc_row][vc_row css_animation=&#8221;&#8221; row_type=&#8221;row&#8221; use_row_as_full_screen_section=&#8221;yes&#8221; type=&#8221;grid&#8221; angled_section=&#8221;no&#8221; text_align=&#8221;left&#8221; background_image_as_pattern=&#8221;without_pattern&#8221; css=&#8221;.vc_custom_1580399677552{padding-top: 5px !important;padding-bottom: 5px !important;background-position: 0 0 !important;background-repeat: no-repeat !important;}&#8221; z_index=&#8221;&#8221;][vc_column][vc_column_text]<\/p>\n<p class=\"p1\"><span style=\"color: #29a3d3; font-size: 18px;\"><strong> DisperJet AW<\/strong><\/span><\/p>\n<div id=\"gtx-trans\" style=\"position: absolute; left: 121px; top: -9px;\">\n<div class=\"gtx-trans-icon\"><\/div>\n<\/div>\n<p>[\/vc_column_text][vc_column_text css=&#8221;.vc_custom_1621866442574{padding-bottom: 10px !important;}&#8221;]<\/p>\n<p class=\"p1\">Leistungsstarke Pigmentpasten mit Dispergierung in wasserl\u00f6slichen Acrylharzen f\u00fcr den digitalen Druck und Anwendungen auf Holz.<\/p>\n<p>[\/vc_column_text][vc_separator type=&#8221;normal&#8221; color=&#8221;#29a3d3&#8243;][\/vc_column][\/vc_row][vc_row css_animation=&#8221;&#8221; row_type=&#8221;row&#8221; use_row_as_full_screen_section=&#8221;yes&#8221; type=&#8221;grid&#8221; angled_section=&#8221;no&#8221; text_align=&#8221;left&#8221; background_image_as_pattern=&#8221;without_pattern&#8221; css=&#8221;.vc_custom_1580399677552{padding-top: 5px !important;padding-bottom: 5px !important;background-position: 0 0 !important;background-repeat: no-repeat !important;}&#8221; z_index=&#8221;&#8221;][vc_column][vc_column_text]<\/p>\n<p class=\"p1\"><span style=\"color: #29a3d3; font-size: 18px;\"><strong> Dispercan <\/strong><\/span><\/p>\n<div id=\"gtx-trans\" style=\"position: absolute; left: 121px; top: -9px;\">\n<div class=\"gtx-trans-icon\"><\/div>\n<\/div>\n<p>[\/vc_column_text][vc_column_text css=&#8221;.vc_custom_1621866458214{padding-bottom: 10px !important;}&#8221;]Hochwertiges Pigment in speziell ausgew\u00e4hltem Harz, das f\u00fcr eine optimale Kompatibilit\u00e4t mit den traditionellen Druckverfahren auf Blechdosen garantiert.[\/vc_column_text][vc_separator type=&#8221;normal&#8221; color=&#8221;#29a3d3&#8243;][\/vc_column][\/vc_row][vc_row css_animation=&#8221;&#8221; row_type=&#8221;row&#8221; use_row_as_full_screen_section=&#8221;yes&#8221; type=&#8221;grid&#8221; angled_section=&#8221;no&#8221; text_align=&#8221;left&#8221; background_image_as_pattern=&#8221;without_pattern&#8221; css=&#8221;.vc_custom_1580399677552{padding-top: 5px !important;padding-bottom: 5px !important;background-position: 0 0 !important;background-repeat: no-repeat !important;}&#8221; z_index=&#8221;&#8221;][vc_column][vc_column_text]<\/p>\n<p class=\"p1\"><span style=\"color: #29a3d3; font-size: 18px;\"><strong> Hacolor <\/strong><\/span><\/p>\n<div id=\"gtx-trans\" style=\"position: absolute; left: 121px; top: -9px;\">\n<div class=\"gtx-trans-icon\"><\/div>\n<\/div>\n<p>[\/vc_column_text][vc_column_text css=&#8221;.vc_custom_1621866473664{padding-bottom: 10px !important;}&#8221;]<\/p>\n<p class=\"p1\">Hochwertige Pigmentpasten mit Dispergierung in verschiedenen Harztypen f\u00fcr die Automobilindustrie und das Segment der flexiblen Verpackungen.<\/p>\n<p>[\/vc_column_text][vc_separator type=&#8221;normal&#8221; color=&#8221;#29a3d3&#8243;][\/vc_column][\/vc_row][vc_row css_animation=&#8221;&#8221; row_type=&#8221;row&#8221; use_row_as_full_screen_section=&#8221;yes&#8221; type=&#8221;grid&#8221; angled_section=&#8221;no&#8221; text_align=&#8221;left&#8221; background_image_as_pattern=&#8221;without_pattern&#8221; css=&#8221;.vc_custom_1580399677552{padding-top: 5px !important;padding-bottom: 5px !important;background-position: 0 0 !important;background-repeat: no-repeat !important;}&#8221; z_index=&#8221;&#8221;][vc_column][vc_column_text]<\/p>\n<p class=\"p1\"><span style=\"color: #29a3d3; font-size: 18px;\"><strong> Dispercoil <\/strong><\/span><\/p>\n<div id=\"gtx-trans\" style=\"position: absolute; left: 121px; top: -9px;\">\n<div class=\"gtx-trans-icon\"><\/div>\n<\/div>\n<p>[\/vc_column_text][vc_column_text css=&#8221;.vc_custom_1621866484657{padding-bottom: 10px !important;}&#8221;]Hochwertige Pigmentpasten, die speziell daf\u00fcr ausgew\u00e4hlt wurden, f\u00fcr eine optimale Kompatibilit\u00e4t mit den wichtigsten Polyestersystemen f\u00fcr Coils zu garantieren.[\/vc_column_text][vc_separator type=&#8221;normal&#8221; color=&#8221;#29a3d3&#8243;][\/vc_column][\/vc_row][vc_row css_animation=&#8221;&#8221; row_type=&#8221;row&#8221; use_row_as_full_screen_section=&#8221;no&#8221; type=&#8221;grid&#8221; angled_section=&#8221;no&#8221; text_align=&#8221;left&#8221; background_image_as_pattern=&#8221;without_pattern&#8221; z_index=&#8221;&#8221;][vc_column][vc_empty_space height=&#8221;70px&#8221;][\/vc_column][\/vc_row]<\/p>\n<\/div>","protected":false},"excerpt":{"rendered":"<p>[vc_row css_animation=&#8221;&#8221; row_type=&#8221;row&#8221; use_row_as_full_screen_section=&#8221;no&#8221; type=&#8221;grid&#8221; angled_section=&#8221;no&#8221; text_align=&#8221;left&#8221; background_image_as_pattern=&#8221;without_pattern&#8221; css=&#8221;.vc_custom_1580393488061{margin-bottom: 20px !important;background-position: 0 0 !important;background-repeat: no-repeat !important;}&#8221; z_index=&#8221;&#8221;][vc_column width=&#8221;1\/2&#8243;][vc_column_text] Unsere vielfarbige Produktion [\/vc_column_text][\/vc_column][vc_column width=&#8221;1\/2&#8243;][vc_separator type=&#8221;normal&#8221; color=&#8221;#29a3d3&#8243;][\/vc_column][\/vc_row][vc_row css_animation=&#8221;&#8221; row_type=&#8221;row&#8221; use_row_as_full_screen_section=&#8221;no&#8221; type=&#8221;grid&#8221; angled_section=&#8221;no&#8221; text_align=&#8221;left&#8221; background_image_as_pattern=&#8221;without_pattern&#8221; z_index=&#8221;&#8221;][vc_column][vc_column_text] Mifar liefert leistungsstarke Pigmentpasten, die besonders gut f\u00fcr den Beschichtungsmarkt geeignet sind&#8230;.<\/p>\n","protected":false},"author":7,"featured_media":0,"parent":0,"menu_order":0,"comment_status":"closed","ping_status":"closed","template":"","meta":{"footnotes":""},"class_list":["post-19968","page","type-page","status-publish","hentry"],"_links":{"self":[{"href":"https:\/\/mifar.com\/de\/wp-json\/wp\/v2\/pages\/19968","targetHints":{"allow":["GET"]}}],"collection":[{"href":"https:\/\/mifar.com\/de\/wp-json\/wp\/v2\/pages"}],"about":[{"href":"https:\/\/mifar.com\/de\/wp-json\/wp\/v2\/types\/page"}],"author":[{"embeddable":true,"href":"https:\/\/mifar.com\/de\/wp-json\/wp\/v2\/users\/7"}],"replies":[{"embeddable":true,"href":"https:\/\/mifar.com\/de\/wp-json\/wp\/v2\/comments?post=19968"}],"version-history":[{"count":4,"href":"https:\/\/mifar.com\/de\/wp-json\/wp\/v2\/pages\/19968\/revisions"}],"predecessor-version":[{"id":19975,"href":"https:\/\/mifar.com\/de\/wp-json\/wp\/v2\/pages\/19968\/revisions\/19975"}],"wp:attachment":[{"href":"https:\/\/mifar.com\/de\/wp-json\/wp\/v2\/media?parent=19968"}],"curies":[{"name":"wp","href":"https:\/\/api.w.org\/{rel}","templated":true}]}}