{"id":19978,"date":"2020-04-13T15:50:19","date_gmt":"2020-04-13T15:50:19","guid":{"rendered":"https:\/\/mifar.com\/marker-inks\/"},"modified":"2021-05-24T14:31:19","modified_gmt":"2021-05-24T14:31:19","slug":"marker-inks","status":"publish","type":"page","link":"https:\/\/mifar.com\/de\/marker-inks\/","title":{"rendered":"Tinten f\u00fcr Marker"},"content":{"rendered":"<div class=\"wpb-content-wrapper\"><p>[vc_row css_animation=&#8221;&#8221; row_type=&#8221;row&#8221; use_row_as_full_screen_section=&#8221;no&#8221; type=&#8221;grid&#8221; angled_section=&#8221;no&#8221; text_align=&#8221;left&#8221; background_image_as_pattern=&#8221;without_pattern&#8221; css=&#8221;.vc_custom_1580393488061{margin-bottom: 20px !important;background-position: 0 0 !important;background-repeat: no-repeat !important;}&#8221; z_index=&#8221;&#8221;][vc_column width=&#8221;1\/2&#8243;][vc_column_text]<\/p>\n<h3>Tinten f\u00fcr Marker<\/h3>\n<p>[\/vc_column_text][\/vc_column][vc_column width=&#8221;1\/2&#8243;][vc_separator type=&#8221;normal&#8221; color=&#8221;#29a3d3&#8243;][\/vc_column][\/vc_row][vc_row css_animation=&#8221;&#8221; row_type=&#8221;row&#8221; use_row_as_full_screen_section=&#8221;no&#8221; type=&#8221;grid&#8221; angled_section=&#8221;no&#8221; text_align=&#8221;left&#8221; background_image_as_pattern=&#8221;without_pattern&#8221; z_index=&#8221;&#8221;][vc_column][vc_column_text]Mifar geh\u00f6rt zu den wenigen Herstellern von Pigmentpasten (&#8220;Farbchips&#8221;) weltweit, der sich auf diese Marktnische spezialisiert hat. Das Unternehmen hat sich im Laufe der Jahre ein umfangreiches Fachwissen angeeignet und liefert Produkte hoher Qualit\u00e4t, insbesondere f\u00fcr Whiteboard-Marker. Pigmentpasten und Farben sind als Standardprodukte erh\u00e4ltlich oder k\u00f6nnen kundenspezifisch an die Anforderungen des Kunden angepasst werden.[\/vc_column_text][vc_empty_space height=&#8221;50px&#8221;][\/vc_column][\/vc_row][vc_row css_animation=&#8221;&#8221; row_type=&#8221;row&#8221; use_row_as_full_screen_section=&#8221;no&#8221; type=&#8221;grid&#8221; angled_section=&#8221;no&#8221; text_align=&#8221;left&#8221; background_image_as_pattern=&#8221;without_pattern&#8221; css=&#8221;.vc_custom_1591973834305{margin-bottom: 40px !important;background-position: 0 0 !important;background-repeat: no-repeat !important;}&#8221; z_index=&#8221;&#8221;][vc_column width=&#8221;1\/4&#8243;][vc_column_text]<\/p>\n<h3>Produktpalette<\/h3>\n<p>[\/vc_column_text][\/vc_column][vc_column width=&#8221;3\/4&#8243;][vc_separator type=&#8221;normal&#8221; color=&#8221;#29a3d3&#8243;][\/vc_column][\/vc_row][vc_row css_animation=&#8221;&#8221; row_type=&#8221;row&#8221; use_row_as_full_screen_section=&#8221;yes&#8221; type=&#8221;grid&#8221; angled_section=&#8221;no&#8221; text_align=&#8221;left&#8221; background_image_as_pattern=&#8221;without_pattern&#8221; css=&#8221;.vc_custom_1580399677552{padding-top: 5px !important;padding-bottom: 5px !important;background-position: 0 0 !important;background-repeat: no-repeat !important;}&#8221; z_index=&#8221;&#8221;][vc_column][vc_column_text]<\/p>\n<p class=\"p1\"><span style=\"color: #29a3d3; font-size: 18px;\"><strong>Dispervyn VB<\/strong><\/span><\/p>\n<div id=\"gtx-trans\" style=\"position: absolute; left: 113px; top: 41px;\">\n<div class=\"gtx-trans-icon\"><\/div>\n<\/div>\n<p>[\/vc_column_text][vc_column_text css=&#8221;.vc_custom_1621866674696{padding-bottom: 10px !important;}&#8221;]<\/p>\n<p class=\"p1\">Pigmentpasten mit Dispergierung in PVB-Harz (Polyvinylbutyral) hoher Qualit\u00e4t mit geringer Viskosit\u00e4t. Diese Pigmentpasten sind besonders gut geeignet f\u00fcr die Herstellung von Whiteboard-Markern und Druckfarben und zeichnen sich durch ein schnelles Trocknen, eine gute Viskosit\u00e4t und eine hohe Stabilit\u00e4t der Pigmentanordnung aus. Lieferbar in einer Vielzahl verschiedener Farbzahlen.<\/p>\n<p>[\/vc_column_text][vc_separator type=&#8221;normal&#8221; color=&#8221;#29a3d3&#8243;][\/vc_column][\/vc_row][vc_row css_animation=&#8221;&#8221; row_type=&#8221;row&#8221; use_row_as_full_screen_section=&#8221;no&#8221; type=&#8221;full_width&#8221; angled_section=&#8221;no&#8221; text_align=&#8221;left&#8221; background_image_as_pattern=&#8221;without_pattern&#8221;][vc_column][vc_empty_space height=&#8221;50px&#8221;][\/vc_column][\/vc_row]<\/p>\n<\/div>","protected":false},"excerpt":{"rendered":"<p>[vc_row css_animation=&#8221;&#8221; row_type=&#8221;row&#8221; use_row_as_full_screen_section=&#8221;no&#8221; type=&#8221;grid&#8221; angled_section=&#8221;no&#8221; text_align=&#8221;left&#8221; background_image_as_pattern=&#8221;without_pattern&#8221; css=&#8221;.vc_custom_1580393488061{margin-bottom: 20px !important;background-position: 0 0 !important;background-repeat: no-repeat !important;}&#8221; z_index=&#8221;&#8221;][vc_column width=&#8221;1\/2&#8243;][vc_column_text] Tinten f\u00fcr Marker [\/vc_column_text][\/vc_column][vc_column width=&#8221;1\/2&#8243;][vc_separator type=&#8221;normal&#8221; color=&#8221;#29a3d3&#8243;][\/vc_column][\/vc_row][vc_row css_animation=&#8221;&#8221; row_type=&#8221;row&#8221; use_row_as_full_screen_section=&#8221;no&#8221; type=&#8221;grid&#8221; angled_section=&#8221;no&#8221; text_align=&#8221;left&#8221; background_image_as_pattern=&#8221;without_pattern&#8221; z_index=&#8221;&#8221;][vc_column][vc_column_text]Mifar geh\u00f6rt zu den wenigen Herstellern von Pigmentpasten (&#8220;Farbchips&#8221;) weltweit, der sich auf&#8230;<\/p>\n","protected":false},"author":7,"featured_media":0,"parent":0,"menu_order":0,"comment_status":"closed","ping_status":"closed","template":"","meta":{"footnotes":""},"class_list":["post-19978","page","type-page","status-publish","hentry"],"_links":{"self":[{"href":"https:\/\/mifar.com\/de\/wp-json\/wp\/v2\/pages\/19978","targetHints":{"allow":["GET"]}}],"collection":[{"href":"https:\/\/mifar.com\/de\/wp-json\/wp\/v2\/pages"}],"about":[{"href":"https:\/\/mifar.com\/de\/wp-json\/wp\/v2\/types\/page"}],"author":[{"embeddable":true,"href":"https:\/\/mifar.com\/de\/wp-json\/wp\/v2\/users\/7"}],"replies":[{"embeddable":true,"href":"https:\/\/mifar.com\/de\/wp-json\/wp\/v2\/comments?post=19978"}],"version-history":[{"count":2,"href":"https:\/\/mifar.com\/de\/wp-json\/wp\/v2\/pages\/19978\/revisions"}],"predecessor-version":[{"id":19980,"href":"https:\/\/mifar.com\/de\/wp-json\/wp\/v2\/pages\/19978\/revisions\/19980"}],"wp:attachment":[{"href":"https:\/\/mifar.com\/de\/wp-json\/wp\/v2\/media?parent=19978"}],"curies":[{"name":"wp","href":"https:\/\/api.w.org\/{rel}","templated":true}]}}