{"id":19982,"date":"2020-04-13T15:47:36","date_gmt":"2020-04-13T15:47:36","guid":{"rendered":"https:\/\/mifar.com\/finishing\/"},"modified":"2021-05-24T14:35:21","modified_gmt":"2021-05-24T14:35:21","slug":"finishing","status":"publish","type":"page","link":"https:\/\/mifar.com\/de\/finishing\/","title":{"rendered":"Finishing"},"content":{"rendered":"<div class=\"wpb-content-wrapper\"><p>[vc_row css_animation=&#8221;&#8221; row_type=&#8221;row&#8221; use_row_as_full_screen_section=&#8221;no&#8221; type=&#8221;grid&#8221; angled_section=&#8221;no&#8221; text_align=&#8221;left&#8221; background_image_as_pattern=&#8221;without_pattern&#8221; css=&#8221;.vc_custom_1580393488061{margin-bottom: 20px !important;background-position: 0 0 !important;background-repeat: no-repeat !important;}&#8221; z_index=&#8221;&#8221;][vc_column width=&#8221;1\/2&#8243;][vc_column_text]<\/p>\n<h3>Finishing<\/h3>\n<p>[\/vc_column_text][\/vc_column][vc_column width=&#8221;1\/2&#8243;][vc_separator type=&#8221;normal&#8221; color=&#8221;#29a3d3&#8243;][\/vc_column][\/vc_row][vc_row css_animation=&#8221;&#8221; row_type=&#8221;row&#8221; use_row_as_full_screen_section=&#8221;no&#8221; type=&#8221;grid&#8221; angled_section=&#8221;no&#8221; text_align=&#8221;left&#8221; background_image_as_pattern=&#8221;without_pattern&#8221; z_index=&#8221;&#8221;][vc_column][vc_column_text]Es gibt zwei Serien mit Pigmentpasten auf der Basis von Nitrocellulose oder Vinylharzen, die sich insbesondere f\u00fcr die Herstellung von Pasten und Lacken f\u00fcr das F\u00e4rben von Polyurethan-, Polystyrol- und ABS-Systemen eignen.<\/p>\n<p>Alle Rohstoffe werden sorgf\u00e4ltig ausgew\u00e4hlt und bieten einen hohen Dispergierungsgrad, eine optimale Farbkraft und Farbst\u00e4rke.<\/p>\n<p>Die sorgf\u00e4ltige Auswahl der Pigmente, die von den wichtigsten internationalen Lieferanten stammen, garantiert f\u00fcr die Verf\u00fcgbarkeit einer breiten Farbpalette.<\/p>\n<p>Die Pigmentpasten und Farben sind als Standardprodukte erh\u00e4ltlich. Die ad hoc Entwicklung mit Anwendungspr\u00fcfungen von kundenspezifischen L\u00f6sungen ist ebenfalls m\u00f6glich.[\/vc_column_text][vc_empty_space height=&#8221;50px&#8221;][\/vc_column][\/vc_row][vc_row css_animation=&#8221;&#8221; row_type=&#8221;row&#8221; use_row_as_full_screen_section=&#8221;no&#8221; type=&#8221;grid&#8221; angled_section=&#8221;no&#8221; text_align=&#8221;left&#8221; background_image_as_pattern=&#8221;without_pattern&#8221; css=&#8221;.vc_custom_1591973918208{margin-bottom: 40px !important;background-position: 0 0 !important;background-repeat: no-repeat !important;}&#8221; z_index=&#8221;&#8221;][vc_column width=&#8221;1\/4&#8243;][vc_column_text]<\/p>\n<h3>Produktpalette<\/h3>\n<div id=\"gtx-trans\" style=\"position: absolute; left: -248px; top: -6.28125px;\">\n<div class=\"gtx-trans-icon\"><\/div>\n<\/div>\n<p>[\/vc_column_text][\/vc_column][vc_column width=&#8221;3\/4&#8243;][vc_separator type=&#8221;normal&#8221; color=&#8221;#29a3d3&#8243;][\/vc_column][\/vc_row][vc_row css_animation=&#8221;&#8221; row_type=&#8221;row&#8221; use_row_as_full_screen_section=&#8221;yes&#8221; type=&#8221;grid&#8221; angled_section=&#8221;no&#8221; text_align=&#8221;left&#8221; background_image_as_pattern=&#8221;without_pattern&#8221; css=&#8221;.vc_custom_1580399677552{padding-top: 5px !important;padding-bottom: 5px !important;background-position: 0 0 !important;background-repeat: no-repeat !important;}&#8221; z_index=&#8221;&#8221;][vc_column][vc_column_text]<\/p>\n<p class=\"p1\"><span style=\"color: #29a3d3; font-size: 18px;\"><strong>Dispercel NC<\/strong><\/span><\/p>\n<p>[\/vc_column_text][vc_column_text css=&#8221;.vc_custom_1621866884821{padding-bottom: 10px !important;}&#8221;]<\/p>\n<p class=\"p1\">Hochkonzentrierte Pigmentpaste mit Dispergierung in Nitrocellulose-Harz auf Alkoholbasis. Diese Serie eignet sich insbesondere f\u00fcr Druckfarben f\u00fcr den Flexodruck und den Rotationstiefdruck auf Aluminium und zahlreichen Plastikfolien. Vielseitig einsetzbar auch f\u00fcr Holzlacke, Beschichtungen und Anwendungen in der Kosmetikindustrie.<\/p>\n<p>[\/vc_column_text][vc_separator type=&#8221;normal&#8221; color=&#8221;#29a3d3&#8243;][\/vc_column][\/vc_row][vc_row css_animation=&#8221;&#8221; row_type=&#8221;row&#8221; use_row_as_full_screen_section=&#8221;yes&#8221; type=&#8221;grid&#8221; angled_section=&#8221;no&#8221; text_align=&#8221;left&#8221; background_image_as_pattern=&#8221;without_pattern&#8221; css=&#8221;.vc_custom_1580399677552{padding-top: 5px !important;padding-bottom: 5px !important;background-position: 0 0 !important;background-repeat: no-repeat !important;}&#8221; z_index=&#8221;&#8221;][vc_column][vc_column_text]<\/p>\n<p class=\"p1\"><span style=\"color: #29a3d3; font-size: 18px;\"><strong>Dispercel NCE<\/strong><\/span><\/p>\n<p>[\/vc_column_text][vc_column_text css=&#8221;.vc_custom_1621866897669{padding-bottom: 10px !important;}&#8221;]<\/p>\n<p class=\"p1\">Hochkonzentrierte Pigmentpaste mit Dispergierung in Nitrocellulose-Harz auf Esterbasis. Diese Serie eignet sich insbesondere f\u00fcr Lacke, Farben mit unterschiedlicher chemischer Zusammensetzung, Fahrzeugreparaturen, Holzlacke und Lederoberfl\u00e4chen.<\/p>\n<p>[\/vc_column_text][vc_separator type=&#8221;normal&#8221; color=&#8221;#29a3d3&#8243;][\/vc_column][\/vc_row][vc_row css_animation=&#8221;&#8221; row_type=&#8221;row&#8221; use_row_as_full_screen_section=&#8221;yes&#8221; type=&#8221;grid&#8221; angled_section=&#8221;no&#8221; text_align=&#8221;left&#8221; background_image_as_pattern=&#8221;without_pattern&#8221; css=&#8221;.vc_custom_1580399677552{padding-top: 5px !important;padding-bottom: 5px !important;background-position: 0 0 !important;background-repeat: no-repeat !important;}&#8221; z_index=&#8221;&#8221;][vc_column][vc_column_text]<\/p>\n<p class=\"p1\"><span style=\"color: #29a3d3; font-size: 18px;\"><strong>Dispervyn VI<\/strong><\/span><\/p>\n<p>[\/vc_column_text][vc_column_text css=&#8221;.vc_custom_1621866914224{padding-bottom: 10px !important;}&#8221;]<\/p>\n<p class=\"p1\">Leistungsstarke Pigmentpaste mit Dispergierung in einem Vinylchlorid- und Vinylacetat-Copolymer. Diese Pigmentpaste eignet sich insbesondere f\u00fcr Druckfarben und Drucktinten f\u00fcr Vinylsubstrate, abnehmbare Verkleidungen, Verkleidungen aus Mauerwerk und Metall, Verkleidungen aus PVC, Kleidungsst\u00fccke aus Plastik, Leder mit Oberfl\u00e4chenbehandlung auf PU-Basis und Kunststoffe auf PU-Basis.<\/p>\n<p>[\/vc_column_text][vc_separator type=&#8221;normal&#8221; color=&#8221;#29a3d3&#8243;][\/vc_column][\/vc_row][vc_row css_animation=&#8221;&#8221; row_type=&#8221;row&#8221; use_row_as_full_screen_section=&#8221;no&#8221; type=&#8221;full_width&#8221; angled_section=&#8221;no&#8221; text_align=&#8221;left&#8221; background_image_as_pattern=&#8221;without_pattern&#8221;][vc_column][vc_empty_space height=&#8221;50px&#8221;][\/vc_column][\/vc_row]<\/p>\n<\/div>","protected":false},"excerpt":{"rendered":"<p>[vc_row css_animation=&#8221;&#8221; row_type=&#8221;row&#8221; use_row_as_full_screen_section=&#8221;no&#8221; type=&#8221;grid&#8221; angled_section=&#8221;no&#8221; text_align=&#8221;left&#8221; background_image_as_pattern=&#8221;without_pattern&#8221; css=&#8221;.vc_custom_1580393488061{margin-bottom: 20px !important;background-position: 0 0 !important;background-repeat: no-repeat !important;}&#8221; z_index=&#8221;&#8221;][vc_column width=&#8221;1\/2&#8243;][vc_column_text] Finishing [\/vc_column_text][\/vc_column][vc_column width=&#8221;1\/2&#8243;][vc_separator type=&#8221;normal&#8221; color=&#8221;#29a3d3&#8243;][\/vc_column][\/vc_row][vc_row css_animation=&#8221;&#8221; row_type=&#8221;row&#8221; use_row_as_full_screen_section=&#8221;no&#8221; type=&#8221;grid&#8221; angled_section=&#8221;no&#8221; text_align=&#8221;left&#8221; background_image_as_pattern=&#8221;without_pattern&#8221; z_index=&#8221;&#8221;][vc_column][vc_column_text]Es gibt zwei Serien mit Pigmentpasten auf der Basis von Nitrocellulose oder Vinylharzen, die sich&#8230;<\/p>\n","protected":false},"author":7,"featured_media":0,"parent":0,"menu_order":0,"comment_status":"closed","ping_status":"closed","template":"","meta":{"footnotes":""},"class_list":["post-19982","page","type-page","status-publish","hentry"],"_links":{"self":[{"href":"https:\/\/mifar.com\/de\/wp-json\/wp\/v2\/pages\/19982","targetHints":{"allow":["GET"]}}],"collection":[{"href":"https:\/\/mifar.com\/de\/wp-json\/wp\/v2\/pages"}],"about":[{"href":"https:\/\/mifar.com\/de\/wp-json\/wp\/v2\/types\/page"}],"author":[{"embeddable":true,"href":"https:\/\/mifar.com\/de\/wp-json\/wp\/v2\/users\/7"}],"replies":[{"embeddable":true,"href":"https:\/\/mifar.com\/de\/wp-json\/wp\/v2\/comments?post=19982"}],"version-history":[{"count":3,"href":"https:\/\/mifar.com\/de\/wp-json\/wp\/v2\/pages\/19982\/revisions"}],"predecessor-version":[{"id":19984,"href":"https:\/\/mifar.com\/de\/wp-json\/wp\/v2\/pages\/19982\/revisions\/19984"}],"wp:attachment":[{"href":"https:\/\/mifar.com\/de\/wp-json\/wp\/v2\/media?parent=19982"}],"curies":[{"name":"wp","href":"https:\/\/api.w.org\/{rel}","templated":true}]}}