{"id":19992,"date":"2020-04-13T15:39:50","date_gmt":"2020-04-13T15:39:50","guid":{"rendered":"https:\/\/mifar.com\/compostable\/"},"modified":"2021-05-24T14:50:27","modified_gmt":"2021-05-24T14:50:27","slug":"compostable","status":"publish","type":"page","link":"https:\/\/mifar.com\/de\/compostable\/","title":{"rendered":"Kompostierbare Farben"},"content":{"rendered":"<div class=\"wpb-content-wrapper\"><p>[vc_row css_animation=&#8221;&#8221; row_type=&#8221;row&#8221; use_row_as_full_screen_section=&#8221;no&#8221; type=&#8221;grid&#8221; angled_section=&#8221;no&#8221; text_align=&#8221;left&#8221; background_image_as_pattern=&#8221;without_pattern&#8221; css=&#8221;.vc_custom_1580393488061{margin-bottom: 20px !important;background-position: 0 0 !important;background-repeat: no-repeat !important;}&#8221; z_index=&#8221;&#8221;][vc_column width=&#8221;1\/2&#8243;][vc_column_text]<\/p>\n<h3>Kompostierbare Farben<\/h3>\n<p>[\/vc_column_text][\/vc_column][vc_column width=&#8221;1\/2&#8243;][vc_separator type=&#8221;normal&#8221; color=&#8221;#29a3d3&#8243;][\/vc_column][\/vc_row][vc_row css_animation=&#8221;&#8221; row_type=&#8221;row&#8221; use_row_as_full_screen_section=&#8221;no&#8221; type=&#8221;grid&#8221; angled_section=&#8221;no&#8221; text_align=&#8221;left&#8221; background_image_as_pattern=&#8221;without_pattern&#8221; z_index=&#8221;&#8221;][vc_column][vc_column_text]Die Farbe ist ein strategisches Element f\u00fcr die umweltfreundliche Verpackung. Mifar erf\u00fcllt die Anforderungen der Verbraucher und Verpackungshersteller, die in immer gr\u00f6\u00dferem Ausma\u00df nachhaltige und umweltfreundliche Produkte verlangen, mit einer spezifischen Palette an Pigmentpasten (Farbchips), die speziell f\u00fcr das Bedrucken von bioabbaubaren Materialien entwickelt wurden, insbesondere f\u00fcr Lebensmittelverpackungen.<\/p>\n<p>Die kompostierbaren Farbchips von Mifar sind in einer Nitrocellulosel\u00f6sung dispergiert und ideal f\u00fcr industrielle Hersteller von Druckfarben f\u00fcr bioabbaubare Bedruckstoffe.<\/p>\n<p>Die kompostierbaren Farbchips verf\u00fcgen \u00fcber die Zertifizierung &#8220;OK Compost&#8221; vom \u00d6STERREICHISCHEN T\u00dcV, enthalten keine Schwermetalle und andere verbotene Stoffe und entsprechen den Vorgaben der europ\u00e4ischen Norm DIN EN 13432.<\/p>\n<p>Die in Zusammenarbeit mit BASF entwickelten kompostierbaren Farbchips sind als innovativ eingestuft und verbinden herausragende Leistungen mit Umweltfreundlichkeit. Zahlreiche Tests im Offsetdruck best\u00e4tigen die optimalen Ergebnisse im Hinblick auf Glanzgrad und Farbs\u00e4ttigung.[\/vc_column_text][vc_empty_space height=&#8221;50px&#8221;][\/vc_column][\/vc_row][vc_row css_animation=&#8221;&#8221; row_type=&#8221;row&#8221; use_row_as_full_screen_section=&#8221;no&#8221; type=&#8221;grid&#8221; angled_section=&#8221;no&#8221; text_align=&#8221;left&#8221; background_image_as_pattern=&#8221;without_pattern&#8221; css=&#8221;.vc_custom_1591973998560{margin-bottom: 40px !important;background-position: 0 0 !important;background-repeat: no-repeat !important;}&#8221; z_index=&#8221;&#8221;][vc_column width=&#8221;1\/4&#8243;][vc_column_text]<\/p>\n<h3>Produktpalette<\/h3>\n<div id=\"gtx-trans\" style=\"position: absolute; left: -181px; top: 43.7188px;\">\n<div class=\"gtx-trans-icon\"><\/div>\n<\/div>\n<p>[\/vc_column_text][\/vc_column][vc_column width=&#8221;3\/4&#8243;][vc_separator type=&#8221;normal&#8221; color=&#8221;#29a3d3&#8243;][\/vc_column][\/vc_row][vc_row css_animation=&#8221;&#8221; row_type=&#8221;row&#8221; use_row_as_full_screen_section=&#8221;yes&#8221; type=&#8221;grid&#8221; angled_section=&#8221;no&#8221; text_align=&#8221;left&#8221; background_image_as_pattern=&#8221;without_pattern&#8221; css=&#8221;.vc_custom_1580399677552{padding-top: 5px !important;padding-bottom: 5px !important;background-position: 0 0 !important;background-repeat: no-repeat !important;}&#8221; z_index=&#8221;&#8221;][vc_column][vc_column_text]<\/p>\n<p class=\"p1\"><span style=\"color: #29a3d3; font-size: 18px;\"><strong> Compostable <\/strong><\/span><\/p>\n<div id=\"gtx-trans\" style=\"position: absolute; left: 121px; top: -9px;\">\n<div class=\"gtx-trans-icon\"><\/div>\n<\/div>\n<p>[\/vc_column_text][vc_column_text css=&#8221;.vc_custom_1621867822940{padding-bottom: 10px !important;}&#8221;]Die Farbchips der Serie Compostable sind in Nitrocellulose dispergiert und eignen sich speziell f\u00fcr das Bedrucken von bioabbaubaren Bedruckstoffen. Sie wurden in Zusammenarbeit mit BASF entwickelt und sind nach Vorgabe der Norm DIN EN 13432 T\u00dcV zertifiziert.[\/vc_column_text][vc_separator type=&#8221;normal&#8221; color=&#8221;#29a3d3&#8243;][\/vc_column][\/vc_row][vc_row css_animation=&#8221;&#8221; row_type=&#8221;row&#8221; use_row_as_full_screen_section=&#8221;no&#8221; type=&#8221;full_width&#8221; angled_section=&#8221;no&#8221; text_align=&#8221;left&#8221; background_image_as_pattern=&#8221;without_pattern&#8221;][vc_column][vc_empty_space height=&#8221;50px&#8221;][\/vc_column][\/vc_row]<\/p>\n<\/div>","protected":false},"excerpt":{"rendered":"<p>[vc_row css_animation=&#8221;&#8221; row_type=&#8221;row&#8221; use_row_as_full_screen_section=&#8221;no&#8221; type=&#8221;grid&#8221; angled_section=&#8221;no&#8221; text_align=&#8221;left&#8221; background_image_as_pattern=&#8221;without_pattern&#8221; css=&#8221;.vc_custom_1580393488061{margin-bottom: 20px !important;background-position: 0 0 !important;background-repeat: no-repeat !important;}&#8221; z_index=&#8221;&#8221;][vc_column width=&#8221;1\/2&#8243;][vc_column_text] Kompostierbare Farben [\/vc_column_text][\/vc_column][vc_column width=&#8221;1\/2&#8243;][vc_separator type=&#8221;normal&#8221; color=&#8221;#29a3d3&#8243;][\/vc_column][\/vc_row][vc_row css_animation=&#8221;&#8221; row_type=&#8221;row&#8221; use_row_as_full_screen_section=&#8221;no&#8221; type=&#8221;grid&#8221; angled_section=&#8221;no&#8221; text_align=&#8221;left&#8221; background_image_as_pattern=&#8221;without_pattern&#8221; z_index=&#8221;&#8221;][vc_column][vc_column_text]Die Farbe ist ein strategisches Element f\u00fcr die umweltfreundliche Verpackung. Mifar erf\u00fcllt die Anforderungen&#8230;<\/p>\n","protected":false},"author":7,"featured_media":0,"parent":0,"menu_order":0,"comment_status":"closed","ping_status":"closed","template":"","meta":{"footnotes":""},"class_list":["post-19992","page","type-page","status-publish","hentry"],"_links":{"self":[{"href":"https:\/\/mifar.com\/de\/wp-json\/wp\/v2\/pages\/19992","targetHints":{"allow":["GET"]}}],"collection":[{"href":"https:\/\/mifar.com\/de\/wp-json\/wp\/v2\/pages"}],"about":[{"href":"https:\/\/mifar.com\/de\/wp-json\/wp\/v2\/types\/page"}],"author":[{"embeddable":true,"href":"https:\/\/mifar.com\/de\/wp-json\/wp\/v2\/users\/7"}],"replies":[{"embeddable":true,"href":"https:\/\/mifar.com\/de\/wp-json\/wp\/v2\/comments?post=19992"}],"version-history":[{"count":3,"href":"https:\/\/mifar.com\/de\/wp-json\/wp\/v2\/pages\/19992\/revisions"}],"predecessor-version":[{"id":19994,"href":"https:\/\/mifar.com\/de\/wp-json\/wp\/v2\/pages\/19992\/revisions\/19994"}],"wp:attachment":[{"href":"https:\/\/mifar.com\/de\/wp-json\/wp\/v2\/media?parent=19992"}],"curies":[{"name":"wp","href":"https:\/\/api.w.org\/{rel}","templated":true}]}}