{"id":19997,"date":"2020-04-13T15:53:12","date_gmt":"2020-04-13T15:53:12","guid":{"rendered":"https:\/\/mifar.com\/specialities\/"},"modified":"2021-05-24T14:53:52","modified_gmt":"2021-05-24T14:53:52","slug":"specialities","status":"publish","type":"page","link":"https:\/\/mifar.com\/de\/specialities\/","title":{"rendered":"Spezialfarben"},"content":{"rendered":"<div class=\"wpb-content-wrapper\"><p>[vc_row css_animation=&#8221;&#8221; row_type=&#8221;row&#8221; use_row_as_full_screen_section=&#8221;no&#8221; type=&#8221;grid&#8221; angled_section=&#8221;no&#8221; text_align=&#8221;left&#8221; background_image_as_pattern=&#8221;without_pattern&#8221; css=&#8221;.vc_custom_1580393488061{margin-bottom: 20px !important;background-position: 0 0 !important;background-repeat: no-repeat !important;}&#8221; z_index=&#8221;&#8221;][vc_column width=&#8221;1\/2&#8243;][vc_column_text]<\/p>\n<h3>Spezialfarben<\/h3>\n<p>[\/vc_column_text][\/vc_column][vc_column width=&#8221;1\/2&#8243;][vc_separator type=&#8221;normal&#8221; color=&#8221;#29a3d3&#8243;][\/vc_column][\/vc_row][vc_row css_animation=&#8221;&#8221; row_type=&#8221;row&#8221; use_row_as_full_screen_section=&#8221;no&#8221; type=&#8221;grid&#8221; angled_section=&#8221;no&#8221; text_align=&#8221;left&#8221; background_image_as_pattern=&#8221;without_pattern&#8221; z_index=&#8221;&#8221;][vc_column][vc_column_text]Hochwertige Pigmentpasten und Pigmentzubereitungen mit Dispergierung in sorgf\u00e4ltig ausgew\u00e4hlten Harzen, die f\u00fcr eine optimale Kompatibilit\u00e4t mit der UV-Technologie garantieren.<\/p>\n<p>Geeignet f\u00fcr die Herstellung von Druckfarben mit kationischer UV-H\u00e4rtung und Druckfarben und Beschichtungen mit freier radikalischer Polymerisation.<\/p>\n<p>Diese Pigmentpasten bieten ein optimales Potential f\u00fcr die Verwendung in L\u00f6semittelsystemen mit aromatischen Kohlenwasserstoffen, Estern und Chetonen und in strahlenh\u00e4rtenden Monomeren, wurden aber in erster Linie f\u00fcr Druckfarben und Beschichtungen mit kationischer UV-H\u00e4rtung und freier radikalischer Polymerisation entwickelt.<\/p>\n<p>Diese Produkte eignen sich insbesondere f\u00fcr Druckfarben auf Vinylbasis f\u00fcr den Siebdruck zum Bedrucken von starrem und plastifiziertem PVC.[\/vc_column_text][vc_empty_space height=&#8221;50px&#8221;][\/vc_column][\/vc_row][vc_row css_animation=&#8221;&#8221; row_type=&#8221;row&#8221; use_row_as_full_screen_section=&#8221;no&#8221; type=&#8221;grid&#8221; angled_section=&#8221;no&#8221; text_align=&#8221;left&#8221; background_image_as_pattern=&#8221;without_pattern&#8221; css=&#8221;.vc_custom_1591973704820{margin-bottom: 50px !important;background-position: 0 0 !important;background-repeat: no-repeat !important;}&#8221; z_index=&#8221;&#8221;][vc_column width=&#8221;1\/4&#8243;][vc_column_text]<\/p>\n<h3>Produktpalette<\/h3>\n<p>[\/vc_column_text][\/vc_column][vc_column width=&#8221;3\/4&#8243;][vc_separator type=&#8221;normal&#8221; color=&#8221;#29a3d3&#8243;][\/vc_column][\/vc_row][vc_row css_animation=&#8221;&#8221; row_type=&#8221;row&#8221; use_row_as_full_screen_section=&#8221;yes&#8221; type=&#8221;grid&#8221; angled_section=&#8221;no&#8221; text_align=&#8221;left&#8221; background_image_as_pattern=&#8221;without_pattern&#8221; css=&#8221;.vc_custom_1580399677552{padding-top: 5px !important;padding-bottom: 5px !important;background-position: 0 0 !important;background-repeat: no-repeat !important;}&#8221; z_index=&#8221;&#8221;][vc_column][vc_column_text]<\/p>\n<p class=\"p1\"><span style=\"color: #29a3d3; font-size: 18px;\"><strong>Dispervyn VI<\/strong><\/span><\/p>\n<p>[\/vc_column_text][vc_column_text css=&#8221;.vc_custom_1621868014122{padding-bottom: 10px !important;}&#8221;]<\/p>\n<p class=\"p1\">Leistungsstarke Pigmentpaste mit Dispergierung in einem Vinylchlorid- und Vinylacetat-Copolymer. Diese Pigmentpaste eignet sich insbesondere f\u00fcr Druckfarben und Drucktinten f\u00fcr Vinylsubstrate, abnehmbare Verkleidungen, Verkleidungen aus Mauerwerk und Metall, Verkleidungen aus PVC, Kleidungsst\u00fccke aus Plastik, Leder mit Oberfl\u00e4chenbehandlung auf PU-Basis und Kunststoffe auf PU-Basis.<\/p>\n<p>[\/vc_column_text][vc_separator type=&#8221;normal&#8221; color=&#8221;#29a3d3&#8243;][\/vc_column][\/vc_row][vc_row css_animation=&#8221;&#8221; row_type=&#8221;row&#8221; use_row_as_full_screen_section=&#8221;yes&#8221; type=&#8221;grid&#8221; angled_section=&#8221;no&#8221; text_align=&#8221;left&#8221; background_image_as_pattern=&#8221;without_pattern&#8221; css=&#8221;.vc_custom_1580399677552{padding-top: 5px !important;padding-bottom: 5px !important;background-position: 0 0 !important;background-repeat: no-repeat !important;}&#8221; z_index=&#8221;&#8221;][vc_column][vc_column_text]<\/p>\n<p class=\"p1\"><span style=\"color: #29a3d3; font-size: 18px;\"><strong>Disperlit VK<\/strong><\/span><\/p>\n<div id=\"gtx-trans\" style=\"position: absolute; left: 57px; top: -9px;\">\n<div class=\"gtx-trans-icon\"><\/div>\n<\/div>\n<p>[\/vc_column_text][vc_column_text css=&#8221;.vc_custom_1621868028071{padding-bottom: 10px !important;}&#8221;]<\/p>\n<p class=\"p1\">Leistungsstarke Pigmentpaste mit Dispergierung in einem Vinylchlorid- und Vinylacetat-Copolymer. Besonders geeignet f\u00fcr Druckfarben f\u00fcr den Druck mit hoher Qualit\u00e4t und f\u00fcr industrielle Druckfarben auf L\u00f6semittelbasis.<\/p>\n<p>[\/vc_column_text][vc_separator type=&#8221;normal&#8221; color=&#8221;#29a3d3&#8243;][\/vc_column][\/vc_row][vc_row css_animation=&#8221;&#8221; row_type=&#8221;row&#8221; use_row_as_full_screen_section=&#8221;no&#8221; type=&#8221;full_width&#8221; angled_section=&#8221;no&#8221; text_align=&#8221;left&#8221; background_image_as_pattern=&#8221;without_pattern&#8221;][vc_column][vc_empty_space height=&#8221;50px&#8221;][\/vc_column][\/vc_row]<\/p>\n<\/div>","protected":false},"excerpt":{"rendered":"<p>[vc_row css_animation=&#8221;&#8221; row_type=&#8221;row&#8221; use_row_as_full_screen_section=&#8221;no&#8221; type=&#8221;grid&#8221; angled_section=&#8221;no&#8221; text_align=&#8221;left&#8221; background_image_as_pattern=&#8221;without_pattern&#8221; css=&#8221;.vc_custom_1580393488061{margin-bottom: 20px !important;background-position: 0 0 !important;background-repeat: no-repeat !important;}&#8221; z_index=&#8221;&#8221;][vc_column width=&#8221;1\/2&#8243;][vc_column_text] Spezialfarben [\/vc_column_text][\/vc_column][vc_column width=&#8221;1\/2&#8243;][vc_separator type=&#8221;normal&#8221; color=&#8221;#29a3d3&#8243;][\/vc_column][\/vc_row][vc_row css_animation=&#8221;&#8221; row_type=&#8221;row&#8221; use_row_as_full_screen_section=&#8221;no&#8221; type=&#8221;grid&#8221; angled_section=&#8221;no&#8221; text_align=&#8221;left&#8221; background_image_as_pattern=&#8221;without_pattern&#8221; z_index=&#8221;&#8221;][vc_column][vc_column_text]Hochwertige Pigmentpasten und Pigmentzubereitungen mit Dispergierung in sorgf\u00e4ltig ausgew\u00e4hlten Harzen, die f\u00fcr eine optimale Kompatibilit\u00e4t&#8230;<\/p>\n","protected":false},"author":7,"featured_media":0,"parent":0,"menu_order":0,"comment_status":"closed","ping_status":"closed","template":"","meta":{"footnotes":""},"class_list":["post-19997","page","type-page","status-publish","hentry"],"_links":{"self":[{"href":"https:\/\/mifar.com\/de\/wp-json\/wp\/v2\/pages\/19997","targetHints":{"allow":["GET"]}}],"collection":[{"href":"https:\/\/mifar.com\/de\/wp-json\/wp\/v2\/pages"}],"about":[{"href":"https:\/\/mifar.com\/de\/wp-json\/wp\/v2\/types\/page"}],"author":[{"embeddable":true,"href":"https:\/\/mifar.com\/de\/wp-json\/wp\/v2\/users\/7"}],"replies":[{"embeddable":true,"href":"https:\/\/mifar.com\/de\/wp-json\/wp\/v2\/comments?post=19997"}],"version-history":[{"count":3,"href":"https:\/\/mifar.com\/de\/wp-json\/wp\/v2\/pages\/19997\/revisions"}],"predecessor-version":[{"id":20000,"href":"https:\/\/mifar.com\/de\/wp-json\/wp\/v2\/pages\/19997\/revisions\/20000"}],"wp:attachment":[{"href":"https:\/\/mifar.com\/de\/wp-json\/wp\/v2\/media?parent=19997"}],"curies":[{"name":"wp","href":"https:\/\/api.w.org\/{rel}","templated":true}]}}