{"id":20002,"date":"2020-03-09T14:42:13","date_gmt":"2020-03-09T14:42:13","guid":{"rendered":"https:\/\/mifar.com\/our-responsability\/"},"modified":"2024-01-16T13:23:11","modified_gmt":"2024-01-16T13:23:11","slug":"our-responsibility","status":"publish","type":"page","link":"https:\/\/mifar.com\/de\/our-responsibility\/","title":{"rendered":"Unsere Verantwortung"},"content":{"rendered":"<div class=\"wpb-content-wrapper\"><p>[vc_row css_animation=&#8221;&#8221; row_type=&#8221;row&#8221; use_row_as_full_screen_section=&#8221;no&#8221; type=&#8221;grid&#8221; angled_section=&#8221;no&#8221; text_align=&#8221;left&#8221; background_image_as_pattern=&#8221;without_pattern&#8221; css=&#8221;.vc_custom_1580393488061{margin-bottom: 20px !important;background-position: 0 0 !important;background-repeat: no-repeat !important;}&#8221; z_index=&#8221;&#8221;][vc_column width=&#8221;1\/2&#8243;][vc_column_text]<\/p>\n<h3>Engagement und Schutz<\/h3>\n<p>[\/vc_column_text][\/vc_column][vc_column width=&#8221;1\/2&#8243;][vc_separator type=&#8221;normal&#8221; color=&#8221;#29a3d3&#8243;][\/vc_column][\/vc_row][vc_row css_animation=&#8221;&#8221; row_type=&#8221;row&#8221; use_row_as_full_screen_section=&#8221;no&#8221; type=&#8221;grid&#8221; angled_section=&#8221;no&#8221; text_align=&#8221;left&#8221; background_image_as_pattern=&#8221;without_pattern&#8221; z_index=&#8221;&#8221;][vc_column][vc_column_text]Wir engagieren uns konstant f\u00fcr die Entwicklung eines ethischen und nachhaltigen Gesch\u00e4ftsmodells, um f\u00fcr die hohe Qualit\u00e4t unserer Produkte zu garantieren und gleichzeitig den Umweltschutz und den Schutz der Sicherheit und Gesundheit am Arbeitsplatz zu gew\u00e4hrleisten. Mifar arbeitet deshalb nach Vorgabe der Bestimmungen, die in Europa und international f\u00fcr das Management der Produktionst\u00e4tigkeit und der Unternehmensleistungen sowie f\u00fcr den weltweiten Export der Produkte G\u00fcltigkeit haben.<\/p>\n<div id=\"gtx-trans\" style=\"position: absolute; left: 182px; top: 342px;\">\n<div class=\"gtx-trans-icon\"><\/div>\n<\/div>\n<p>[\/vc_column_text][vc_empty_space height=&#8221;50px&#8221;][\/vc_column][\/vc_row][vc_row css_animation=&#8221;&#8221; row_type=&#8221;row&#8221; use_row_as_full_screen_section=&#8221;no&#8221; type=&#8221;grid&#8221; angled_section=&#8221;no&#8221; text_align=&#8221;left&#8221; background_image_as_pattern=&#8221;without_pattern&#8221; css=&#8221;.vc_custom_1583766436851{padding-top: 40px !important;padding-bottom: 40px !important;background-color: #eaeaea !important;background-position: 0 0 !important;background-repeat: no-repeat !important;}&#8221; z_index=&#8221;&#8221;][vc_column width=&#8221;1\/3&#8243;][vc_row_inner row_type=&#8221;row&#8221; type=&#8221;full_width&#8221; text_align=&#8221;left&#8221; css_animation=&#8221;&#8221; css=&#8221;.vc_custom_1588775770652{margin-right: 20px !important;margin-bottom: 40px !important;margin-left: 10px !important;border-left-width: 3px !important;padding-top: 195px !important;padding-right: 20px !important;padding-bottom: 200px !important;padding-left: 20px !important;background: #ffffff url(https:\/\/mifar.com\/wp-content\/uploads\/2020\/05\/AdobeStock_105981799.jpeg?id=18546) !important;background-position: center !important;background-repeat: no-repeat !important;background-size: cover !important;border-left-color: #29a3d3 !important;border-left-style: solid !important;}&#8221;][vc_column_inner][\/vc_column_inner][\/vc_row_inner][\/vc_column][vc_column width=&#8221;1\/3&#8243;][vc_row_inner row_type=&#8221;row&#8221; type=&#8221;full_width&#8221; text_align=&#8221;left&#8221; css_animation=&#8221;&#8221; css=&#8221;.vc_custom_1583766477644{margin-right: 10px !important;margin-left: 20px !important;border-left-width: 3px !important;padding-top: 20px !important;padding-right: 20px !important;padding-bottom: 20px !important;padding-left: 20px !important;background-color: #ffffff !important;border-left-color: #29a3d3 !important;border-left-style: solid !important;}&#8221;][vc_column_inner][vc_column_text]<\/p>\n<p class=\"p1\"><span style=\"color: #29a3d3; font-size: 18px;\"><strong><a href=\"https:\/\/mifar.com\/de\/model-of-organization-legislative\/\">Organisationsmodell gem\u00e4\u00df italienischem D.Lgs. 231\/2001 <\/a> <\/strong><\/span><\/p>\n<div id=\"gtx-trans\" style=\"position: absolute; left: 221px; top: -9px;\">\n<div class=\"gtx-trans-icon\"><\/div>\n<\/div>\n<p>[\/vc_column_text][\/vc_column_inner][\/vc_row_inner][vc_row_inner row_type=&#8221;row&#8221; type=&#8221;full_width&#8221; text_align=&#8221;left&#8221; css_animation=&#8221;&#8221; css=&#8221;.vc_custom_1583766532284{margin-top: 40px !important;margin-right: 10px !important;margin-left: 20px !important;border-left-width: 3px !important;padding-top: 20px !important;padding-right: 20px !important;padding-bottom: 20px !important;padding-left: 20px !important;background-color: #ffffff !important;border-left-color: #29a3d3 !important;border-left-style: solid !important;}&#8221;][vc_column_inner][vc_column_text]<\/p>\n<p class=\"p1\"><a href=\"https:\/\/mifar.com\/whistleblowing\/\"><span style=\"color: #29a3d3; font-size: 18px;\"><strong>Whistleblowing<\/strong><\/span><\/a><\/p>\n<p>[\/vc_column_text][\/vc_column_inner][\/vc_row_inner][vc_row_inner row_type=&#8221;row&#8221; type=&#8221;full_width&#8221; text_align=&#8221;left&#8221; css_animation=&#8221;&#8221; css=&#8221;.vc_custom_1583766532284{margin-top: 40px !important;margin-right: 10px !important;margin-left: 20px !important;border-left-width: 3px !important;padding-top: 20px !important;padding-right: 20px !important;padding-bottom: 20px !important;padding-left: 20px !important;background-color: #ffffff !important;border-left-color: #29a3d3 !important;border-left-style: solid !important;}&#8221;][vc_column_inner][vc_column_text]<\/p>\n<p class=\"p1\"><a href=\"https:\/\/mifar.com\/de\/privacy\/\"><span style=\"color: #29a3d3; font-size: 18px;\"><strong>Datenschutz<\/strong><\/span><\/a><\/p>\n<p>[\/vc_column_text][\/vc_column_inner][\/vc_row_inner][vc_row_inner row_type=&#8221;row&#8221; type=&#8221;full_width&#8221; text_align=&#8221;left&#8221; css_animation=&#8221;&#8221; css=&#8221;.vc_custom_1583766532284{margin-top: 40px !important;margin-right: 10px !important;margin-left: 20px !important;border-left-width: 3px !important;padding-top: 20px !important;padding-right: 20px !important;padding-bottom: 20px !important;padding-left: 20px !important;background-color: #ffffff !important;border-left-color: #29a3d3 !important;border-left-style: solid !important;}&#8221;][vc_column_inner][vc_column_text]<\/p>\n<p class=\"p1\"><a href=\"https:\/\/mifar.com\/de\/certifications\/\"><span style=\"color: #29a3d3; font-size: 18px;\"><strong>Zertifizierungen<\/strong><\/span><\/a><\/p>\n<p>[\/vc_column_text][\/vc_column_inner][\/vc_row_inner][\/vc_column][vc_column width=&#8221;1\/3&#8243; el_id=&#8221;our-responsability-col2&#8243;][vc_row_inner row_type=&#8221;row&#8221; type=&#8221;full_width&#8221; text_align=&#8221;left&#8221; css_animation=&#8221;&#8221; css=&#8221;.vc_custom_1583766482176{margin-right: 20px !important;margin-left: 10px !important;border-left-width: 3px !important;padding-top: 20px !important;padding-right: 20px !important;padding-bottom: 20px !important;padding-left: 20px !important;background-color: #ffffff !important;border-left-color: #29a3d3 !important;border-left-style: solid !important;}&#8221;][vc_column_inner][vc_column_text]<\/p>\n<p class=\"p1\"><a href=\"https:\/\/mifar.com\/de\/federchimica\/\"><span style=\"color: #29a3d3; font-size: 18px;\"><strong>Federchimica<\/strong><\/span><\/a><\/p>\n<p>[\/vc_column_text][\/vc_column_inner][\/vc_row_inner][vc_row_inner row_type=&#8221;row&#8221; type=&#8221;full_width&#8221; text_align=&#8221;left&#8221; css_animation=&#8221;&#8221; css=&#8221;.vc_custom_1583766536955{margin-top: 40px !important;margin-right: 20px !important;margin-left: 10px !important;border-left-width: 3px !important;padding-top: 20px !important;padding-right: 20px !important;padding-bottom: 20px !important;padding-left: 20px !important;background-color: #ffffff !important;border-left-color: #29a3d3 !important;border-left-style: solid !important;}&#8221;][vc_column_inner][vc_column_text]<\/p>\n<p class=\"p1\"><a href=\"https:\/\/mifar.com\/de\/product-stewardship\/\"><span style=\"color: #29a3d3; font-size: 18px;\"><strong>Produktverantwortung<\/strong><\/span><\/a><\/p>\n<p>[\/vc_column_text][\/vc_column_inner][\/vc_row_inner][vc_row_inner row_type=&#8221;row&#8221; type=&#8221;full_width&#8221; text_align=&#8221;left&#8221; css_animation=&#8221;&#8221; css=&#8221;.vc_custom_1583766536955{margin-top: 40px !important;margin-right: 20px !important;margin-left: 10px !important;border-left-width: 3px !important;padding-top: 20px !important;padding-right: 20px !important;padding-bottom: 20px !important;padding-left: 20px !important;background-color: #ffffff !important;border-left-color: #29a3d3 !important;border-left-style: solid !important;}&#8221;][vc_column_inner][vc_column_text]<\/p>\n<p class=\"p1\"><a href=\"https:\/\/mifar.com\/de\/regulatory\/\"><span style=\"color: #29a3d3; font-size: 18px;\"><strong>Normen<\/strong><\/span><\/a><\/p>\n<div id=\"gtx-trans\" style=\"position: absolute; left: -181px; top: -9px;\">\n<div class=\"gtx-trans-icon\"><\/div>\n<\/div>\n<p>[\/vc_column_text][\/vc_column_inner][\/vc_row_inner][vc_row_inner row_type=&#8221;row&#8221; type=&#8221;full_width&#8221; text_align=&#8221;left&#8221; css_animation=&#8221;&#8221; css=&#8221;.vc_custom_1583766536955{margin-top: 40px !important;margin-right: 20px !important;margin-left: 10px !important;border-left-width: 3px !important;padding-top: 20px !important;padding-right: 20px !important;padding-bottom: 20px !important;padding-left: 20px !important;background-color: #ffffff !important;border-left-color: #29a3d3 !important;border-left-style: solid !important;}&#8221;][vc_column_inner][vc_column_text]<\/p>\n<p class=\"p1\"><a href=\"https:\/\/mifar.com\/de\/employees\/\"><span style=\"color: #29a3d3; font-size: 18px;\"><strong>Personal<\/strong><\/span><\/a><\/p>\n<p>[\/vc_column_text][\/vc_column_inner][\/vc_row_inner][\/vc_column][\/vc_row][vc_row css_animation=&#8221;&#8221; row_type=&#8221;row&#8221; use_row_as_full_screen_section=&#8221;no&#8221; type=&#8221;full_width&#8221; angled_section=&#8221;no&#8221; text_align=&#8221;left&#8221; background_image_as_pattern=&#8221;without_pattern&#8221;][vc_column][vc_empty_space height=&#8221;100px&#8221;][\/vc_column][\/vc_row]<\/p>\n<\/div>","protected":false},"excerpt":{"rendered":"<p>[vc_row css_animation=&#8221;&#8221; row_type=&#8221;row&#8221; use_row_as_full_screen_section=&#8221;no&#8221; type=&#8221;grid&#8221; angled_section=&#8221;no&#8221; text_align=&#8221;left&#8221; background_image_as_pattern=&#8221;without_pattern&#8221; css=&#8221;.vc_custom_1580393488061{margin-bottom: 20px !important;background-position: 0 0 !important;background-repeat: no-repeat !important;}&#8221; z_index=&#8221;&#8221;][vc_column width=&#8221;1\/2&#8243;][vc_column_text] Engagement und Schutz [\/vc_column_text][\/vc_column][vc_column width=&#8221;1\/2&#8243;][vc_separator type=&#8221;normal&#8221; color=&#8221;#29a3d3&#8243;][\/vc_column][\/vc_row][vc_row css_animation=&#8221;&#8221; row_type=&#8221;row&#8221; use_row_as_full_screen_section=&#8221;no&#8221; type=&#8221;grid&#8221; angled_section=&#8221;no&#8221; text_align=&#8221;left&#8221; background_image_as_pattern=&#8221;without_pattern&#8221; z_index=&#8221;&#8221;][vc_column][vc_column_text]Wir engagieren uns konstant f\u00fcr die Entwicklung eines ethischen und nachhaltigen Gesch\u00e4ftsmodells, um&#8230;<\/p>\n","protected":false},"author":7,"featured_media":0,"parent":0,"menu_order":0,"comment_status":"closed","ping_status":"closed","template":"","meta":{"footnotes":""},"class_list":["post-20002","page","type-page","status-publish","hentry"],"_links":{"self":[{"href":"https:\/\/mifar.com\/de\/wp-json\/wp\/v2\/pages\/20002","targetHints":{"allow":["GET"]}}],"collection":[{"href":"https:\/\/mifar.com\/de\/wp-json\/wp\/v2\/pages"}],"about":[{"href":"https:\/\/mifar.com\/de\/wp-json\/wp\/v2\/types\/page"}],"author":[{"embeddable":true,"href":"https:\/\/mifar.com\/de\/wp-json\/wp\/v2\/users\/7"}],"replies":[{"embeddable":true,"href":"https:\/\/mifar.com\/de\/wp-json\/wp\/v2\/comments?post=20002"}],"version-history":[{"count":3,"href":"https:\/\/mifar.com\/de\/wp-json\/wp\/v2\/pages\/20002\/revisions"}],"predecessor-version":[{"id":20301,"href":"https:\/\/mifar.com\/de\/wp-json\/wp\/v2\/pages\/20002\/revisions\/20301"}],"wp:attachment":[{"href":"https:\/\/mifar.com\/de\/wp-json\/wp\/v2\/media?parent=20002"}],"curies":[{"name":"wp","href":"https:\/\/api.w.org\/{rel}","templated":true}]}}