{"id":20023,"date":"2020-04-17T09:33:41","date_gmt":"2020-04-17T09:33:41","guid":{"rendered":"https:\/\/mifar.com\/model-of-organization-legislative\/"},"modified":"2024-04-26T11:04:39","modified_gmt":"2024-04-26T11:04:39","slug":"model-of-organization-legislative","status":"publish","type":"page","link":"https:\/\/mifar.com\/de\/model-of-organization-legislative\/","title":{"rendered":"Organisationsmodell gem\u00e4\u00df italienischem D.Lgs. 231\/2001"},"content":{"rendered":"<div class=\"wpb-content-wrapper\"><p>[vc_row css_animation=&#8221;&#8221; row_type=&#8221;row&#8221; use_row_as_full_screen_section=&#8221;no&#8221; type=&#8221;grid&#8221; angled_section=&#8221;no&#8221; text_align=&#8221;left&#8221; background_image_as_pattern=&#8221;without_pattern&#8221; css=&#8221;.vc_custom_1580393488061{margin-bottom: 20px !important;background-position: 0 0 !important;background-repeat: no-repeat !important;}&#8221; z_index=&#8221;&#8221;][vc_column width=&#8221;2\/3&#8243;][vc_column_text]<\/p>\n<h3>Organisationsmodell gem\u00e4\u00df italienischem D.Lgs. 231\/2001<\/h3>\n<p>[\/vc_column_text][\/vc_column][vc_column width=&#8221;1\/3&#8243;][vc_separator type=&#8221;normal&#8221; color=&#8221;#29a3d3&#8243;][\/vc_column][\/vc_row][vc_row css_animation=&#8221;&#8221; row_type=&#8221;row&#8221; use_row_as_full_screen_section=&#8221;no&#8221; type=&#8221;grid&#8221; angled_section=&#8221;no&#8221; text_align=&#8221;left&#8221; background_image_as_pattern=&#8221;without_pattern&#8221; z_index=&#8221;&#8221;][vc_column][vc_column_text]<\/p>\n<div class=\"wpb_tabstabs_holder clearfix\" data-interval=\"0\">\n<div class=\"q_tabs horizontal left\">\n<div class=\"tabs-container\">\n<div id=\"tab-1394537422496-1-9\" class=\"tab-content\">\n<div class=\"vc_row wpb_row section vc_row-fluid vc_inner \">\n<div class=\" full_section_inner clearfix\">\n<div class=\"wpb_column vc_column_container vc_col-sm-12\">\n<div class=\"vc_column-inner \">\n<div class=\"wpb_wrapper\">\n<div class=\"wpb_text_column wpb_content_element \">\n<div class=\"wpb_wrapper\">\n<p>Mifar S.r.l. hat sich entschieden, zum 1. November 2017 ein Organisations-, Verwaltungs- und Kontrollmodell einzuf\u00fchren, das mit den Grunds\u00e4tzen des italienischen D.Lgs 231\/2001 konform ist, der die Haftbarkeit f\u00fcr Straftatbest\u00e4nde von Einrichtungen, Unternehmen und Verb\u00e4nden mit Rechtsperson regelt. Eine Entscheidung, hinter der Mifar voll und ganz steht und die darauf abzielt, den Stakeholdern von Mifar folgende Werte zu vermitteln:<\/p>\n<ul>\n<li>Eine Unternehmenskultur, die von Rechtm\u00e4\u00dfigkeit, Korrektheit und Transparenz gepr\u00e4gt ist.<\/li>\n<li>Eine Kultur der Kontrolle.<\/li>\n<li>Ein Organisations- und Verwaltungsmodell, das im Hinblick auf die Sicherheit und Gesundheit am Arbeitsplatz und auf den Umweltschutz nachhaltig ist.<\/li>\n<li>Ein Organisationsmodell, das darauf ausgerichtet ist, das Trennen der Aufgaben, Rollen und Verantwortlichkeiten zwischen den operativen Funktionen und den Kontrollfunktionen und maximale unternehmerische Effizienz zu garantieren.<\/li>\n<\/ul>\n<p>&nbsp;<\/p>\n<p>Das Modell wurde auf der Grundlage des Aufbaus und der von Mifar S.r.l. durchgef\u00fchrten T\u00e4tigkeiten entwickelt, unter Ber\u00fccksichtigung der Art und des Umfangs seiner Organisation, die perfekt in das vorhandene Kontroll- und F\u00fchrungssystem integriert ist. Mifar S.r.l. hat daran gearbeitet, sensible T\u00e4tigkeiten zu ermitteln, bei denen die M\u00f6glichkeit besteht, die im D.Lgs. angegebenen Straftaten zu begehen, und hat dann Kontrollprozeduren und die Grunds\u00e4tze und Bestimmungen zur Vorbeugung festgelegt. Aus diesem Grund hat der Verwaltungsrat ein \u00dcberwachungsorgan (OdV), das mit unabh\u00e4ngigen Handlungs- und Kontrollbefugnissen ausgestattet ist, mit der \u00dcberwachung der Umsetzung, der Wirksamkeit und der Beachtung des Organisationsmodells beauftragt. F\u00fcr Meldungen an das \u00dcberwachungsorgan (OdV) wurde eine eigene E-Mail Adresse eingerichtet (odv@mifar.com).<\/p>\n<p>Teil des Organisations-, Verwaltungs- und Kontrollmodells ist der von Mifar S.r.l. verabschiedete Ethikkodex, der die Verhaltensgrunds\u00e4tze und die ethischen und sozialen Werte enth\u00e4lt, die bei der ordnungsgem\u00e4\u00dfen Abwicklung der Gesch\u00e4ftst\u00e4tigkeiten beachtet werden m\u00fcssen.<\/p>\n<p>Der Volltext des <strong>Organisations-, Verwaltungs- und Kontrollmodells gem\u00e4\u00df italienischem D.Lgs. 231\/2001 <\/strong>und des <strong>Ethikkodex von Mifar S.r.l.<\/strong> stehen im Downloadbereich zur Verf\u00fcgung.<\/p>\n<\/div>\n<\/div>\n<\/div>\n<\/div>\n<\/div>\n<\/div>\n<\/div>\n<\/div>\n<\/div>\n<\/div>\n<\/div>\n<p>[\/vc_column_text][vc_empty_space height=&#8221;50px&#8221;][\/vc_column][\/vc_row][vc_row css_animation=&#8221;&#8221; row_type=&#8221;row&#8221; use_row_as_full_screen_section=&#8221;no&#8221; type=&#8221;grid&#8221; angled_section=&#8221;no&#8221; text_align=&#8221;left&#8221; background_image_as_pattern=&#8221;without_pattern&#8221; row_negative_margin=&#8221;disable_negative_margin&#8221; css=&#8221;.vc_custom_1587982422112{background-position: 0 0 !important;background-repeat: no-repeat !important;}&#8221; z_index=&#8221;&#8221; el_class=&#8221;colonne_responsability&#8221;][vc_column width=&#8221;1\/2&#8243; css=&#8221;.vc_custom_1587982384226{padding-top: 30px !important;padding-right: 30px !important;padding-bottom: 30px !important;padding-left: 30px !important;background-color: #29a3d3 !important;}&#8221;][vc_row_inner row_type=&#8221;row&#8221; type=&#8221;full_width&#8221; text_align=&#8221;left&#8221; css_animation=&#8221;&#8221;][vc_column_inner][vc_column_text]<\/p>\n<p class=\"p1\"><span style=\"color: #ffffff; font-size: 26px;\">Organisationsmodell<\/span><\/p>\n<p>[\/vc_column_text][\/vc_column_inner][\/vc_row_inner][vc_empty_space height=&#8221;30px&#8221;]\n\n\t<a href=\"https:\/\/mifar.com\/wp-content\/uploads\/2024\/04\/MO_Mifar-Srl_General-Part_eng_2024.pdf\" target=\"_self\" style=\"color: #ffffff;background-color: rgba(0,0,0,0.01)\" class=\"qode-btn qode-btn-medium qode-btn-solid qode-btn-custom-hover-bg qode-btn-icon version_right qode-btn-icon-square qode-btn-default-hover\" data-hover-bg-color=\"rgba(255,255,255,0.1)\" >\n\t    <span class=\"qode-btn-text\">Englisch<\/span><span class=\"qode-button-v2-icon-holder\"  ><i class=\"qode_icon_font_awesome fa fa-arrow-right qode-button-v2-icon-holder-inner\" ><\/i><\/span>\t<\/a>\n\n\n\n\t<a href=\"https:\/\/mifar.com\/wp-content\/uploads\/2024\/04\/MO_Parte-Generale_Mifar-Srl_ita_2024.pdf\" target=\"_self\" style=\"color: #ffffff;background-color: rgba(0,0,0,0.01)\" class=\"qode-btn qode-btn-medium qode-btn-solid qode-btn-custom-hover-bg qode-btn-icon qode-btn-icon-square qode-btn-default-hover\" data-hover-bg-color=\"rgba(255,255,255,0.1)\" >\n\t    <span class=\"qode-btn-text\">Italienisch<\/span><span class=\"qode-button-v2-icon-holder\"  ><i class=\"qode_icon_font_awesome fa fa-arrow-right qode-button-v2-icon-holder-inner\" ><\/i><\/span>\t<\/a>\n\n[\/vc_column][vc_column width=&#8221;1\/2&#8243; css=&#8221;.vc_custom_1594383764837{margin-left: 10px !important;padding-top: 30px !important;padding-right: 30px !important;padding-bottom: 30px !important;padding-left: 30px !important;background-color: #58229b !important;}&#8221; el_class=&#8221;mold&#8221;][vc_row_inner row_type=&#8221;row&#8221; type=&#8221;full_width&#8221; text_align=&#8221;left&#8221; css_animation=&#8221;&#8221;][vc_column_inner][vc_column_text]<\/p>\n<p class=\"p1\"><span style=\"color: #ffffff; font-size: 26px;\">Ethik-Kodex<\/span><\/p>\n<p>[\/vc_column_text][\/vc_column_inner][\/vc_row_inner][vc_empty_space height=&#8221;30px&#8221;]\n\n\t<a href=\"https:\/\/mifar.com\/wp-content\/uploads\/2024\/04\/Code-Of-Ethics_Mifar-srl_eng_2024.pdf\" target=\"_self\" style=\"color: #ffffff;background-color: rgba(0,0,0,0.01)\" class=\"qode-btn qode-btn-medium qode-btn-solid qode-btn-custom-hover-bg qode-btn-icon version_right qode-btn-icon-square qode-btn-default-hover\" data-hover-bg-color=\"rgba(255,255,255,0.1)\" >\n\t    <span class=\"qode-btn-text\">Englisch<\/span><span class=\"qode-button-v2-icon-holder\"  ><i class=\"qode_icon_font_awesome fa fa-arrow-right qode-button-v2-icon-holder-inner\" ><\/i><\/span>\t<\/a>\n\n\n\n\t<a href=\"https:\/\/mifar.com\/wp-content\/uploads\/2024\/04\/Codice-Etico_Mifar-srl_ita_2024.pdf\" target=\"_self\" style=\"color: #ffffff;background-color: rgba(0,0,0,0.01)\" class=\"qode-btn qode-btn-medium qode-btn-solid qode-btn-custom-hover-bg qode-btn-icon qode-btn-icon-square qode-btn-default-hover\" data-hover-bg-color=\"rgba(255,255,255,0.1)\" >\n\t    <span class=\"qode-btn-text\">Italienisch<\/span><span class=\"qode-button-v2-icon-holder\"  ><i class=\"qode_icon_font_awesome fa fa-arrow-right qode-button-v2-icon-holder-inner\" ><\/i><\/span>\t<\/a>\n\n[\/vc_column][\/vc_row][vc_row css_animation=&#8221;&#8221; row_type=&#8221;row&#8221; use_row_as_full_screen_section=&#8221;no&#8221; type=&#8221;grid&#8221; angled_section=&#8221;no&#8221; text_align=&#8221;left&#8221; background_image_as_pattern=&#8221;without_pattern&#8221; css=&#8221;.vc_custom_1587978256279{background-position: 0 0 !important;background-repeat: no-repeat !important;}&#8221; z_index=&#8221;&#8221;][vc_column][vc_empty_space height=&#8221;40px&#8221;][vc_column_text]<span style=\"color: #29a3d3;\"><a style=\"color: #29a3d3;\" href=\"https:\/\/mifar.com\/wp-content\/uploads\/2024\/01\/MO-Whistleblowing-policy.pdf\" target=\"_blank\" rel=\"noopener\"><strong>Whistleblowing Policy<\/strong><\/a><\/span><\/p>\n<div id=\"gtx-trans\" style=\"position: absolute; left: -81px; top: -10px;\">\n<div class=\"gtx-trans-icon\"><\/div>\n<\/div>\n<p>[\/vc_column_text][vc_empty_space height=&#8221;100px&#8221;][\/vc_column][\/vc_row]<\/p>\n<\/div>","protected":false},"excerpt":{"rendered":"<p>[vc_row css_animation=&#8221;&#8221; row_type=&#8221;row&#8221; use_row_as_full_screen_section=&#8221;no&#8221; type=&#8221;grid&#8221; angled_section=&#8221;no&#8221; text_align=&#8221;left&#8221; background_image_as_pattern=&#8221;without_pattern&#8221; css=&#8221;.vc_custom_1580393488061{margin-bottom: 20px !important;background-position: 0 0 !important;background-repeat: no-repeat !important;}&#8221; z_index=&#8221;&#8221;][vc_column width=&#8221;2\/3&#8243;][vc_column_text] Organisationsmodell gem\u00e4\u00df italienischem D.Lgs. 231\/2001 [\/vc_column_text][\/vc_column][vc_column width=&#8221;1\/3&#8243;][vc_separator type=&#8221;normal&#8221; color=&#8221;#29a3d3&#8243;][\/vc_column][\/vc_row][vc_row css_animation=&#8221;&#8221; row_type=&#8221;row&#8221; use_row_as_full_screen_section=&#8221;no&#8221; type=&#8221;grid&#8221; angled_section=&#8221;no&#8221; text_align=&#8221;left&#8221; background_image_as_pattern=&#8221;without_pattern&#8221; z_index=&#8221;&#8221;][vc_column][vc_column_text] Mifar S.r.l. hat sich entschieden, zum 1. November 2017 ein&#8230;<\/p>\n","protected":false},"author":7,"featured_media":0,"parent":0,"menu_order":0,"comment_status":"closed","ping_status":"closed","template":"","meta":{"footnotes":""},"class_list":["post-20023","page","type-page","status-publish","hentry"],"_links":{"self":[{"href":"https:\/\/mifar.com\/de\/wp-json\/wp\/v2\/pages\/20023","targetHints":{"allow":["GET"]}}],"collection":[{"href":"https:\/\/mifar.com\/de\/wp-json\/wp\/v2\/pages"}],"about":[{"href":"https:\/\/mifar.com\/de\/wp-json\/wp\/v2\/types\/page"}],"author":[{"embeddable":true,"href":"https:\/\/mifar.com\/de\/wp-json\/wp\/v2\/users\/7"}],"replies":[{"embeddable":true,"href":"https:\/\/mifar.com\/de\/wp-json\/wp\/v2\/comments?post=20023"}],"version-history":[{"count":6,"href":"https:\/\/mifar.com\/de\/wp-json\/wp\/v2\/pages\/20023\/revisions"}],"predecessor-version":[{"id":20641,"href":"https:\/\/mifar.com\/de\/wp-json\/wp\/v2\/pages\/20023\/revisions\/20641"}],"wp:attachment":[{"href":"https:\/\/mifar.com\/de\/wp-json\/wp\/v2\/media?parent=20023"}],"curies":[{"name":"wp","href":"https:\/\/api.w.org\/{rel}","templated":true}]}}