{"id":20029,"date":"2020-04-17T09:37:58","date_gmt":"2020-04-17T09:37:58","guid":{"rendered":"https:\/\/mifar.com\/certifications\/"},"modified":"2021-05-24T15:22:20","modified_gmt":"2021-05-24T15:22:20","slug":"certifications","status":"publish","type":"page","link":"https:\/\/mifar.com\/de\/certifications\/","title":{"rendered":"Zertifizierungen"},"content":{"rendered":"<div class=\"wpb-content-wrapper\"><p>[vc_row css_animation=&#8221;&#8221; row_type=&#8221;row&#8221; use_row_as_full_screen_section=&#8221;no&#8221; type=&#8221;grid&#8221; angled_section=&#8221;no&#8221; text_align=&#8221;left&#8221; background_image_as_pattern=&#8221;without_pattern&#8221; css=&#8221;.vc_custom_1580393488061{margin-bottom: 20px !important;background-position: 0 0 !important;background-repeat: no-repeat !important;}&#8221; z_index=&#8221;&#8221;][vc_column width=&#8221;1\/2&#8243;][vc_column_text]<\/p>\n<h3>Zertifizierungen<\/h3>\n<p>[\/vc_column_text][\/vc_column][vc_column width=&#8221;1\/2&#8243;][vc_separator type=&#8221;normal&#8221; color=&#8221;#29a3d3&#8243;][\/vc_column][\/vc_row][vc_row css_animation=&#8221;&#8221; row_type=&#8221;row&#8221; use_row_as_full_screen_section=&#8221;no&#8221; type=&#8221;grid&#8221; angled_section=&#8221;no&#8221; text_align=&#8221;left&#8221; background_image_as_pattern=&#8221;without_pattern&#8221; z_index=&#8221;&#8221;][vc_column][vc_column_text]<a href=\"https:\/\/mifar.com\/wp-content\/uploads\/2020\/04\/Certificato-OK-Compost.pdf\"><strong>OK COMPOST EN 13432:2000<\/strong><\/a><\/p>\n<p>Im Rahmen der Erweiterung des Produktportfolios hat Mifar Srl die T\u00dcV Zertifikationen erhalten und einige kompostierbare und umweltfreundliche Produkte erfolgreich auf dem Markt eingef\u00fchrt.<\/p>\n<p>Die Pigmente OK COMPOST von Mifar sind nach der harmonisierten Norm EN 13432:2000 zertifiziert und entsprechen den Anforderungen der EU-Verpackungsrichtlinie (94\/62\/EG).<\/p>\n<p>&nbsp;<\/p>\n<p><a href=\"https:\/\/mifar.com\/wp-content\/uploads\/2020\/04\/Certificato-UNI-EN-ISO_2021.pdf\"><strong>DIN EN ISO 9001:2015<\/strong><\/a><\/p>\n<p>Diese Norm ist international anerkannt f\u00fcr das Erstellen, die Umsetzung und die Verwaltung eines Qualit\u00e4tsmanagementsystems. Seit \u00fcber 10 Jahren steht die Zertifizierung DIN EN ISO 9001 f\u00fcr eine Sammlung der Anforderungen an die gute Unternehmensf\u00fchrung.<\/p>\n<p>Die Anpassung an die neue Norm DIN EN ISO 9001:2015 hat den Aufbau einer sorgf\u00e4ltigen Analyse der F\u00fchrung von Mifar, des Umfelds und der beteiligten Parteien im T\u00e4tigkeitsbereich des Unternehmens erlaubt und so die Voraussetzungen f\u00fcr eine strategische Risikobeurteilung geschaffen, mit der Zielsetzung einer kontinuierlichen Verbesserung der Gesch\u00e4ftsabl\u00e4ufe.[\/vc_column_text][vc_empty_space height=&#8221;50px&#8221;][\/vc_column][\/vc_row]<\/p>\n<\/div>","protected":false},"excerpt":{"rendered":"<p>[vc_row css_animation=&#8221;&#8221; row_type=&#8221;row&#8221; use_row_as_full_screen_section=&#8221;no&#8221; type=&#8221;grid&#8221; angled_section=&#8221;no&#8221; text_align=&#8221;left&#8221; background_image_as_pattern=&#8221;without_pattern&#8221; css=&#8221;.vc_custom_1580393488061{margin-bottom: 20px !important;background-position: 0 0 !important;background-repeat: no-repeat !important;}&#8221; z_index=&#8221;&#8221;][vc_column width=&#8221;1\/2&#8243;][vc_column_text] Zertifizierungen [\/vc_column_text][\/vc_column][vc_column width=&#8221;1\/2&#8243;][vc_separator type=&#8221;normal&#8221; color=&#8221;#29a3d3&#8243;][\/vc_column][\/vc_row][vc_row css_animation=&#8221;&#8221; row_type=&#8221;row&#8221; use_row_as_full_screen_section=&#8221;no&#8221; type=&#8221;grid&#8221; angled_section=&#8221;no&#8221; text_align=&#8221;left&#8221; background_image_as_pattern=&#8221;without_pattern&#8221; z_index=&#8221;&#8221;][vc_column][vc_column_text]OK COMPOST EN 13432:2000 Im Rahmen der Erweiterung des Produktportfolios hat Mifar Srl die T\u00dcV&#8230;<\/p>\n","protected":false},"author":7,"featured_media":0,"parent":0,"menu_order":0,"comment_status":"closed","ping_status":"closed","template":"","meta":{"footnotes":""},"class_list":["post-20029","page","type-page","status-publish","hentry"],"_links":{"self":[{"href":"https:\/\/mifar.com\/de\/wp-json\/wp\/v2\/pages\/20029","targetHints":{"allow":["GET"]}}],"collection":[{"href":"https:\/\/mifar.com\/de\/wp-json\/wp\/v2\/pages"}],"about":[{"href":"https:\/\/mifar.com\/de\/wp-json\/wp\/v2\/types\/page"}],"author":[{"embeddable":true,"href":"https:\/\/mifar.com\/de\/wp-json\/wp\/v2\/users\/7"}],"replies":[{"embeddable":true,"href":"https:\/\/mifar.com\/de\/wp-json\/wp\/v2\/comments?post=20029"}],"version-history":[{"count":3,"href":"https:\/\/mifar.com\/de\/wp-json\/wp\/v2\/pages\/20029\/revisions"}],"predecessor-version":[{"id":20031,"href":"https:\/\/mifar.com\/de\/wp-json\/wp\/v2\/pages\/20029\/revisions\/20031"}],"wp:attachment":[{"href":"https:\/\/mifar.com\/de\/wp-json\/wp\/v2\/media?parent=20029"}],"curies":[{"name":"wp","href":"https:\/\/api.w.org\/{rel}","templated":true}]}}