{"id":20047,"date":"2020-04-17T09:38:51","date_gmt":"2020-04-17T09:38:51","guid":{"rendered":"https:\/\/mifar.com\/employees\/"},"modified":"2021-05-24T15:26:24","modified_gmt":"2021-05-24T15:26:24","slug":"employees","status":"publish","type":"page","link":"https:\/\/mifar.com\/de\/employees\/","title":{"rendered":"Personal"},"content":{"rendered":"<div class=\"wpb-content-wrapper\"><p>[vc_row css_animation=&#8221;&#8221; row_type=&#8221;row&#8221; use_row_as_full_screen_section=&#8221;no&#8221; type=&#8221;grid&#8221; angled_section=&#8221;no&#8221; text_align=&#8221;left&#8221; background_image_as_pattern=&#8221;without_pattern&#8221; css=&#8221;.vc_custom_1580393488061{margin-bottom: 20px !important;background-position: 0 0 !important;background-repeat: no-repeat !important;}&#8221; z_index=&#8221;&#8221;][vc_column width=&#8221;1\/2&#8243;][vc_column_text]<\/p>\n<h3>Personal<\/h3>\n<p>[\/vc_column_text][\/vc_column][vc_column width=&#8221;1\/2&#8243;][vc_separator type=&#8221;normal&#8221; color=&#8221;#29a3d3&#8243;][\/vc_column][\/vc_row][vc_row css_animation=&#8221;&#8221; row_type=&#8221;row&#8221; use_row_as_full_screen_section=&#8221;no&#8221; type=&#8221;grid&#8221; angled_section=&#8221;no&#8221; text_align=&#8221;left&#8221; background_image_as_pattern=&#8221;without_pattern&#8221; z_index=&#8221;&#8221;][vc_column][vc_column_text]Mifar is people. Der Erfolg von Mifar ist dem Engagement des gesamten Personals zu verdanken, das ermutigt wird, seine eigenen F\u00e4higkeiten mit personalisierten Schulungen weiterzuentwickeln und so die Professionalit\u00e4t und die Qualit\u00e4t der Leistung zu verbessern und das Verantwortungsbewusstsein zu steigern.<\/p>\n<p>Die Schulungs- und Weiterbildungsinitiativen der Mitarbeiter haben zwei Ziele. In erster Linie stellen sie eine angemessene Einweisung in die Durchf\u00fchrung der jeweiligen Aufgaben und Rollen sicher, um f\u00fcr effektive Kompetenz und die korrekte Durchf\u00fchrung zu garantieren. Auf der anderen Seite vermitteln sie dem Personal ein Bewusstsein f\u00fcr seine T\u00e4tigkeiten, die signifikante Auswirkungen auf die Umwelt, die Qualit\u00e4t und die Sicherheit haben oder verursachen k\u00f6nnen.<\/p>\n<p>Das Personal von Mifar setzt sich daf\u00fcr ein, herausragende Produkte im Hinblick auf Innovation und Qualit\u00e4t und einen effizienten weltweiten Kundenservice zu liefern.[\/vc_column_text][vc_empty_space height=&#8221;50px&#8221;][\/vc_column][\/vc_row]<\/p>\n<\/div>","protected":false},"excerpt":{"rendered":"<p>[vc_row css_animation=&#8221;&#8221; row_type=&#8221;row&#8221; use_row_as_full_screen_section=&#8221;no&#8221; type=&#8221;grid&#8221; angled_section=&#8221;no&#8221; text_align=&#8221;left&#8221; background_image_as_pattern=&#8221;without_pattern&#8221; css=&#8221;.vc_custom_1580393488061{margin-bottom: 20px !important;background-position: 0 0 !important;background-repeat: no-repeat !important;}&#8221; z_index=&#8221;&#8221;][vc_column width=&#8221;1\/2&#8243;][vc_column_text] Personal [\/vc_column_text][\/vc_column][vc_column width=&#8221;1\/2&#8243;][vc_separator type=&#8221;normal&#8221; color=&#8221;#29a3d3&#8243;][\/vc_column][\/vc_row][vc_row css_animation=&#8221;&#8221; row_type=&#8221;row&#8221; use_row_as_full_screen_section=&#8221;no&#8221; type=&#8221;grid&#8221; angled_section=&#8221;no&#8221; text_align=&#8221;left&#8221; background_image_as_pattern=&#8221;without_pattern&#8221; z_index=&#8221;&#8221;][vc_column][vc_column_text]Mifar is people. Der Erfolg von Mifar ist dem Engagement des gesamten Personals zu verdanken,&#8230;<\/p>\n","protected":false},"author":7,"featured_media":0,"parent":0,"menu_order":0,"comment_status":"closed","ping_status":"closed","template":"","meta":{"footnotes":""},"class_list":["post-20047","page","type-page","status-publish","hentry"],"_links":{"self":[{"href":"https:\/\/mifar.com\/de\/wp-json\/wp\/v2\/pages\/20047","targetHints":{"allow":["GET"]}}],"collection":[{"href":"https:\/\/mifar.com\/de\/wp-json\/wp\/v2\/pages"}],"about":[{"href":"https:\/\/mifar.com\/de\/wp-json\/wp\/v2\/types\/page"}],"author":[{"embeddable":true,"href":"https:\/\/mifar.com\/de\/wp-json\/wp\/v2\/users\/7"}],"replies":[{"embeddable":true,"href":"https:\/\/mifar.com\/de\/wp-json\/wp\/v2\/comments?post=20047"}],"version-history":[{"count":3,"href":"https:\/\/mifar.com\/de\/wp-json\/wp\/v2\/pages\/20047\/revisions"}],"predecessor-version":[{"id":20050,"href":"https:\/\/mifar.com\/de\/wp-json\/wp\/v2\/pages\/20047\/revisions\/20050"}],"wp:attachment":[{"href":"https:\/\/mifar.com\/de\/wp-json\/wp\/v2\/media?parent=20047"}],"curies":[{"name":"wp","href":"https:\/\/api.w.org\/{rel}","templated":true}]}}