{"id":20052,"date":"2020-04-17T09:39:26","date_gmt":"2020-04-17T09:39:26","guid":{"rendered":"https:\/\/mifar.com\/federchimica\/"},"modified":"2021-05-24T15:29:54","modified_gmt":"2021-05-24T15:29:54","slug":"federchimica","status":"publish","type":"page","link":"https:\/\/mifar.com\/de\/federchimica\/","title":{"rendered":"Federchimica"},"content":{"rendered":"<div class=\"wpb-content-wrapper\"><p>[vc_row css_animation=&#8221;&#8221; row_type=&#8221;row&#8221; use_row_as_full_screen_section=&#8221;no&#8221; type=&#8221;grid&#8221; angled_section=&#8221;no&#8221; text_align=&#8221;left&#8221; background_image_as_pattern=&#8221;without_pattern&#8221; css=&#8221;.vc_custom_1580393488061{margin-bottom: 20px !important;background-position: 0 0 !important;background-repeat: no-repeat !important;}&#8221; z_index=&#8221;&#8221;][vc_column width=&#8221;1\/2&#8243;][vc_column_text]<\/p>\n<h3>Federchimica<\/h3>\n<p>[\/vc_column_text][\/vc_column][vc_column width=&#8221;1\/2&#8243;][vc_separator type=&#8221;normal&#8221; color=&#8221;#29a3d3&#8243;][\/vc_column][\/vc_row][vc_row css_animation=&#8221;&#8221; row_type=&#8221;row&#8221; use_row_as_full_screen_section=&#8221;no&#8221; type=&#8221;grid&#8221; angled_section=&#8221;no&#8221; text_align=&#8221;left&#8221; background_image_as_pattern=&#8221;without_pattern&#8221; z_index=&#8221;&#8221;][vc_column][vc_column_text]Das Unternehmen Mifar ist Mitglied im italienischen Chemieverband Federchimica.<\/p>\n<p>Als Mitglied teilt Mifar die Hauptziele des Verbands, die auf die Koordination und den Schutz der Rolle der italienischen Chemieindustrie und ihre Entwicklung abzielen und mit folgenden Initiativen umgesetzt werden:<\/p>\n<ul>\n<li>Ausarbeitung von politischen Leitlinien f\u00fcr wirtschaftliche, industrielle und gewerkschaftliche Aspekte sowie in den Bereichen Sicherheit, Gesundheit und Umweltschutz, Innovation, Energie und Logistik.<\/li>\n<li>F\u00f6rderung dieser Politik bei den Beh\u00f6rden, den nationalen Wirtschaftsverb\u00e4nden, den anderen Unternehmensverb\u00e4nden, den internationalen Verb\u00e4nden, an denen Federazione beteiligt ist, den Gewerkschaften, den Umweltschutzverb\u00e4nden und den Verbraucherschutzverb\u00e4nden.<\/li>\n<li>Beitrag zur korrekten Imagebildung der Chemieindustrie in der \u00f6ffentlichen Meinung.<\/li>\n<li>Durchf\u00fchrung von Studien und Forschungen, die unternehmerische Entscheidungen anregen und legitimieren.<\/li>\n<li>Unterst\u00fctzung der Unternehmen des Verbandes bei ihrem Wachstum.<\/li>\n<\/ul>\n<p>&nbsp;<\/p>\n<p>Mifar ist auf dem europ\u00e4ischen Markt und dem Weltmarkt t\u00e4tig und stimmt seine T\u00e4tigkeiten auf die Bestimmungen, die Politik und die Grunds\u00e4tze der ma\u00dfgeblichen Verb\u00e4nde und Agenturen der Chemiebranche ab, wie die Europ\u00e4ische Chemikalienagentur (ECHA) <a href=\"https:\/\/echa.europa.eu\/it\/home\">https:\/\/echa.europa.eu\/it\/home<\/a> und der Verband der Europ\u00e4ischen Chemischen Industrie (Cefic) <a href=\"https:\/\/cefic.org\/\">https:\/\/cefic.org\/<\/a>[\/vc_column_text][vc_empty_space height=&#8221;50px&#8221;][\/vc_column][\/vc_row]<\/p>\n<\/div>","protected":false},"excerpt":{"rendered":"<p>[vc_row css_animation=&#8221;&#8221; row_type=&#8221;row&#8221; use_row_as_full_screen_section=&#8221;no&#8221; type=&#8221;grid&#8221; angled_section=&#8221;no&#8221; text_align=&#8221;left&#8221; background_image_as_pattern=&#8221;without_pattern&#8221; css=&#8221;.vc_custom_1580393488061{margin-bottom: 20px !important;background-position: 0 0 !important;background-repeat: no-repeat !important;}&#8221; z_index=&#8221;&#8221;][vc_column width=&#8221;1\/2&#8243;][vc_column_text] Federchimica [\/vc_column_text][\/vc_column][vc_column width=&#8221;1\/2&#8243;][vc_separator type=&#8221;normal&#8221; color=&#8221;#29a3d3&#8243;][\/vc_column][\/vc_row][vc_row css_animation=&#8221;&#8221; row_type=&#8221;row&#8221; use_row_as_full_screen_section=&#8221;no&#8221; type=&#8221;grid&#8221; angled_section=&#8221;no&#8221; text_align=&#8221;left&#8221; background_image_as_pattern=&#8221;without_pattern&#8221; z_index=&#8221;&#8221;][vc_column][vc_column_text]Das Unternehmen Mifar ist Mitglied im italienischen Chemieverband Federchimica. Als Mitglied teilt Mifar die Hauptziele&#8230;<\/p>\n","protected":false},"author":7,"featured_media":0,"parent":0,"menu_order":0,"comment_status":"closed","ping_status":"closed","template":"","meta":{"footnotes":""},"class_list":["post-20052","page","type-page","status-publish","hentry"],"_links":{"self":[{"href":"https:\/\/mifar.com\/de\/wp-json\/wp\/v2\/pages\/20052","targetHints":{"allow":["GET"]}}],"collection":[{"href":"https:\/\/mifar.com\/de\/wp-json\/wp\/v2\/pages"}],"about":[{"href":"https:\/\/mifar.com\/de\/wp-json\/wp\/v2\/types\/page"}],"author":[{"embeddable":true,"href":"https:\/\/mifar.com\/de\/wp-json\/wp\/v2\/users\/7"}],"replies":[{"embeddable":true,"href":"https:\/\/mifar.com\/de\/wp-json\/wp\/v2\/comments?post=20052"}],"version-history":[{"count":3,"href":"https:\/\/mifar.com\/de\/wp-json\/wp\/v2\/pages\/20052\/revisions"}],"predecessor-version":[{"id":20055,"href":"https:\/\/mifar.com\/de\/wp-json\/wp\/v2\/pages\/20052\/revisions\/20055"}],"wp:attachment":[{"href":"https:\/\/mifar.com\/de\/wp-json\/wp\/v2\/media?parent=20052"}],"curies":[{"name":"wp","href":"https:\/\/api.w.org\/{rel}","templated":true}]}}