{"id":20081,"date":"2020-04-13T15:51:50","date_gmt":"2020-04-13T15:51:50","guid":{"rendered":"https:\/\/mifar.com\/printing-inks\/"},"modified":"2021-05-27T15:00:53","modified_gmt":"2021-05-27T15:00:53","slug":"printing-inks","status":"publish","type":"page","link":"https:\/\/mifar.com\/de\/printing-inks\/","title":{"rendered":"Druckfarben"},"content":{"rendered":"<div class=\"wpb-content-wrapper\"><p>[vc_row css_animation=&#8221;&#8221; row_type=&#8221;row&#8221; use_row_as_full_screen_section=&#8221;no&#8221; type=&#8221;grid&#8221; angled_section=&#8221;no&#8221; text_align=&#8221;left&#8221; background_image_as_pattern=&#8221;without_pattern&#8221; css=&#8221;.vc_custom_1580393488061{margin-bottom: 20px !important;background-position: 0 0 !important;background-repeat: no-repeat !important;}&#8221; z_index=&#8221;&#8221;][vc_column width=&#8221;1\/2&#8243;][vc_column_text]<\/p>\n<h3>Druckfarben<\/h3>\n<p>[\/vc_column_text][\/vc_column][vc_column width=&#8221;1\/2&#8243;][vc_separator type=&#8221;normal&#8221; color=&#8221;#29a3d3&#8243;][\/vc_column][\/vc_row][vc_row css_animation=&#8221;&#8221; row_type=&#8221;row&#8221; use_row_as_full_screen_section=&#8221;no&#8221; type=&#8221;grid&#8221; angled_section=&#8221;no&#8221; text_align=&#8221;left&#8221; background_image_as_pattern=&#8221;without_pattern&#8221; z_index=&#8221;&#8221;][vc_column][vc_column_text]Mifar bietet Pigmentpasten f\u00fcr die Herstellung von Druckfarben mit hohem Farbwiedergabeindex und hervorragender Glanzgrad f\u00fcr unterschiedlich Druckverfahren. Die Produktpalette von Mifar zeichnet sich durch die hohe Kompatibilit\u00e4t aus und erlaubt ein breit gef\u00e4chertes Angebot an Druckfarben f\u00fcr Flexodruck, Tintenstrahldruck, Siebdruck, Offset-Druck und Rotationstiefdruck und den industriellen Druck.<\/p>\n<p>Besondere Aufmerksamkeit ist der Serie Disperlit vorbehalten, die auch im Hinblick auf den Umweltschutz optimale Leistungen bietet.<\/p>\n<p>Die Rohstoffe werden von Mifar sorgf\u00e4ltig und unter Beachtung der internationalen Standards und der Empfehlungen und Richtlinien des EuPIA ausgew\u00e4hlt<\/p>\n<p>Die Pigmentpasten von Mifar eignen sich f\u00fcr die wichtigsten Bedruckstoffe, wie Aluminium, Papier, Cellulose, BOPP, PET, PE, Oberfl\u00e4chen aus PVC und andere Plastikfolien.[\/vc_column_text][vc_empty_space height=&#8221;50px&#8221;][\/vc_column][\/vc_row][vc_row css_animation=&#8221;&#8221; row_type=&#8221;row&#8221; use_row_as_full_screen_section=&#8221;no&#8221; type=&#8221;grid&#8221; angled_section=&#8221;no&#8221; text_align=&#8221;left&#8221; background_image_as_pattern=&#8221;without_pattern&#8221; css=&#8221;.vc_custom_1591973859562{margin-bottom: 40px !important;background-position: 0 0 !important;background-repeat: no-repeat !important;}&#8221; z_index=&#8221;&#8221;][vc_column width=&#8221;1\/4&#8243;][vc_column_text]<\/p>\n<h3>Produktpalette<\/h3>\n<p>[\/vc_column_text][\/vc_column][vc_column width=&#8221;3\/4&#8243;][vc_separator type=&#8221;normal&#8221; color=&#8221;#29a3d3&#8243;][\/vc_column][\/vc_row][vc_row css_animation=&#8221;&#8221; row_type=&#8221;row&#8221; use_row_as_full_screen_section=&#8221;yes&#8221; type=&#8221;grid&#8221; angled_section=&#8221;no&#8221; text_align=&#8221;left&#8221; background_image_as_pattern=&#8221;without_pattern&#8221; css=&#8221;.vc_custom_1580399677552{padding-top: 5px !important;padding-bottom: 5px !important;background-position: 0 0 !important;background-repeat: no-repeat !important;}&#8221; z_index=&#8221;&#8221;][vc_column][vc_column_text]<\/p>\n<p class=\"p1\"><span style=\"color: #29a3d3; font-size: 18px;\"><strong>Dispercel NC<\/strong><\/span><\/p>\n<p>[\/vc_column_text][vc_column_text css=&#8221;.vc_custom_1622127469926{padding-bottom: 10px !important;}&#8221;]<\/p>\n<p class=\"p1\">Hochkonzentrierte Pigmentpaste mit Dispergierung in Nitrocellulose-Harz auf Alkoholbasis. Diese Serie eignet sich insbesondere f\u00fcr Druckfarben f\u00fcr den Flexodruck und den Rotationstiefdruck auf Aluminium und zahlreichen Plastikfolien. Vielseitig einsetzbar auch f\u00fcr Holzlacke, Beschichtungen und Anwendungen in der Kosmetikindustrie.<\/p>\n<p>[\/vc_column_text][vc_separator type=&#8221;normal&#8221; color=&#8221;#29a3d3&#8243;][\/vc_column][\/vc_row][vc_row css_animation=&#8221;&#8221; row_type=&#8221;row&#8221; use_row_as_full_screen_section=&#8221;yes&#8221; type=&#8221;grid&#8221; angled_section=&#8221;no&#8221; text_align=&#8221;left&#8221; background_image_as_pattern=&#8221;without_pattern&#8221; css=&#8221;.vc_custom_1580399677552{padding-top: 5px !important;padding-bottom: 5px !important;background-position: 0 0 !important;background-repeat: no-repeat !important;}&#8221; z_index=&#8221;&#8221;][vc_column][vc_column_text]<\/p>\n<p class=\"p1\"><span style=\"color: #29a3d3; font-size: 18px;\"><strong>Dispercel NCE<\/strong><\/span><\/p>\n<p>[\/vc_column_text][vc_column_text css=&#8221;.vc_custom_1622127484159{padding-bottom: 10px !important;}&#8221;]<\/p>\n<p class=\"p1\">Hochkonzentrierte Pigmentpaste mit Dispergierung in Nitrocellulose-Harz auf Esterbasis. Diese Serie eignet sich insbesondere f\u00fcr Lacke, Farben mit unterschiedlicher chemischer Zusammensetzung, Fahrzeugreparaturen, Holzlacke und Lederoberfl\u00e4chen.<\/p>\n<p>[\/vc_column_text][vc_separator type=&#8221;normal&#8221; color=&#8221;#29a3d3&#8243;][\/vc_column][\/vc_row][vc_row css_animation=&#8221;&#8221; row_type=&#8221;row&#8221; use_row_as_full_screen_section=&#8221;yes&#8221; type=&#8221;grid&#8221; angled_section=&#8221;no&#8221; text_align=&#8221;left&#8221; background_image_as_pattern=&#8221;without_pattern&#8221; css=&#8221;.vc_custom_1580399677552{padding-top: 5px !important;padding-bottom: 5px !important;background-position: 0 0 !important;background-repeat: no-repeat !important;}&#8221; z_index=&#8221;&#8221;][vc_column][vc_column_text]<\/p>\n<p class=\"p1\"><span style=\"color: #29a3d3; font-size: 18px;\"><strong>Dispervyn VI<\/strong><\/span><\/p>\n<p>[\/vc_column_text][vc_column_text css=&#8221;.vc_custom_1622127498384{padding-bottom: 10px !important;}&#8221;]<\/p>\n<p class=\"p1\">Leistungsstarke Pigmentpaste mit Dispergierung in einem Vinylchlorid- und Vinylacetat-Copolymer. Diese Pigmentpaste eignet sich insbesondere f\u00fcr Druckfarben und Drucktinten f\u00fcr Vinylsubstrate, abnehmbare Verkleidungen, Verkleidungen aus Mauerwerk und Metall, Verkleidungen aus PVC, Kleidungsst\u00fccke aus Plastik, Leder mit Oberfl\u00e4chenbehandlung auf PU-Basis und Kunststoffe auf PU-Basis.<\/p>\n<p>[\/vc_column_text][vc_separator type=&#8221;normal&#8221; color=&#8221;#29a3d3&#8243;][\/vc_column][\/vc_row][vc_row css_animation=&#8221;&#8221; row_type=&#8221;row&#8221; use_row_as_full_screen_section=&#8221;yes&#8221; type=&#8221;grid&#8221; angled_section=&#8221;no&#8221; text_align=&#8221;left&#8221; background_image_as_pattern=&#8221;without_pattern&#8221; css=&#8221;.vc_custom_1580399677552{padding-top: 5px !important;padding-bottom: 5px !important;background-position: 0 0 !important;background-repeat: no-repeat !important;}&#8221; z_index=&#8221;&#8221;][vc_column][vc_column_text]<\/p>\n<p class=\"p1\"><span style=\"color: #29a3d3; font-size: 18px;\"><strong>Dispercab CB<\/strong><\/span><\/p>\n<p>[\/vc_column_text][vc_column_text css=&#8221;.vc_custom_1622127511824{padding-bottom: 10px !important;}&#8221;]Serie mit Pigmentpasten mit Dispergierung in Celluloseacetatbutyrat (CAB), die sich insbesondere f\u00fcr Druckfarben f\u00fcr den Rotationstiefdruck und den Flexodruck, Siebdruckfarben, Holzoberfl\u00e4chen, Fahrzeugoberfl\u00e4chen, Gummi- und Kunststoffbeschichtungen, Stoff- und Lederbehandlungen oder f\u00fcr Nagellacke eignen.[\/vc_column_text][vc_separator type=&#8221;normal&#8221; color=&#8221;#29a3d3&#8243;][\/vc_column][\/vc_row][vc_row css_animation=&#8221;&#8221; row_type=&#8221;row&#8221; use_row_as_full_screen_section=&#8221;yes&#8221; type=&#8221;grid&#8221; angled_section=&#8221;no&#8221; text_align=&#8221;left&#8221; background_image_as_pattern=&#8221;without_pattern&#8221; css=&#8221;.vc_custom_1580399677552{padding-top: 5px !important;padding-bottom: 5px !important;background-position: 0 0 !important;background-repeat: no-repeat !important;}&#8221; z_index=&#8221;&#8221;][vc_column][vc_column_text]<\/p>\n<p class=\"p1\"><span style=\"color: #29a3d3; font-size: 18px;\"><strong>Dispercap AP<\/strong><\/span><\/p>\n<p>[\/vc_column_text][vc_column_text css=&#8221;.vc_custom_1622127527657{padding-bottom: 10px !important;}&#8221;]Leistungsstarke Pigmentpasten mit Dispergierung in Celluloseacetatproprionat (CAP), die sich insbesondere f\u00fcr Druckfarben f\u00fcr den Rotationstiefdruck und den Flexodruck, Aluminium und verschiedene Plastikfolien, Farben f\u00fcr das \u00dcberdrucken, Kunststoffbeschichtungen und Holzfarben eignen.[\/vc_column_text][vc_separator type=&#8221;normal&#8221; color=&#8221;#29a3d3&#8243;][\/vc_column][\/vc_row][vc_row css_animation=&#8221;&#8221; row_type=&#8221;row&#8221; use_row_as_full_screen_section=&#8221;yes&#8221; type=&#8221;grid&#8221; angled_section=&#8221;no&#8221; text_align=&#8221;left&#8221; background_image_as_pattern=&#8221;without_pattern&#8221; css=&#8221;.vc_custom_1580399677552{padding-top: 5px !important;padding-bottom: 5px !important;background-position: 0 0 !important;background-repeat: no-repeat !important;}&#8221; z_index=&#8221;&#8221;][vc_column][vc_column_text]<\/p>\n<p class=\"p1\"><span style=\"color: #29a3d3; font-size: 18px;\"><strong>Dispermid PA<\/strong><\/span><\/p>\n<div id=\"gtx-trans\" style=\"position: absolute; left: 114px; top: -9px;\">\n<div class=\"gtx-trans-icon\"><\/div>\n<\/div>\n<p>[\/vc_column_text][vc_column_text css=&#8221;.vc_custom_1622127541219{padding-bottom: 10px !important;}&#8221;]<\/p>\n<p class=\"p1\">Dispergierte Pigmentpasten f\u00fcr Polyamide, geeignet f\u00fcr Druckfarben auf Polyamidbasis zum Bedrucken von Oberfl\u00e4chen aus behandeltem Polyethylen, f\u00fcr Druckfarben f\u00fcr den Flexodruck und den Rotationstiefdruck und f\u00fcr die Behandlung nicht saugf\u00e4higer Oberfl\u00e4chen. Die Pigmentpasten garantieren f\u00fcr optimale Benetzungseigenschaften der Pigmente, eine schnelle Freisetzung vom L\u00f6semittel und eine gute Frostbest\u00e4ndigkeit. Diese Pigmentpasten eignen sich insbesondere f\u00fcr Kaltsiegel-Verpackungen.<\/p>\n<p>[\/vc_column_text][vc_separator type=&#8221;normal&#8221; color=&#8221;#29a3d3&#8243;][\/vc_column][\/vc_row][vc_row css_animation=&#8221;&#8221; row_type=&#8221;row&#8221; use_row_as_full_screen_section=&#8221;yes&#8221; type=&#8221;grid&#8221; angled_section=&#8221;no&#8221; text_align=&#8221;left&#8221; background_image_as_pattern=&#8221;without_pattern&#8221; css=&#8221;.vc_custom_1580399677552{padding-top: 5px !important;padding-bottom: 5px !important;background-position: 0 0 !important;background-repeat: no-repeat !important;}&#8221; z_index=&#8221;&#8221;][vc_column][vc_column_text]<\/p>\n<p class=\"p1\"><span style=\"color: #29a3d3; font-size: 18px;\"><strong>Dispercryl AW<\/strong><\/span><\/p>\n<div id=\"gtx-trans\" style=\"position: absolute; left: 117px; top: 41px;\">\n<div class=\"gtx-trans-icon\"><\/div>\n<\/div>\n<p>[\/vc_column_text][vc_column_text css=&#8221;.vc_custom_1622127555196{padding-bottom: 10px !important;}&#8221;]Leistungsstarke Pigmentpasten mit Dispergierung in Acrylharz auf Wasserbasis. Ideal f\u00fcr Druckfarben f\u00fcr den \u00dcberdruck und Drucktinten auf Wasserbasis sowie f\u00fcr w\u00e4ssrige Holzfarben und Holzbeschichtungen.[\/vc_column_text][vc_separator type=&#8221;normal&#8221; color=&#8221;#29a3d3&#8243;][\/vc_column][\/vc_row][vc_row css_animation=&#8221;&#8221; row_type=&#8221;row&#8221; use_row_as_full_screen_section=&#8221;yes&#8221; type=&#8221;grid&#8221; angled_section=&#8221;no&#8221; text_align=&#8221;left&#8221; background_image_as_pattern=&#8221;without_pattern&#8221; css=&#8221;.vc_custom_1580399677552{padding-top: 5px !important;padding-bottom: 5px !important;background-position: 0 0 !important;background-repeat: no-repeat !important;}&#8221; z_index=&#8221;&#8221;][vc_column][vc_column_text]<\/p>\n<p class=\"p1\"><span style=\"color: #29a3d3; font-size: 18px;\"><strong>Disperthyl EC<\/strong><\/span><\/p>\n<div id=\"gtx-trans\" style=\"position: absolute; left: 121px; top: -9px;\">\n<div class=\"gtx-trans-icon\"><\/div>\n<\/div>\n<p>[\/vc_column_text][vc_column_text css=&#8221;.vc_custom_1622127568060{padding-bottom: 10px !important;}&#8221;]<\/p>\n<p class=\"p1\">Hochkonzentrierte Pigmentpaste mit Dispergierung in Ethylcellulose. Diese Serie eignet sich insbesondere f\u00fcr Druckfarben f\u00fcr den Flexodruck und den Rotationstiefdruck auf Aluminium und verschiedenen Plastikfolien, sowie f\u00fcr Druckfarben f\u00fcr den \u00dcberdruck und f\u00fcr Kunststoffbeschichtungen.<\/p>\n<p>[\/vc_column_text][vc_separator type=&#8221;normal&#8221; color=&#8221;#29a3d3&#8243;][\/vc_column][\/vc_row][vc_row css_animation=&#8221;&#8221; row_type=&#8221;row&#8221; use_row_as_full_screen_section=&#8221;yes&#8221; type=&#8221;grid&#8221; angled_section=&#8221;no&#8221; text_align=&#8221;left&#8221; background_image_as_pattern=&#8221;without_pattern&#8221; css=&#8221;.vc_custom_1580399677552{padding-top: 5px !important;padding-bottom: 5px !important;background-position: 0 0 !important;background-repeat: no-repeat !important;}&#8221; z_index=&#8221;&#8221;][vc_column][vc_column_text]<\/p>\n<p class=\"p1\"><span style=\"color: #29a3d3; font-size: 18px;\"><strong>Dispervyn VB<\/strong><\/span><\/p>\n<div id=\"gtx-trans\" style=\"position: absolute; left: 113px; top: 41px;\">\n<div class=\"gtx-trans-icon\"><\/div>\n<\/div>\n<p>[\/vc_column_text][vc_column_text css=&#8221;.vc_custom_1622127581644{padding-bottom: 10px !important;}&#8221;]<\/p>\n<p class=\"p1\">Pigmentpasten mit Dispergierung in PVB-Harz (Polyvinylbutyral) hoher Qualit\u00e4t mit geringer Viskosit\u00e4t. Diese Pigmentpasten sind besonders gut geeignet f\u00fcr die Herstellung von Whiteboard-Markern und Druckfarben und zeichnen sich durch ein schnelles Trocknen, eine gute Viskosit\u00e4t und eine hohe Stabilit\u00e4t der Pigmentanordnung aus. Lieferbar in einer Vielzahl verschiedener Farbzahlen.<\/p>\n<p>[\/vc_column_text][vc_separator type=&#8221;normal&#8221; color=&#8221;#29a3d3&#8243;][\/vc_column][\/vc_row][vc_row css_animation=&#8221;&#8221; row_type=&#8221;row&#8221; use_row_as_full_screen_section=&#8221;yes&#8221; type=&#8221;grid&#8221; angled_section=&#8221;no&#8221; text_align=&#8221;left&#8221; background_image_as_pattern=&#8221;without_pattern&#8221; css=&#8221;.vc_custom_1580399677552{padding-top: 5px !important;padding-bottom: 5px !important;background-position: 0 0 !important;background-repeat: no-repeat !important;}&#8221; z_index=&#8221;&#8221;][vc_column][vc_column_text]<\/p>\n<p class=\"p1\"><span style=\"color: #29a3d3; font-size: 18px;\"><strong>Dispervyn VD<\/strong><\/span><\/p>\n<div id=\"gtx-trans\" style=\"position: absolute; left: 133px; top: -9px;\">\n<div class=\"gtx-trans-icon\"><\/div>\n<\/div>\n<p>[\/vc_column_text][vc_column_text css=&#8221;.vc_custom_1622127597934{padding-bottom: 10px !important;}&#8221;]Leistungsstarke Pigmentpaste mit Dispergierung in einem hydroxylierten Vinylchlorid- und Vinylacetat-Copolymer f\u00fcr plastifizierte Vinylsubstrate, modifizierte aromatische PU-Farben und Beschichtungen, Druckfarben f\u00fcr den Flexodruck und den Rotationstiefdruck f\u00fcr Aluminiumfolien, Vinyl, Cellulose und behandelte Polyesterfolien f\u00fcr die PE-Laminierung und f\u00fcr PE-Substrate. Au\u00dferdem eignet sich diese Serie f\u00fcr Anwendungen, bei denen der bedruckte kunststofflaminierte Karton Verfahren f\u00fcr die Produktkonservierung ausgesetzt ist, wie die Pasteurisierung oder Sterilisierung.[\/vc_column_text][vc_separator type=&#8221;normal&#8221; color=&#8221;#29a3d3&#8243;][\/vc_column][\/vc_row][vc_row css_animation=&#8221;&#8221; row_type=&#8221;row&#8221; use_row_as_full_screen_section=&#8221;yes&#8221; type=&#8221;grid&#8221; angled_section=&#8221;no&#8221; text_align=&#8221;left&#8221; background_image_as_pattern=&#8221;without_pattern&#8221; css=&#8221;.vc_custom_1580399677552{padding-top: 5px !important;padding-bottom: 5px !important;background-position: 0 0 !important;background-repeat: no-repeat !important;}&#8221; z_index=&#8221;&#8221;][vc_column][vc_column_text]<\/p>\n<p class=\"p1\"><span style=\"color: #29a3d3; font-size: 18px;\"><strong>Disperlit AW<\/strong><\/span><\/p>\n<div id=\"gtx-trans\" style=\"position: absolute; left: 56px; top: 41px;\">\n<div class=\"gtx-trans-icon\"><\/div>\n<\/div>\n<p>[\/vc_column_text][vc_column_text css=&#8221;.vc_custom_1622127611528{padding-bottom: 10px !important;}&#8221;]Leistungsstarke Pigmentpasten mit Dispergierung in Acrylharz, l\u00f6slich in alkalischem Wasser und Alkohol. Besonders gut geeignet f\u00fcr Druckfarben f\u00fcr den Druck mit hoher Qualit\u00e4t, f\u00fcr das Beschichten von Aluminiumblechen und f\u00fcr das Lackieren von Holz oder f\u00fcr andere w\u00e4ssrige Systeme.[\/vc_column_text][vc_separator type=&#8221;normal&#8221; color=&#8221;#29a3d3&#8243;][\/vc_column][\/vc_row][vc_row css_animation=&#8221;&#8221; row_type=&#8221;row&#8221; use_row_as_full_screen_section=&#8221;yes&#8221; type=&#8221;grid&#8221; angled_section=&#8221;no&#8221; text_align=&#8221;left&#8221; background_image_as_pattern=&#8221;without_pattern&#8221; css=&#8221;.vc_custom_1580399677552{padding-top: 5px !important;padding-bottom: 5px !important;background-position: 0 0 !important;background-repeat: no-repeat !important;}&#8221; z_index=&#8221;&#8221;][vc_column][vc_column_text]<\/p>\n<p class=\"p1\"><span style=\"color: #29a3d3; font-size: 18px;\"><strong>Disperlit EC<\/strong><\/span><\/p>\n<div id=\"gtx-trans\" style=\"position: absolute; left: -114px; top: -9px;\">\n<div class=\"gtx-trans-icon\"><\/div>\n<\/div>\n<p>[\/vc_column_text][vc_column_text css=&#8221;.vc_custom_1622127622240{padding-bottom: 10px !important;}&#8221;]Leistungsstarke Pigmentpasten mit Dispergierung in Ethylcellulosepolymeren. Besonders geeignet f\u00fcr Druckfarben f\u00fcr den Druck mit hoher Qualit\u00e4t und f\u00fcr Holzfarben.[\/vc_column_text][vc_separator type=&#8221;normal&#8221; color=&#8221;#29a3d3&#8243;][\/vc_column][\/vc_row][vc_row css_animation=&#8221;&#8221; row_type=&#8221;row&#8221; use_row_as_full_screen_section=&#8221;yes&#8221; type=&#8221;grid&#8221; angled_section=&#8221;no&#8221; text_align=&#8221;left&#8221; background_image_as_pattern=&#8221;without_pattern&#8221; css=&#8221;.vc_custom_1580399677552{padding-top: 5px !important;padding-bottom: 5px !important;background-position: 0 0 !important;background-repeat: no-repeat !important;}&#8221; z_index=&#8221;&#8221;][vc_column][vc_column_text]<\/p>\n<p class=\"p1\"><span style=\"color: #29a3d3; font-size: 18px;\"><strong>Disperlit VK<\/strong><\/span><\/p>\n<div id=\"gtx-trans\" style=\"position: absolute; left: 57px; top: -9px;\">\n<div class=\"gtx-trans-icon\"><\/div>\n<\/div>\n<p>[\/vc_column_text][vc_column_text css=&#8221;.vc_custom_1622127634000{padding-bottom: 10px !important;}&#8221;]<\/p>\n<p class=\"p1\">Leistungsstarke Pigmentpaste mit Dispergierung in einem Vinylchlorid- und Vinylacetat-Copolymer. Besonders geeignet f\u00fcr Druckfarben f\u00fcr den Druck mit hoher Qualit\u00e4t und f\u00fcr industrielle Druckfarben auf L\u00f6semittelbasis.<\/p>\n<p>[\/vc_column_text][vc_separator type=&#8221;normal&#8221; color=&#8221;#29a3d3&#8243;][\/vc_column][\/vc_row][vc_row css_animation=&#8221;&#8221; row_type=&#8221;row&#8221; use_row_as_full_screen_section=&#8221;yes&#8221; type=&#8221;grid&#8221; angled_section=&#8221;no&#8221; text_align=&#8221;left&#8221; background_image_as_pattern=&#8221;without_pattern&#8221; css=&#8221;.vc_custom_1580399677552{padding-top: 5px !important;padding-bottom: 5px !important;background-position: 0 0 !important;background-repeat: no-repeat !important;}&#8221; z_index=&#8221;&#8221;][vc_column][vc_column_text]<\/p>\n<p class=\"p1\"><span style=\"color: #29a3d3; font-size: 18px;\"><strong> Hacolor <\/strong><\/span><\/p>\n<div id=\"gtx-trans\" style=\"position: absolute; left: 121px; top: -9px;\">\n<div class=\"gtx-trans-icon\"><\/div>\n<\/div>\n<p>[\/vc_column_text][vc_column_text css=&#8221;.vc_custom_1622127646625{padding-bottom: 10px !important;}&#8221;]<\/p>\n<p class=\"p1\">Hochwertige Pigmentpasten mit Dispergierung in verschiedenen Harztypen f\u00fcr die Automobilindustrie und das Segment der flexiblen Verpackungen.<\/p>\n<p>[\/vc_column_text][vc_separator type=&#8221;normal&#8221; color=&#8221;#29a3d3&#8243;][\/vc_column][\/vc_row][vc_row css_animation=&#8221;&#8221; row_type=&#8221;row&#8221; use_row_as_full_screen_section=&#8221;no&#8221; type=&#8221;full_width&#8221; angled_section=&#8221;no&#8221; text_align=&#8221;left&#8221; background_image_as_pattern=&#8221;without_pattern&#8221;][vc_column][vc_empty_space height=&#8221;50px&#8221;][\/vc_column][\/vc_row]<\/p>\n<\/div>","protected":false},"excerpt":{"rendered":"<p>[vc_row css_animation=&#8221;&#8221; row_type=&#8221;row&#8221; use_row_as_full_screen_section=&#8221;no&#8221; type=&#8221;grid&#8221; angled_section=&#8221;no&#8221; text_align=&#8221;left&#8221; background_image_as_pattern=&#8221;without_pattern&#8221; css=&#8221;.vc_custom_1580393488061{margin-bottom: 20px !important;background-position: 0 0 !important;background-repeat: no-repeat !important;}&#8221; z_index=&#8221;&#8221;][vc_column width=&#8221;1\/2&#8243;][vc_column_text] Druckfarben [\/vc_column_text][\/vc_column][vc_column width=&#8221;1\/2&#8243;][vc_separator type=&#8221;normal&#8221; color=&#8221;#29a3d3&#8243;][\/vc_column][\/vc_row][vc_row css_animation=&#8221;&#8221; row_type=&#8221;row&#8221; use_row_as_full_screen_section=&#8221;no&#8221; type=&#8221;grid&#8221; angled_section=&#8221;no&#8221; text_align=&#8221;left&#8221; background_image_as_pattern=&#8221;without_pattern&#8221; z_index=&#8221;&#8221;][vc_column][vc_column_text]Mifar bietet Pigmentpasten f\u00fcr die Herstellung von Druckfarben mit hohem Farbwiedergabeindex und hervorragender Glanzgrad f\u00fcr&#8230;<\/p>\n","protected":false},"author":7,"featured_media":0,"parent":0,"menu_order":0,"comment_status":"closed","ping_status":"closed","template":"","meta":{"footnotes":""},"class_list":["post-20081","page","type-page","status-publish","hentry"],"_links":{"self":[{"href":"https:\/\/mifar.com\/de\/wp-json\/wp\/v2\/pages\/20081","targetHints":{"allow":["GET"]}}],"collection":[{"href":"https:\/\/mifar.com\/de\/wp-json\/wp\/v2\/pages"}],"about":[{"href":"https:\/\/mifar.com\/de\/wp-json\/wp\/v2\/types\/page"}],"author":[{"embeddable":true,"href":"https:\/\/mifar.com\/de\/wp-json\/wp\/v2\/users\/7"}],"replies":[{"embeddable":true,"href":"https:\/\/mifar.com\/de\/wp-json\/wp\/v2\/comments?post=20081"}],"version-history":[{"count":3,"href":"https:\/\/mifar.com\/de\/wp-json\/wp\/v2\/pages\/20081\/revisions"}],"predecessor-version":[{"id":20083,"href":"https:\/\/mifar.com\/de\/wp-json\/wp\/v2\/pages\/20081\/revisions\/20083"}],"wp:attachment":[{"href":"https:\/\/mifar.com\/de\/wp-json\/wp\/v2\/media?parent=20081"}],"curies":[{"name":"wp","href":"https:\/\/api.w.org\/{rel}","templated":true}]}}