{"id":20086,"date":"2016-09-05T11:40:49","date_gmt":"2016-09-05T11:40:49","guid":{"rendered":"https:\/\/mifar.com\/homepage\/"},"modified":"2025-03-04T10:13:52","modified_gmt":"2025-03-04T10:13:52","slug":"homepage","status":"publish","type":"page","link":"https:\/\/mifar.com\/de\/","title":{"rendered":"Home"},"content":{"rendered":"<div class=\"wpb-content-wrapper\"><p>[vc_row css_animation=&#8221;&#8221; row_type=&#8221;row&#8221; use_row_as_full_screen_section=&#8221;no&#8221; type=&#8221;full_width&#8221; angled_section=&#8221;no&#8221; text_align=&#8221;left&#8221; background_image_as_pattern=&#8221;without_pattern&#8221; z_index=&#8221;&#8221;][vc_column el_class=&#8221;section_inner clearfix&#8221;][vc_column_text]<\/p>\n<div>\n<div><\/div>\n<\/div>\n<div id=\"gtx-trans\" style=\"position: absolute; left: -146px; top: -17px;\">\n<div class=\"gtx-trans-icon\"><\/div>\n<\/div>\n<p>[\/vc_column_text][\/vc_column][\/vc_row][vc_row css_animation=&#8221;&#8221; row_type=&#8221;row&#8221; use_row_as_full_screen_section=&#8221;no&#8221; type=&#8221;grid&#8221; angled_section=&#8221;no&#8221; text_align=&#8221;left&#8221; background_image_as_pattern=&#8221;without_pattern&#8221; css=&#8221;.vc_custom_1532793438157{margin-bottom: 20px !important;padding-top: 77px !important;background-position: 0 0 !important;background-repeat: no-repeat !important;}&#8221; z_index=&#8221;&#8221;][vc_column width=&#8221;1\/4&#8243;][vc_column_text]<\/p>\n<h3>Discover Mifar<\/h3>\n<p>[\/vc_column_text][\/vc_column][vc_column width=&#8221;3\/4&#8243;][vc_separator type=&#8221;normal&#8221; color=&#8221;#29a3d3&#8243;][\/vc_column][\/vc_row][vc_row css_animation=&#8221;&#8221; row_type=&#8221;row&#8221; use_row_as_full_screen_section=&#8221;no&#8221; type=&#8221;grid&#8221; angled_section=&#8221;no&#8221; text_align=&#8221;left&#8221; background_image_as_pattern=&#8221;without_pattern&#8221; z_index=&#8221;&#8221;][vc_column][vc_empty_space height=&#8221;50px&#8221;][\/vc_column][\/vc_row][vc_row css_animation=&#8221;&#8221; row_type=&#8221;row&#8221; use_row_as_full_screen_section=&#8221;no&#8221; type=&#8221;grid&#8221; angled_section=&#8221;no&#8221; text_align=&#8221;left&#8221; background_image_as_pattern=&#8221;without_pattern&#8221; z_index=&#8221;&#8221;][vc_column width=&#8221;1\/3&#8243; css=&#8221;.vc_custom_1580392924915{margin-bottom: 10px !important;padding-right: 15px !important;padding-left: 15px !important;}&#8221;][vc_single_image image=&#8221;20592&#8243; img_size=&#8221;full&#8221; qode_css_animation=&#8221;&#8221;][vc_column_text css=&#8221;.vc_custom_1622190410139{padding-top: 20px !important;padding-bottom: 20px !important;}&#8221;]<\/p>\n<h3>Produkt<\/h3>\n<div id=\"gtx-trans\" style=\"position: absolute; left: 144px; top: 39.4375px;\">\n<div class=\"gtx-trans-icon\"><\/div>\n<\/div>\n<p>[\/vc_column_text][vc_column_text]<span style=\"color: #37b8ea;\"><strong>Dispercos<\/strong><\/span><\/p>\n<p>DISPERCOS ist ein Beispiel daf\u00fcr, wie die Kosmetikindustrie in Richtung Kreislaufwirtschaft verschoben werden kann. Die produktive Flexibilit\u00e4t, die Dispercos in der Produktion von Nagellacken auszeichnet, verbindet sich mit einem Produkt hoher Qualit\u00e4t.<\/p>\n<div id=\"gtx-trans\" style=\"position: absolute; left: -35px; top: 38px;\">\n<div class=\"gtx-trans-icon\"><\/div>\n<\/div>\n<p>[\/vc_column_text][vc_column_text]<\/p>\n<p class=\"p1\"><a href=\"https:\/\/mifar.com\/de\/dispercos\">Read more<\/a><\/p>\n<div id=\"gtx-trans\" style=\"position: absolute; left: -54px; top: 38px;\">\n<div class=\"gtx-trans-icon\"><\/div>\n<\/div>\n<p>[\/vc_column_text][vc_separator type=&#8221;normal&#8221; color=&#8221;#29a3d3&#8243;][\/vc_column][vc_column width=&#8221;1\/3&#8243; css=&#8221;.vc_custom_1580392929864{margin-bottom: 10px !important;}&#8221;][vc_single_image image=&#8221;21411&#8243; img_size=&#8221;full&#8221; qode_css_animation=&#8221;&#8221;][vc_column_text css=&#8221;.vc_custom_1716800714670{padding-top: 20px !important;padding-bottom: 20px !important;}&#8221;]<\/p>\n<h3>Newsletter<\/h3>\n<div id=\"gtx-trans\" style=\"position: absolute; left: 321px; top: 39.4375px;\">\n<div class=\"gtx-trans-icon\"><\/div>\n<\/div>\n<p>[\/vc_column_text][vc_column_text]Willkommen in unserem Newsletter-Bereich, in dem Sie alle vergangenen Ausgaben lesen und sich \u00fcber die neuesten Nachrichten von MIFAR informieren k\u00f6nnen. Durchst\u00f6bern Sie unsere Ver\u00f6ffentlichungen, um Einblicke, Branchennews und Updates zu unseren Produkten zu entdecken. Tauchen Sie in unsere Welt ein und bleiben Sie informiert!<\/p>\n<div id=\"gtx-trans\" style=\"position: absolute; left: -79px; top: -10px;\">\n<div class=\"gtx-trans-icon\"><\/div>\n<\/div>\n<p>[\/vc_column_text][vc_column_text]<\/p>\n<p class=\"p1\"><a href=\"https:\/\/mifar.com\/news\/\">Read more<\/a><\/p>\n<div id=\"gtx-trans\" style=\"position: absolute; left: -20px; top: -10px;\">\n<div class=\"gtx-trans-icon\"><\/div>\n<\/div>\n<p>[\/vc_column_text][vc_empty_space height=&#8221;3px&#8221;][vc_separator type=&#8221;normal&#8221; color=&#8221;#29a3d3&#8243;][\/vc_column][vc_column width=&#8221;1\/3&#8243; css=&#8221;.vc_custom_1580392936431{margin-bottom: 15px !important;}&#8221;][vc_single_image image=&#8221;21628&#8243; img_size=&#8221;full&#8221; css=&#8221;&#8221; qode_css_animation=&#8221;&#8221;][vc_column_text css=&#8221;.vc_custom_1717072331994{padding-top: 20px !important;padding-bottom: 20px !important;}&#8221;]<\/p>\n<h3>Linkedin<\/h3>\n<div id=\"gtx-trans\" style=\"position: absolute; left: -84px; top: -6.28125px;\">\n<div class=\"gtx-trans-icon\"><\/div>\n<\/div>\n<p>[\/vc_column_text][vc_column_text css=&#8221;&#8221;]<\/p>\n<div class=\"css-1dbjc4n\">\n<div class=\"css-1dbjc4n r-zl2h9q\">\n<div class=\"css-1dbjc4n r-1awozwy r-18u37iz r-1wtj0ep\">\n<div class=\"css-1dbjc4n r-1d09ksm r-18u37iz r-1wbh5a2\">\n<div class=\"css-1dbjc4n r-1wbh5a2 r-dnmrzs\">\n<div id=\"tweet-user-name\" class=\"css-1dbjc4n r-1awozwy r-18u37iz r-1wbh5a2 r-dnmrzs r-1ny4l3l\">\n<div class=\"css-1dbjc4n r-1awozwy r-18u37iz r-dnmrzs\">\n<div class=\"css-1dbjc4n r-1awozwy r-18kxxzh r-zso239\">\n<div class=\"css-1dbjc4n r-18kxxzh r-1wbh5a2 r-13qz1uu\">\n<div class=\"css-1dbjc4n r-1wbh5a2 r-dnmrzs\">\n<div class=\"css-1dbjc4n r-1adg3ll r-1udh08x\">\n<div class=\"r-1adg3ll r-13qz1uu\">\n<div class=\"css-1dbjc4n\">\n<div class=\"css-1dbjc4n r-zl2h9q\">\n<div class=\"css-1dbjc4n r-k4xj1c r-18u37iz r-1wtj0ep\">\n<div class=\"css-1dbjc4n r-1d09ksm r-18u37iz r-1wbh5a2\">\n<div class=\"css-1dbjc4n r-1wbh5a2 r-dnmrzs\">\n<div id=\"tweet-user-name\" class=\"css-1dbjc4n r-1awozwy r-18u37iz r-1wbh5a2 r-dnmrzs r-1ny4l3l\">\n<div class=\"css-1dbjc4n r-1awozwy r-18u37iz r-dnmrzs\">\n<div dir=\"auto\">\n<div class=\"css-1dbjc4n\">\n<div class=\"css-1dbjc4n r-zl2h9q\">\n<div class=\"css-1dbjc4n r-k4xj1c r-18u37iz r-1wtj0ep\">\n<div class=\"css-1dbjc4n r-1d09ksm r-18u37iz r-1wbh5a2\">\n<div class=\"css-1dbjc4n r-1wbh5a2 r-dnmrzs\">\n<div id=\"tweet-user-name\" class=\"css-1dbjc4n r-1awozwy r-18u37iz r-1wbh5a2 r-dnmrzs r-1ny4l3l\">\n<p>We are thrilled to announce that we will be exhibiting at the <strong>European Coatings Show 2025<\/strong>, which will be held in <strong>Nuremberg<\/strong> from March <strong>25th to 27th<\/strong>.<br \/>\nDon\u2019t miss this opportunity to discover how our pre-dispersed solid pigments can help you improve your productions. Get ready for an enhanced experience with Mifar products.<\/p>\n<p><a href=\"https:\/\/www.linkedin.com\/feed\/update\/urn:li:activity:7289929637583810560\" target=\"_blank\" rel=\"noopener\">Read more<\/a><\/p>\n<div class=\"css-901oao r-18jsvk2 r-18u37iz r-1q142lx r-1qd0xha r-a023e6 r-16dba41 r-ad9z0x r-bcqeeo r-qvutc0\" dir=\"auto\"><\/div>\n<\/div>\n<\/div>\n<\/div>\n<\/div>\n<\/div>\n<\/div>\n<\/div>\n<\/div>\n<\/div>\n<\/div>\n<\/div>\n<\/div>\n<\/div>\n<\/div>\n<\/div>\n<\/div>\n<\/div>\n<\/div>\n<\/div>\n<\/div>\n<\/div>\n<\/div>\n<\/div>\n<\/div>\n<\/div>\n<\/div>\n<div id=\"gtx-trans\" style=\"position: absolute; left: 260px; top: 38px;\">\n<div class=\"gtx-trans-icon\"><\/div>\n<\/div>\n<p>[\/vc_column_text][vc_empty_space height=&#8221;1&#8243;][vc_separator type=&#8221;normal&#8221; color=&#8221;#29a3d3&#8243;][\/vc_column][\/vc_row][vc_row css_animation=&#8221;&#8221; row_type=&#8221;row&#8221; use_row_as_full_screen_section=&#8221;no&#8221; type=&#8221;grid&#8221; angled_section=&#8221;no&#8221; text_align=&#8221;left&#8221; background_image_as_pattern=&#8221;without_pattern&#8221; background_image=&#8221;18128&#8243; css=&#8221;.vc_custom_1580739239011{margin-top: 100px !important;background-position: 0 0 !important;background-repeat: no-repeat !important;}&#8221; z_index=&#8221;&#8221;][vc_column][vc_empty_space height=&#8221;50px&#8221;][vc_row_inner row_type=&#8221;row&#8221; type=&#8221;full_width&#8221; text_align=&#8221;left&#8221; css_animation=&#8221;&#8221;][vc_column_inner width=&#8221;1\/4&#8243;][vc_column_text]<\/p>\n<h3><span style=\"color: #ffffff;\">Wir \u00fcber uns<\/span><\/h3>\n<p>[\/vc_column_text][\/vc_column_inner][vc_column_inner width=&#8221;3\/4&#8243;][vc_separator type=&#8221;normal&#8221; color=&#8221;#29a3d3&#8243;][\/vc_column_inner][\/vc_row_inner][vc_empty_space height=&#8221;50px&#8221;][vc_column_text]<span style=\"color: #ffffff;\">Das 1980 gegr\u00fcndete Unternehmen MIFAR S.r.l. ist ein weltweit f\u00fchrendes Chemieunternehmen im Bereich der Herstellung vordispergierter Pigmentpasten (Farbchips), die in der industriellen Herstellung von Farben, Druckfarben, Lacken und Farbstoffen eingesetzt werden.<\/span>[\/vc_column_text][vc_column_text]<span style=\"color: #ffffff;\">Dank der Erfahrung, der Zuverl\u00e4ssigkeit und einer Vision, die den Schwerpunkt auf die Innovation setzt, um sich den zuk\u00fcnftigen Herausforderungen zu stellen, ist Mifar in der Lage, seine Kunden Schritt f\u00fcr Schritt in jeder Entwicklungsphase der Produktionsprozesse zu begleiten. Durch die umfangreichen Investitionen in die Forschung und Entwicklung ist es Mifar gelungen, seine Produkte im Hinblick auf die hohe Qualit\u00e4t, benutzerfreundliche und gebrauchsfertige Eigenschaften und andere Leistungen zu erneuern.<\/span>[\/vc_column_text][vc_column_text]<span style=\"color: #ffffff;\">Durch eine konstante Expansion und die Erschlie\u00dfung neuer M\u00e4rkte verkauft und vertreibt Mifar heute seine Produkte au\u00dfer in Italien auch in 52 weiteren L\u00e4ndern.<\/span>[\/vc_column_text][vc_empty_space height=&#8221;50px&#8221;]<div class='qode_carousels_holder clearfix'><div class='qode_carousels' data-number-of-visible-items='5'><ul class='slides'>Sorry, no posts matched your criteria.<\/ul><\/div><\/div>[vc_empty_space height=&#8221;50px&#8221;][\/vc_column][\/vc_row][vc_row css_animation=&#8221;&#8221; row_type=&#8221;row&#8221; use_row_as_full_screen_section=&#8221;no&#8221; type=&#8221;grid&#8221; angled_section=&#8221;no&#8221; text_align=&#8221;left&#8221; background_image_as_pattern=&#8221;without_pattern&#8221; z_index=&#8221;&#8221;][vc_column css=&#8221;.vc_custom_1580392924915{margin-bottom: 10px !important;padding-right: 15px !important;padding-left: 15px !important;}&#8221;][\/vc_column][\/vc_row][vc_row css_animation=&#8221;&#8221; row_type=&#8221;row&#8221; use_row_as_full_screen_section=&#8221;no&#8221; type=&#8221;grid&#8221; angled_section=&#8221;no&#8221; text_align=&#8221;left&#8221; background_image_as_pattern=&#8221;without_pattern&#8221; z_index=&#8221;&#8221;][vc_column][vc_empty_space height=&#8221;50px&#8221;][\/vc_column][\/vc_row][vc_row css_animation=&#8221;&#8221; row_type=&#8221;row&#8221; use_row_as_full_screen_section=&#8221;no&#8221; type=&#8221;grid&#8221; angled_section=&#8221;no&#8221; text_align=&#8221;left&#8221; background_image_as_pattern=&#8221;without_pattern&#8221; css=&#8221;.vc_custom_1580390984572{margin-bottom: 20px !important;padding-top: 20px !important;background-position: 0 0 !important;background-repeat: no-repeat !important;}&#8221; z_index=&#8221;&#8221;][vc_column width=&#8221;1\/6&#8243;][vc_column_text]<\/p>\n<h3>Mifar<\/h3>\n<p>[\/vc_column_text][\/vc_column][vc_column width=&#8221;5\/6&#8243;][vc_separator type=&#8221;normal&#8221; color=&#8221;#29a3d3&#8243;][\/vc_column][\/vc_row][vc_row css_animation=&#8221;&#8221; row_type=&#8221;row&#8221; use_row_as_full_screen_section=&#8221;no&#8221; type=&#8221;grid&#8221; angled_section=&#8221;no&#8221; text_align=&#8221;left&#8221; background_image_as_pattern=&#8221;without_pattern&#8221; css=&#8221;.vc_custom_1580311743110{margin-bottom: 20px !important;background-color: #ffffff !important;background-position: 0 0 !important;background-repeat: no-repeat !important;}&#8221; z_index=&#8221;&#8221;][vc_column width=&#8221;1\/2&#8243;][vc_column_text]Mifar ist Mitglied von:[\/vc_column_text][vc_empty_space height=&#8221;20px&#8221;][vc_row_inner row_type=&#8221;row&#8221; type=&#8221;full_width&#8221; text_align=&#8221;left&#8221; css_animation=&#8221;&#8221;][vc_column_inner width=&#8221;1\/2&#8243;][vc_single_image image=&#8221;20119&#8243; img_size=&#8221;full&#8221; qode_css_animation=&#8221;&#8221;][\/vc_column_inner][vc_column_inner width=&#8221;1\/2&#8243;][vc_single_image image=&#8221;20117&#8243; img_size=&#8221;full&#8221; qode_css_animation=&#8221;&#8221;][\/vc_column_inner][\/vc_row_inner][\/vc_column][vc_column width=&#8221;1\/2&#8243;][vc_column_text]<\/p>\n<p class=\"p1\">Und arbeitet konform mit:<\/p>\n<p>[\/vc_column_text][vc_empty_space height=&#8221;20px&#8221;][vc_row_inner row_type=&#8221;row&#8221; type=&#8221;full_width&#8221; text_align=&#8221;left&#8221; css_animation=&#8221;&#8221;][vc_column_inner width=&#8221;1\/4&#8243;][vc_single_image image=&#8221;20118&#8243; img_size=&#8221;full&#8221; qode_css_animation=&#8221;&#8221;][\/vc_column_inner][vc_column_inner width=&#8221;1\/4&#8243;][vc_single_image image=&#8221;20120&#8243; img_size=&#8221;full&#8221; qode_css_animation=&#8221;&#8221;][\/vc_column_inner][vc_column_inner width=&#8221;1\/4&#8243;][vc_single_image image=&#8221;20116&#8243; img_size=&#8221;full&#8221; qode_css_animation=&#8221;&#8221;][\/vc_column_inner][vc_column_inner width=&#8221;1\/4&#8243;][vc_single_image image=&#8221;20115&#8243; img_size=&#8221;full&#8221; qode_css_animation=&#8221;&#8221;][\/vc_column_inner][\/vc_row_inner][\/vc_column][\/vc_row][vc_row css_animation=&#8221;&#8221; row_type=&#8221;row&#8221; use_row_as_full_screen_section=&#8221;no&#8221; type=&#8221;grid&#8221; angled_section=&#8221;no&#8221; text_align=&#8221;left&#8221; background_image_as_pattern=&#8221;without_pattern&#8221; z_index=&#8221;&#8221;][vc_column][vc_empty_space height=&#8221;100px&#8221;][\/vc_column][\/vc_row]<\/p>\n<\/div>","protected":false},"excerpt":{"rendered":"<p>[vc_row css_animation=&#8221;&#8221; row_type=&#8221;row&#8221; use_row_as_full_screen_section=&#8221;no&#8221; type=&#8221;full_width&#8221; angled_section=&#8221;no&#8221; text_align=&#8221;left&#8221; background_image_as_pattern=&#8221;without_pattern&#8221; z_index=&#8221;&#8221;][vc_column el_class=&#8221;section_inner clearfix&#8221;][vc_column_text] [\/vc_column_text][\/vc_column][\/vc_row][vc_row css_animation=&#8221;&#8221; row_type=&#8221;row&#8221; use_row_as_full_screen_section=&#8221;no&#8221; type=&#8221;grid&#8221; angled_section=&#8221;no&#8221; text_align=&#8221;left&#8221; background_image_as_pattern=&#8221;without_pattern&#8221; css=&#8221;.vc_custom_1532793438157{margin-bottom: 20px !important;padding-top: 77px !important;background-position: 0 0 !important;background-repeat: no-repeat !important;}&#8221; z_index=&#8221;&#8221;][vc_column width=&#8221;1\/4&#8243;][vc_column_text] Discover Mifar [\/vc_column_text][\/vc_column][vc_column width=&#8221;3\/4&#8243;][vc_separator type=&#8221;normal&#8221; color=&#8221;#29a3d3&#8243;][\/vc_column][\/vc_row][vc_row css_animation=&#8221;&#8221; row_type=&#8221;row&#8221; use_row_as_full_screen_section=&#8221;no&#8221; type=&#8221;grid&#8221; angled_section=&#8221;no&#8221; text_align=&#8221;left&#8221; background_image_as_pattern=&#8221;without_pattern&#8221; z_index=&#8221;&#8221;][vc_column][vc_empty_space&#8230;<\/p>\n","protected":false},"author":7,"featured_media":20592,"parent":0,"menu_order":0,"comment_status":"closed","ping_status":"closed","template":"full_width.php","meta":{"footnotes":""},"class_list":["post-20086","page","type-page","status-publish","has-post-thumbnail","hentry"],"_links":{"self":[{"href":"https:\/\/mifar.com\/de\/wp-json\/wp\/v2\/pages\/20086","targetHints":{"allow":["GET"]}}],"collection":[{"href":"https:\/\/mifar.com\/de\/wp-json\/wp\/v2\/pages"}],"about":[{"href":"https:\/\/mifar.com\/de\/wp-json\/wp\/v2\/types\/page"}],"author":[{"embeddable":true,"href":"https:\/\/mifar.com\/de\/wp-json\/wp\/v2\/users\/7"}],"replies":[{"embeddable":true,"href":"https:\/\/mifar.com\/de\/wp-json\/wp\/v2\/comments?post=20086"}],"version-history":[{"count":17,"href":"https:\/\/mifar.com\/de\/wp-json\/wp\/v2\/pages\/20086\/revisions"}],"predecessor-version":[{"id":21649,"href":"https:\/\/mifar.com\/de\/wp-json\/wp\/v2\/pages\/20086\/revisions\/21649"}],"wp:featuredmedia":[{"embeddable":true,"href":"https:\/\/mifar.com\/de\/wp-json\/wp\/v2\/media\/20592"}],"wp:attachment":[{"href":"https:\/\/mifar.com\/de\/wp-json\/wp\/v2\/media?parent=20086"}],"curies":[{"name":"wp","href":"https:\/\/api.w.org\/{rel}","templated":true}]}}