{"id":20166,"date":"2020-04-17T09:35:21","date_gmt":"2020-04-17T09:35:21","guid":{"rendered":"https:\/\/mifar.com\/product-stewardship\/"},"modified":"2021-05-28T09:04:10","modified_gmt":"2021-05-28T09:04:10","slug":"product-stewardship","status":"publish","type":"page","link":"https:\/\/mifar.com\/de\/product-stewardship\/","title":{"rendered":"Produktverantwortung"},"content":{"rendered":"<div class=\"wpb-content-wrapper\"><p>[vc_row css_animation=&#8221;&#8221; row_type=&#8221;row&#8221; use_row_as_full_screen_section=&#8221;no&#8221; type=&#8221;grid&#8221; angled_section=&#8221;no&#8221; text_align=&#8221;left&#8221; background_image_as_pattern=&#8221;without_pattern&#8221; css=&#8221;.vc_custom_1580393488061{margin-bottom: 20px !important;background-position: 0 0 !important;background-repeat: no-repeat !important;}&#8221; z_index=&#8221;&#8221;][vc_column width=&#8221;1\/2&#8243;][vc_column_text]<\/p>\n<h3>Produktverantwortung<\/h3>\n<p>[\/vc_column_text][\/vc_column][vc_column width=&#8221;1\/2&#8243;][vc_separator type=&#8221;normal&#8221; color=&#8221;#29a3d3&#8243;][\/vc_column][\/vc_row][vc_row css_animation=&#8221;&#8221; row_type=&#8221;row&#8221; use_row_as_full_screen_section=&#8221;no&#8221; type=&#8221;grid&#8221; angled_section=&#8221;no&#8221; text_align=&#8221;left&#8221; background_image_as_pattern=&#8221;without_pattern&#8221; z_index=&#8221;&#8221;][vc_column][vc_column_text]Mifar unterst\u00fctzt die Entwicklung ethischer und nachhaltiger Gesch\u00e4ftspraktiken mit einer Verwaltung aller Phasen vom Lebenszyklus des Produkts, die den Schwerpunkt auf eine Minimierung der Auswirkungen auf die Gesundheit, die Sicherheit und die Umwelt legt. Wir stellen uns unserer Verantwortung in der Produkterneuerung, in der Beschaffung von qualitativ hochwertigen Rohstoffen, im Produktionsprozess, im Vertrieb und in der Leistungserbringung mit dem Ziel, das richtige Gleichgewicht zwischen wirtschaftlichem Wohlstand, Umweltschutz und gesellschaftlichem Wohlstand zu finden.<\/p>\n<p>Mifar setzt sich daf\u00fcr ein:<\/p>\n<ul>\n<li>die Auswirkungen seiner Produkte auf die Umwelt und die Gesellschaft zu pr\u00fcfen.<\/li>\n<li>innovative Produkte zu entwickeln, die sich durch eine immer h\u00f6here Sicherheit und eine geringe Umweltbelastung auszeichnen, auch durch eine konstante Investition in die Forschung und Entwicklung.<\/li>\n<li>seinem Personal durch Dialog, Weiterbildung, Entwicklung und Kommunikation, die auf eine kontinuierliche Verbesserung der Gesundheit und Sicherheit am Arbeitsplatz abzielen, eine sicher Arbeitsumgebung zu garantieren.<\/li>\n<li>die Gesch\u00e4ftst\u00e4tigkeiten nach Vorgabe der nationalen und internationalen Standards, Gesetze und Bestimmungen zu f\u00fchren, die ma\u00dfgeblich f\u00fcr die Gesundheit, die Sicherheit und die Umwelt sind, und ist dabei immer bestrebt, \u00fcber die gesetzlichen Anforderungen hinauszugehen.<\/li>\n<li>gemeinsam mit den Stakeholders am Aufbau nachhaltiger Gesch\u00e4ftsbeziehungen zu arbeiten, von denen beide Seiten profitieren und die gemeinsame Verantwortungen teilen:<\/li>\n<li>Mifar verlangt von seinen Lieferanten einen ethischen und nachhaltigen Ansatz f\u00fcr eine Produktion, bei der Sicherheit und Umweltschutz im Mittelpunkt stehen, sowie verantwortungsvolle und respektvolle Bedingungen in den Bereichen Arbeitsrecht, Gesundheit und Sicherheit in den Produktionsst\u00e4tten der Lieferanten.<\/li>\n<li>Mifar unterst\u00fctzt seine Kunden dabei, die Sicherheitseigenschaften der Produkte zu verstehen, und liefert dazu korrekte Informationen \u00fcber die Verfahren und Prozesse f\u00fcr die Produktverwendung, die die h\u00f6chste Sicherheit bieten, und \u00fcber die Reduzierung von Verschwendung.<\/li>\n<li>Mifar arbeitet mit nationalen und internationalen Einrichtungen und Verb\u00e4nden der Branche zusammen, um globale Politiken und Grunds\u00e4tze zu entwickeln.<\/li>\n<\/ul>\n<p>&nbsp;<\/p>\n<p>Mifar stellt seinen Stakeholdern die \u201c<a href=\"#\">Whistleblowing Policy<\/a>\u201d zur Verf\u00fcgung, die eine Meldung, auch anonym, eventueller Vorf\u00e4lle, interner Prozeduren oder anderer Bestimmungen erm\u00f6glicht, die dem Unternehmen oder seinen Vertretern zuweisbar sind und eine Gefahr des Versto\u00dfen gegen die festgelegte Unternehmenspolitik darstellen oder darstellen k\u00f6nnen.[\/vc_column_text][vc_empty_space height=&#8221;50px&#8221;][\/vc_column][\/vc_row]<\/p>\n<\/div>","protected":false},"excerpt":{"rendered":"<p>[vc_row css_animation=&#8221;&#8221; row_type=&#8221;row&#8221; use_row_as_full_screen_section=&#8221;no&#8221; type=&#8221;grid&#8221; angled_section=&#8221;no&#8221; text_align=&#8221;left&#8221; background_image_as_pattern=&#8221;without_pattern&#8221; css=&#8221;.vc_custom_1580393488061{margin-bottom: 20px !important;background-position: 0 0 !important;background-repeat: no-repeat !important;}&#8221; z_index=&#8221;&#8221;][vc_column width=&#8221;1\/2&#8243;][vc_column_text] Produktverantwortung [\/vc_column_text][\/vc_column][vc_column width=&#8221;1\/2&#8243;][vc_separator type=&#8221;normal&#8221; color=&#8221;#29a3d3&#8243;][\/vc_column][\/vc_row][vc_row css_animation=&#8221;&#8221; row_type=&#8221;row&#8221; use_row_as_full_screen_section=&#8221;no&#8221; type=&#8221;grid&#8221; angled_section=&#8221;no&#8221; text_align=&#8221;left&#8221; background_image_as_pattern=&#8221;without_pattern&#8221; z_index=&#8221;&#8221;][vc_column][vc_column_text]Mifar unterst\u00fctzt die Entwicklung ethischer und nachhaltiger Gesch\u00e4ftspraktiken mit einer Verwaltung aller Phasen vom Lebenszyklus&#8230;<\/p>\n","protected":false},"author":7,"featured_media":0,"parent":0,"menu_order":0,"comment_status":"closed","ping_status":"closed","template":"","meta":{"footnotes":""},"class_list":["post-20166","page","type-page","status-publish","hentry"],"_links":{"self":[{"href":"https:\/\/mifar.com\/de\/wp-json\/wp\/v2\/pages\/20166","targetHints":{"allow":["GET"]}}],"collection":[{"href":"https:\/\/mifar.com\/de\/wp-json\/wp\/v2\/pages"}],"about":[{"href":"https:\/\/mifar.com\/de\/wp-json\/wp\/v2\/types\/page"}],"author":[{"embeddable":true,"href":"https:\/\/mifar.com\/de\/wp-json\/wp\/v2\/users\/7"}],"replies":[{"embeddable":true,"href":"https:\/\/mifar.com\/de\/wp-json\/wp\/v2\/comments?post=20166"}],"version-history":[{"count":3,"href":"https:\/\/mifar.com\/de\/wp-json\/wp\/v2\/pages\/20166\/revisions"}],"predecessor-version":[{"id":20168,"href":"https:\/\/mifar.com\/de\/wp-json\/wp\/v2\/pages\/20166\/revisions\/20168"}],"wp:attachment":[{"href":"https:\/\/mifar.com\/de\/wp-json\/wp\/v2\/media?parent=20166"}],"curies":[{"name":"wp","href":"https:\/\/api.w.org\/{rel}","templated":true}]}}