{"id":20171,"date":"2020-04-17T09:37:06","date_gmt":"2020-04-17T09:37:06","guid":{"rendered":"https:\/\/mifar.com\/regulatory\/"},"modified":"2021-05-28T09:08:25","modified_gmt":"2021-05-28T09:08:25","slug":"regulatory","status":"publish","type":"page","link":"https:\/\/mifar.com\/de\/regulatory\/","title":{"rendered":"Normen"},"content":{"rendered":"<div class=\"wpb-content-wrapper\"><p>[vc_row css_animation=&#8221;&#8221; row_type=&#8221;row&#8221; use_row_as_full_screen_section=&#8221;no&#8221; type=&#8221;grid&#8221; angled_section=&#8221;no&#8221; text_align=&#8221;left&#8221; background_image_as_pattern=&#8221;without_pattern&#8221; css=&#8221;.vc_custom_1580393488061{margin-bottom: 20px !important;background-position: 0 0 !important;background-repeat: no-repeat !important;}&#8221; z_index=&#8221;&#8221;][vc_column width=&#8221;1\/2&#8243;][vc_column_text]<\/p>\n<h3>Normen<\/h3>\n<p>[\/vc_column_text][\/vc_column][vc_column width=&#8221;1\/2&#8243;][vc_separator type=&#8221;normal&#8221; color=&#8221;#29a3d3&#8243;][\/vc_column][\/vc_row][vc_row css_animation=&#8221;&#8221; row_type=&#8221;row&#8221; use_row_as_full_screen_section=&#8221;no&#8221; type=&#8221;grid&#8221; angled_section=&#8221;no&#8221; text_align=&#8221;left&#8221; background_image_as_pattern=&#8221;without_pattern&#8221; z_index=&#8221;&#8221;][vc_column][vc_column_text]Mifar produziert und vertreibt chemische Spezialit\u00e4ten unter sicheren Bedingungen, um die menschliche Gesundheit und die Umwelt zu sch\u00fctzen. \u00dcber sein Vertriebsnetz und das Service-Netz bietet das Unternehmen ein breit gef\u00e4chertes Angebot an Produkten und hochqualifizierten Leistungen und einen kapillaren technischen Kundendienst, um alle Anforderungen der Kunden zu erf\u00fcllen.<\/p>\n<p>Die Produkte Mifar erf\u00fcllen die Vorgaben der verschiedenen nationalen und europ\u00e4ischen Normen.<\/p>\n<p>&nbsp;<\/p>\n<p><strong>REACH-Verordnung<\/strong><\/p>\n<p>Verordnung (EG) Nr. 1907\/2006 des Europ\u00e4ischen Parlaments und des Rates zur Registrierung, Bewertung, Zulassung und Beschr\u00e4nkung chemischer Stoffe (REACH).<\/p>\n<ul>\n<li>Die Verordnung gew\u00e4hrleistet ein hohes Schutzniveau f\u00fcr die menschliche Gesundheit und die Umwelt einschlie\u00dflich der F\u00f6rderung alternativer Verfahren zur Beurteilung der Gef\u00e4hrdungen durch die Stoffe.<\/li>\n<li>Die Verordnung legt die Bestimmungen f\u00fcr Stoffe und Gemische fest.<\/li>\n<li>Die Verordnung verpflichtet Hersteller, Importeure und Benutzer im Vorfeld, Stoffe herzustellen, in den Verkehr zu bringen oder zu verwenden, die keine Gesundheitssch\u00e4den oder Umweltsch\u00e4den verursachen. Die Bestimmungen der Verordnung basieren auf dem Vorsorge- und Vorbeugeprinzip.<\/li>\n<\/ul>\n<p>&nbsp;<\/p>\n<p><strong>CLP-Verordnung<\/strong><\/p>\n<p>Verordnung (EG) Nr. 1272\/2008 des Europ\u00e4ischen Parlaments und des Rates vom 16. Dezember 2008 \u00fcber die Einstufung, Kennzeichnung und Verpackung (CLP) von Stoffen und Gemischen.<\/p>\n<p>Die Verordnung beruht auf dem Global Harmonisierte System zur Einstufung und Kennzeichnung von Chemikalien (GHS) der Vereinten Nationen und hat den Zweck, ein hohes Schutzniveau f\u00fcr die menschliche Gesundheit und die Umwelt zu schaffen und den freien Warenverkehr von Stoffen, Gemischen und Artikeln zu gew\u00e4hrleisten.[\/vc_column_text][vc_empty_space height=&#8221;50px&#8221;][\/vc_column][\/vc_row]<\/p>\n<\/div>","protected":false},"excerpt":{"rendered":"<p>[vc_row css_animation=&#8221;&#8221; row_type=&#8221;row&#8221; use_row_as_full_screen_section=&#8221;no&#8221; type=&#8221;grid&#8221; angled_section=&#8221;no&#8221; text_align=&#8221;left&#8221; background_image_as_pattern=&#8221;without_pattern&#8221; css=&#8221;.vc_custom_1580393488061{margin-bottom: 20px !important;background-position: 0 0 !important;background-repeat: no-repeat !important;}&#8221; z_index=&#8221;&#8221;][vc_column width=&#8221;1\/2&#8243;][vc_column_text] Normen [\/vc_column_text][\/vc_column][vc_column width=&#8221;1\/2&#8243;][vc_separator type=&#8221;normal&#8221; color=&#8221;#29a3d3&#8243;][\/vc_column][\/vc_row][vc_row css_animation=&#8221;&#8221; row_type=&#8221;row&#8221; use_row_as_full_screen_section=&#8221;no&#8221; type=&#8221;grid&#8221; angled_section=&#8221;no&#8221; text_align=&#8221;left&#8221; background_image_as_pattern=&#8221;without_pattern&#8221; z_index=&#8221;&#8221;][vc_column][vc_column_text]Mifar produziert und vertreibt chemische Spezialit\u00e4ten unter sicheren Bedingungen, um die menschliche Gesundheit und die&#8230;<\/p>\n","protected":false},"author":7,"featured_media":0,"parent":0,"menu_order":0,"comment_status":"closed","ping_status":"closed","template":"","meta":{"footnotes":""},"class_list":["post-20171","page","type-page","status-publish","hentry"],"_links":{"self":[{"href":"https:\/\/mifar.com\/de\/wp-json\/wp\/v2\/pages\/20171","targetHints":{"allow":["GET"]}}],"collection":[{"href":"https:\/\/mifar.com\/de\/wp-json\/wp\/v2\/pages"}],"about":[{"href":"https:\/\/mifar.com\/de\/wp-json\/wp\/v2\/types\/page"}],"author":[{"embeddable":true,"href":"https:\/\/mifar.com\/de\/wp-json\/wp\/v2\/users\/7"}],"replies":[{"embeddable":true,"href":"https:\/\/mifar.com\/de\/wp-json\/wp\/v2\/comments?post=20171"}],"version-history":[{"count":3,"href":"https:\/\/mifar.com\/de\/wp-json\/wp\/v2\/pages\/20171\/revisions"}],"predecessor-version":[{"id":20173,"href":"https:\/\/mifar.com\/de\/wp-json\/wp\/v2\/pages\/20171\/revisions\/20173"}],"wp:attachment":[{"href":"https:\/\/mifar.com\/de\/wp-json\/wp\/v2\/media?parent=20171"}],"curies":[{"name":"wp","href":"https:\/\/api.w.org\/{rel}","templated":true}]}}