{"id":19413,"date":"2020-01-30T14:41:27","date_gmt":"2020-01-30T14:41:27","guid":{"rendered":"https:\/\/mifar.com\/colour-made-easy\/"},"modified":"2021-03-04T11:04:35","modified_gmt":"2021-03-04T11:04:35","slug":"colour-made-easy","status":"publish","type":"page","link":"https:\/\/mifar.com\/fr\/colour-made-easy\/","title":{"rendered":"March\u00e9s"},"content":{"rendered":"<div class=\"wpb-content-wrapper\"><p>[vc_row css_animation=\u00a0\u00bb\u00a0\u00bb row_type=\u00a0\u00bbrow\u00a0\u00bb use_row_as_full_screen_section=\u00a0\u00bbno\u00a0\u00bb type=\u00a0\u00bbgrid\u00a0\u00bb angled_section=\u00a0\u00bbno\u00a0\u00bb text_align=\u00a0\u00bbleft\u00a0\u00bb background_image_as_pattern=\u00a0\u00bbwithout_pattern\u00a0\u00bb css=\u00a0\u00bb.vc_custom_1580393488061{margin-bottom: 20px !important;background-position: 0 0 !important;background-repeat: no-repeat !important;}\u00a0\u00bb z_index=\u00a0\u00bb\u00a0\u00bb][vc_column width=\u00a0\u00bb1\/2&Prime;][vc_column_text]<\/p>\n<h3>Notre promesse | Colour Made Easy<\/h3>\n<div id=\"gtx-trans\" style=\"position: absolute; left: -103px; top: -6.28125px;\">\n<div class=\"gtx-trans-icon\"><\/div>\n<\/div>\n<p>[\/vc_column_text][\/vc_column][vc_column width=\u00a0\u00bb1\/2&Prime;][vc_separator type=\u00a0\u00bbnormal\u00a0\u00bb color=\u00a0\u00bb#29a3d3&Prime;][\/vc_column][\/vc_row][vc_row css_animation=\u00a0\u00bb\u00a0\u00bb row_type=\u00a0\u00bbrow\u00a0\u00bb use_row_as_full_screen_section=\u00a0\u00bbno\u00a0\u00bb type=\u00a0\u00bbgrid\u00a0\u00bb angled_section=\u00a0\u00bbno\u00a0\u00bb text_align=\u00a0\u00bbleft\u00a0\u00bb background_image_as_pattern=\u00a0\u00bbwithout_pattern\u00a0\u00bb z_index=\u00a0\u00bb\u00a0\u00bb][vc_column][vc_column_text]<\/p>\n<p class=\"p1\">C&rsquo;est la promesse de Mifar de \u00ab faciliter la vie de nos partenaires \u00bb et elle refl\u00e8te son \u00e9volution en tant que partenaire fiable, solide et qualifi\u00e9, permettant de r\u00e9pondre aux opportunit\u00e9s et aux d\u00e9fis des d\u00e9veloppements futurs dans le monde de la couleur. Mifar propose une large gamme de produits de haute qualit\u00e9, faciles \u00e0 utiliser et pr\u00eats \u00e0 l&#8217;emploi, class\u00e9s par march\u00e9 de r\u00e9f\u00e9rence.<\/p>\n<p>[\/vc_column_text][vc_empty_space height=\u00a0\u00bb50px\u00a0\u00bb][\/vc_column][\/vc_row][vc_row css_animation=\u00a0\u00bb\u00a0\u00bb row_type=\u00a0\u00bbrow\u00a0\u00bb use_row_as_full_screen_section=\u00a0\u00bbno\u00a0\u00bb type=\u00a0\u00bbgrid\u00a0\u00bb angled_section=\u00a0\u00bbno\u00a0\u00bb text_align=\u00a0\u00bbleft\u00a0\u00bb background_image_as_pattern=\u00a0\u00bbwithout_pattern\u00a0\u00bb z_index=\u00a0\u00bb\u00a0\u00bb][vc_column width=\u00a0\u00bb1\/4&Prime; css=\u00a0\u00bb.vc_custom_1580392924915{margin-bottom: 10px !important;padding-right: 15px !important;padding-left: 15px !important;}\u00a0\u00bb][vc_single_image image=\u00a0\u00bb19414&Prime; img_size=\u00a0\u00bbfull\u00a0\u00bb qode_css_animation=\u00a0\u00bb\u00a0\u00bb css=\u00a0\u00bb.vc_custom_1580741441388{margin-bottom: -80px !important;}\u00a0\u00bb][vc_column_text css=\u00a0\u00bb.vc_custom_1614855589486{padding-top: 30px !important;padding-right: 20px !important;padding-bottom: 20px !important;padding-left: 20px !important;background-color: rgba(60,70,80,0.9) !important;*background-color: rgb(60,70,80) !important;}\u00a0\u00bb el_class=\u00a0\u00bb.button-box-category\u00a0\u00bb]<\/p>\n<p class=\"p1\"><a href=\"https:\/\/mifar.com\/fr\/cosmetiques\/\"><span style=\"color: #ffffff; font-size: 22px;\">Cosm\u00e9tiques<\/span><\/a><\/p>\n<p>[\/vc_column_text][vc_column_text css=\u00a0\u00bb.vc_custom_1613402757232{padding-top: 10px !important;padding-bottom: 5px !important;}\u00a0\u00bb]<\/p>\n<p class=\"p1\"><strong>La couleur appliqu\u00e9e aux produits de beaut\u00e9 et de soins personnels<\/strong><\/p>\n<p>[\/vc_column_text][vc_column_text]<\/p>\n<p class=\"p1\"><a href=\"https:\/\/mifar.com\/fr\/cosmetiques\/\">Read more<\/a><\/p>\n<p>[\/vc_column_text][vc_separator type=\u00a0\u00bbnormal\u00a0\u00bb color=\u00a0\u00bb#29a3d3&Prime;][\/vc_column][vc_column width=\u00a0\u00bb1\/4&Prime; css=\u00a0\u00bb.vc_custom_1580392929864{margin-bottom: 10px !important;}\u00a0\u00bb][vc_single_image image=\u00a0\u00bb19417&Prime; img_size=\u00a0\u00bbfull\u00a0\u00bb qode_css_animation=\u00a0\u00bb\u00a0\u00bb css=\u00a0\u00bb.vc_custom_1580741463241{margin-bottom: -80px !important;}\u00a0\u00bb][vc_column_text css=\u00a0\u00bb.vc_custom_1614855769984{padding-top: 30px !important;padding-right: 20px !important;padding-bottom: 20px !important;padding-left: 20px !important;background-color: rgba(60,70,80,0.9) !important;*background-color: rgb(60,70,80) !important;}\u00a0\u00bb el_class=\u00a0\u00bb.button-box-category\u00a0\u00bb]<\/p>\n<p class=\"p1\"><a href=\"https:\/\/mifar.com\/fr\/peinture\/\"><span style=\"color: #ffffff; font-size: 22px;\">Peinture<\/span><\/a><\/p>\n<p>[\/vc_column_text][vc_column_text css=\u00a0\u00bb.vc_custom_1613402809970{padding-top: 10px !important;padding-bottom: 5px !important;}\u00a0\u00bb]<strong>Couleur appliqu\u00e9e aux rev\u00eatements industriels, automobiles et architecturaux<\/strong>[\/vc_column_text][vc_column_text]<\/p>\n<p class=\"p1\"><a href=\"https:\/\/mifar.com\/fr\/peinture\/\">Read more<\/a><\/p>\n<p>[\/vc_column_text][vc_separator type=\u00a0\u00bbnormal\u00a0\u00bb color=\u00a0\u00bb#29a3d3&Prime;][\/vc_column][vc_column width=\u00a0\u00bb1\/4&Prime; css=\u00a0\u00bb.vc_custom_1580392936431{margin-bottom: 15px !important;}\u00a0\u00bb][vc_single_image image=\u00a0\u00bb19418&Prime; img_size=\u00a0\u00bbfull\u00a0\u00bb qode_css_animation=\u00a0\u00bb\u00a0\u00bb css=\u00a0\u00bb.vc_custom_1580741473013{margin-bottom: -80px !important;}\u00a0\u00bb][vc_column_text css=\u00a0\u00bb.vc_custom_1614855791006{padding-top: 30px !important;padding-right: 20px !important;padding-bottom: 20px !important;padding-left: 20px !important;background-color: rgba(60,70,80,0.9) !important;*background-color: rgb(60,70,80) !important;}\u00a0\u00bb el_class=\u00a0\u00bb.button-box-category\u00a0\u00bb]<\/p>\n<p class=\"p1\"><a href=\"https:\/\/mifar.com\/fr\/encres-pour-marqueurs\/\"><span style=\"color: #ffffff; font-size: 22px;\">Encres pour marqueurs<\/span><\/a><\/p>\n<p>[\/vc_column_text][vc_column_text css=\u00a0\u00bb.vc_custom_1613402850925{padding-top: 10px !important;padding-bottom: 5px !important;}\u00a0\u00bb]<\/p>\n<p class=\"p1\"><strong>La couleur appliqu\u00e9e aux produits professionnels d&rsquo;\u00e9criture<\/strong><\/p>\n<p>[\/vc_column_text][vc_column_text]<\/p>\n<p class=\"p1\"><a href=\"https:\/\/mifar.com\/fr\/encres-pour-marqueurs\/\">Read more<\/a><\/p>\n<p>[\/vc_column_text][vc_separator type=\u00a0\u00bbnormal\u00a0\u00bb color=\u00a0\u00bb#29a3d3&Prime;][\/vc_column][vc_column width=\u00a0\u00bb1\/4&Prime;][vc_single_image image=\u00a0\u00bb19419&Prime; img_size=\u00a0\u00bbfull\u00a0\u00bb qode_css_animation=\u00a0\u00bb\u00a0\u00bb css=\u00a0\u00bb.vc_custom_1580741481735{margin-bottom: -80px !important;}\u00a0\u00bb][vc_column_text css=\u00a0\u00bb.vc_custom_1614855807367{padding-top: 30px !important;padding-right: 20px !important;padding-bottom: 20px !important;padding-left: 20px !important;background-color: rgba(60,70,80,0.9) !important;*background-color: rgb(60,70,80) !important;}\u00a0\u00bb el_class=\u00a0\u00bb.button-box-category\u00a0\u00bb]<\/p>\n<p class=\"p1\"><a href=\"https:\/\/mifar.com\/fr\/encres-dimprimerie\/\"><span style=\"color: #ffffff; font-size: 22px;\">Encres d&rsquo;imprimerie<\/span><\/a><\/p>\n<p>[\/vc_column_text][vc_column_text css=\u00a0\u00bb.vc_custom_1613402893975{padding-top: 10px !important;padding-bottom: 5px !important;}\u00a0\u00bb]<strong>La couleur appliqu\u00e9e \u00e0 la cr\u00e9ativit\u00e9 et \u00e0 l&rsquo;impression de haute qualit\u00e9<\/strong>[\/vc_column_text][vc_column_text]<\/p>\n<p class=\"p1\"><a href=\"https:\/\/mifar.com\/fr\/encres-dimprimerie\/\">Read more<\/a><\/p>\n<p>[\/vc_column_text][vc_separator type=\u00a0\u00bbnormal\u00a0\u00bb color=\u00a0\u00bb#29a3d3&Prime;][\/vc_column][\/vc_row][vc_row css_animation=\u00a0\u00bb\u00a0\u00bb row_type=\u00a0\u00bbrow\u00a0\u00bb use_row_as_full_screen_section=\u00a0\u00bbno\u00a0\u00bb type=\u00a0\u00bbgrid\u00a0\u00bb angled_section=\u00a0\u00bbno\u00a0\u00bb text_align=\u00a0\u00bbleft\u00a0\u00bb background_image_as_pattern=\u00a0\u00bbwithout_pattern\u00a0\u00bb z_index=\u00a0\u00bb\u00a0\u00bb][vc_column][vc_empty_space height=\u00a0\u00bb70px\u00a0\u00bb][\/vc_column][\/vc_row][vc_row css_animation=\u00a0\u00bb\u00a0\u00bb row_type=\u00a0\u00bbrow\u00a0\u00bb use_row_as_full_screen_section=\u00a0\u00bbno\u00a0\u00bb type=\u00a0\u00bbgrid\u00a0\u00bb angled_section=\u00a0\u00bbno\u00a0\u00bb text_align=\u00a0\u00bbleft\u00a0\u00bb background_image_as_pattern=\u00a0\u00bbwithout_pattern\u00a0\u00bb z_index=\u00a0\u00bb\u00a0\u00bb][vc_column width=\u00a0\u00bb1\/4&Prime; css=\u00a0\u00bb.vc_custom_1580392924915{margin-bottom: 10px !important;padding-right: 15px !important;padding-left: 15px !important;}\u00a0\u00bb][vc_single_image image=\u00a0\u00bb19420&Prime; img_size=\u00a0\u00bbfull\u00a0\u00bb qode_css_animation=\u00a0\u00bb\u00a0\u00bb css=\u00a0\u00bb.vc_custom_1580741493820{margin-bottom: -80px !important;}\u00a0\u00bb][vc_column_text css=\u00a0\u00bb.vc_custom_1614855822782{padding-top: 30px !important;padding-right: 20px !important;padding-bottom: 20px !important;padding-left: 20px !important;background-color: rgba(60,70,80,0.9) !important;*background-color: rgb(60,70,80) !important;}\u00a0\u00bb el_class=\u00a0\u00bb.button-box-category\u00a0\u00bb]<\/p>\n<p class=\"p1\"><a href=\"https:\/\/mifar.com\/fr\/finissage\/\"><span style=\"color: #ffffff; font-size: 22px;\">Finissage<\/span><\/a><\/p>\n<p>[\/vc_column_text][vc_column_text css=\u00a0\u00bb.vc_custom_1613402934079{padding-top: 10px !important;padding-bottom: 5px !important;}\u00a0\u00bb]<\/p>\n<p class=\"p1\"><strong>La couleur appliqu\u00e9e aux produits en cuir et en cuir synth\u00e9tique<\/strong><\/p>\n<div id=\"gtx-trans\" style=\"position: absolute; left: -90px; top: -10px;\">\n<div class=\"gtx-trans-icon\"><\/div>\n<\/div>\n<p>[\/vc_column_text][vc_column_text]<\/p>\n<p class=\"p1\"><a href=\"https:\/\/mifar.com\/fr\/finissage\/\">Read more<\/a><\/p>\n<p>[\/vc_column_text][vc_separator type=\u00a0\u00bbnormal\u00a0\u00bb color=\u00a0\u00bb#29a3d3&Prime;][\/vc_column][vc_column width=\u00a0\u00bb1\/4&Prime; css=\u00a0\u00bb.vc_custom_1580392929864{margin-bottom: 10px !important;}\u00a0\u00bb][vc_single_image image=\u00a0\u00bb19421&Prime; img_size=\u00a0\u00bbfull\u00a0\u00bb qode_css_animation=\u00a0\u00bb\u00a0\u00bb css=\u00a0\u00bb.vc_custom_1580741505256{margin-bottom: -80px !important;}\u00a0\u00bb][vc_column_text css=\u00a0\u00bb.vc_custom_1614855837350{padding-top: 30px !important;padding-right: 20px !important;padding-bottom: 20px !important;padding-left: 20px !important;background-color: rgba(60,70,80,0.9) !important;*background-color: rgb(60,70,80) !important;}\u00a0\u00bb el_class=\u00a0\u00bb.button-box-category\u00a0\u00bb]<\/p>\n<p class=\"p1\"><a href=\"https:\/\/mifar.com\/fr\/jet-dencre\/\"><span style=\"color: #ffffff; font-size: 22px;\">Jet d\u2019encre<\/span><\/a><\/p>\n<p>[\/vc_column_text][vc_column_text css=\u00a0\u00bb.vc_custom_1613402964136{padding-top: 10px !important;padding-bottom: 5px !important;}\u00a0\u00bb]<\/p>\n<p class=\"p1\"><strong>La couleur appliqu\u00e9e \u00e0 la technologie d&rsquo;impression \u00e0 jet d&rsquo;encre<\/strong><\/p>\n<p>[\/vc_column_text][vc_column_text]<\/p>\n<p class=\"p1\"><a href=\"https:\/\/mifar.com\/fr\/jet-dencre\/\">Read more<\/a><\/p>\n<p>[\/vc_column_text][vc_separator type=\u00a0\u00bbnormal\u00a0\u00bb color=\u00a0\u00bb#29a3d3&Prime;][\/vc_column][vc_column width=\u00a0\u00bb1\/4&Prime; css=\u00a0\u00bb.vc_custom_1580392936431{margin-bottom: 15px !important;}\u00a0\u00bb][vc_single_image image=\u00a0\u00bb19422&Prime; img_size=\u00a0\u00bbfull\u00a0\u00bb qode_css_animation=\u00a0\u00bb\u00a0\u00bb css=\u00a0\u00bb.vc_custom_1580741517406{margin-bottom: -80px !important;}\u00a0\u00bb][vc_column_text css=\u00a0\u00bb.vc_custom_1614855850895{padding-top: 30px !important;padding-right: 20px !important;padding-bottom: 20px !important;padding-left: 20px !important;background-color: rgba(60,70,80,0.9) !important;*background-color: rgb(60,70,80) !important;}\u00a0\u00bb el_class=\u00a0\u00bb.button-box-category\u00a0\u00bb]<\/p>\n<p class=\"p1\"><a href=\"https:\/\/mifar.com\/fr\/substances-compostables\/\"><span style=\"color: #ffffff; font-size: 22px;\">Substances compostables<\/span><\/a><\/p>\n<p>[\/vc_column_text][vc_column_text css=\u00a0\u00bb.vc_custom_1613402991906{padding-top: 10px !important;padding-bottom: 5px !important;}\u00a0\u00bb]<\/p>\n<p class=\"p1\"><strong>La couleur appliqu\u00e9e aux emballages et au conditionnement des aliments en vue de solutions durables<\/strong><\/p>\n<div id=\"gtx-trans\" style=\"position: absolute; left: 61px; top: 60.3229px;\">\n<div class=\"gtx-trans-icon\"><\/div>\n<\/div>\n<p>[\/vc_column_text][vc_column_text]<a href=\"https:\/\/mifar.com\/fr\/substances-compostables\/\">Read more<\/a>[\/vc_column_text][vc_separator type=\u00a0\u00bbnormal\u00a0\u00bb color=\u00a0\u00bb#29a3d3&Prime;][\/vc_column][vc_column width=\u00a0\u00bb1\/4&Prime;][vc_single_image image=\u00a0\u00bb19423&Prime; img_size=\u00a0\u00bbfull\u00a0\u00bb qode_css_animation=\u00a0\u00bb\u00a0\u00bb css=\u00a0\u00bb.vc_custom_1580741528769{margin-bottom: -80px !important;}\u00a0\u00bb][vc_column_text css=\u00a0\u00bb.vc_custom_1614855866461{padding-top: 30px !important;padding-right: 20px !important;padding-bottom: 20px !important;padding-left: 20px !important;background-color: rgba(60,70,80,0.9) !important;*background-color: rgb(60,70,80) !important;}\u00a0\u00bb el_class=\u00a0\u00bb.button-box-category\u00a0\u00bb]<\/p>\n<p class=\"p1\"><a href=\"https:\/\/mifar.com\/fr\/produits-chimiques-de-specialite\/\"><span style=\"color: #ffffff; font-size: 22px;\">Produits chimiques de sp\u00e9cialit\u00e9<\/span><\/a><\/p>\n<p>[\/vc_column_text][vc_column_text css=\u00a0\u00bb.vc_custom_1613403122518{padding-top: 10px !important;padding-bottom: 5px !important;}\u00a0\u00bb]<strong>La couleur appliqu\u00e9e \u00e0 l&rsquo;impression avec des encres s\u00e9rigraphiques et des encres UV<\/strong>[\/vc_column_text][vc_column_text]<\/p>\n<p class=\"p1\"><a href=\"https:\/\/mifar.com\/fr\/produits-chimiques-de-specialite\/\">Read More<\/a><\/p>\n<p>[\/vc_column_text][vc_separator type=\u00a0\u00bbnormal\u00a0\u00bb color=\u00a0\u00bb#29a3d3&Prime;][\/vc_column][\/vc_row][vc_row css_animation=\u00a0\u00bb\u00a0\u00bb row_type=\u00a0\u00bbrow\u00a0\u00bb use_row_as_full_screen_section=\u00a0\u00bbno\u00a0\u00bb type=\u00a0\u00bbgrid\u00a0\u00bb angled_section=\u00a0\u00bbno\u00a0\u00bb text_align=\u00a0\u00bbleft\u00a0\u00bb background_image_as_pattern=\u00a0\u00bbwithout_pattern\u00a0\u00bb z_index=\u00a0\u00bb\u00a0\u00bb][vc_column][vc_empty_space height=\u00a0\u00bb50px\u00a0\u00bb][\/vc_column][\/vc_row]<\/p>\n<\/div>","protected":false},"excerpt":{"rendered":"<p>[vc_row css_animation=\u00a0\u00bb\u00a0\u00bb row_type=\u00a0\u00bbrow\u00a0\u00bb use_row_as_full_screen_section=\u00a0\u00bbno\u00a0\u00bb type=\u00a0\u00bbgrid\u00a0\u00bb angled_section=\u00a0\u00bbno\u00a0\u00bb text_align=\u00a0\u00bbleft\u00a0\u00bb background_image_as_pattern=\u00a0\u00bbwithout_pattern\u00a0\u00bb css=\u00a0\u00bb.vc_custom_1580393488061{margin-bottom: 20px !important;background-position: 0 0 !important;background-repeat: no-repeat !important;}\u00a0\u00bb z_index=\u00a0\u00bb\u00a0\u00bb][vc_column width=\u00a0\u00bb1\/2&Prime;][vc_column_text] Notre promesse | Colour Made Easy [\/vc_column_text][\/vc_column][vc_column width=\u00a0\u00bb1\/2&Prime;][vc_separator type=\u00a0\u00bbnormal\u00a0\u00bb color=\u00a0\u00bb#29a3d3&Prime;][\/vc_column][\/vc_row][vc_row css_animation=\u00a0\u00bb\u00a0\u00bb row_type=\u00a0\u00bbrow\u00a0\u00bb use_row_as_full_screen_section=\u00a0\u00bbno\u00a0\u00bb type=\u00a0\u00bbgrid\u00a0\u00bb angled_section=\u00a0\u00bbno\u00a0\u00bb text_align=\u00a0\u00bbleft\u00a0\u00bb background_image_as_pattern=\u00a0\u00bbwithout_pattern\u00a0\u00bb z_index=\u00a0\u00bb\u00a0\u00bb][vc_column][vc_column_text] C&rsquo;est la promesse de Mifar de \u00ab faciliter la&#8230;<\/p>\n","protected":false},"author":7,"featured_media":0,"parent":0,"menu_order":0,"comment_status":"closed","ping_status":"closed","template":"","meta":{"footnotes":""},"class_list":["post-19413","page","type-page","status-publish","hentry"],"_links":{"self":[{"href":"https:\/\/mifar.com\/fr\/wp-json\/wp\/v2\/pages\/19413","targetHints":{"allow":["GET"]}}],"collection":[{"href":"https:\/\/mifar.com\/fr\/wp-json\/wp\/v2\/pages"}],"about":[{"href":"https:\/\/mifar.com\/fr\/wp-json\/wp\/v2\/types\/page"}],"author":[{"embeddable":true,"href":"https:\/\/mifar.com\/fr\/wp-json\/wp\/v2\/users\/7"}],"replies":[{"embeddable":true,"href":"https:\/\/mifar.com\/fr\/wp-json\/wp\/v2\/comments?post=19413"}],"version-history":[{"count":5,"href":"https:\/\/mifar.com\/fr\/wp-json\/wp\/v2\/pages\/19413\/revisions"}],"predecessor-version":[{"id":19767,"href":"https:\/\/mifar.com\/fr\/wp-json\/wp\/v2\/pages\/19413\/revisions\/19767"}],"wp:attachment":[{"href":"https:\/\/mifar.com\/fr\/wp-json\/wp\/v2\/media?parent=19413"}],"curies":[{"name":"wp","href":"https:\/\/api.w.org\/{rel}","templated":true}]}}