{"id":19429,"date":"2020-04-13T15:46:11","date_gmt":"2020-04-13T15:46:11","guid":{"rendered":"https:\/\/mifar.com\/cosmetic\/"},"modified":"2021-02-15T16:31:41","modified_gmt":"2021-02-15T16:31:41","slug":"cosmetiques","status":"publish","type":"page","link":"https:\/\/mifar.com\/fr\/cosmetiques\/","title":{"rendered":"Cosm\u00e9tiques"},"content":{"rendered":"<div class=\"wpb-content-wrapper\"><p>[vc_row css_animation=\u00a0\u00bb\u00a0\u00bb row_type=\u00a0\u00bbrow\u00a0\u00bb use_row_as_full_screen_section=\u00a0\u00bbno\u00a0\u00bb type=\u00a0\u00bbgrid\u00a0\u00bb angled_section=\u00a0\u00bbno\u00a0\u00bb text_align=\u00a0\u00bbleft\u00a0\u00bb background_image_as_pattern=\u00a0\u00bbwithout_pattern\u00a0\u00bb css=\u00a0\u00bb.vc_custom_1580393488061{margin-bottom: 20px !important;background-position: 0 0 !important;background-repeat: no-repeat !important;}\u00a0\u00bb z_index=\u00a0\u00bb\u00a0\u00bb][vc_column width=\u00a0\u00bb1\/2&Prime;][vc_column_text]<\/p>\n<h3>Cosm\u00e9tiques<\/h3>\n<p>[\/vc_column_text][\/vc_column][vc_column width=\u00a0\u00bb1\/2&Prime;][vc_separator type=\u00a0\u00bbnormal\u00a0\u00bb color=\u00a0\u00bb#29a3d3&Prime;][\/vc_column][\/vc_row][vc_row css_animation=\u00a0\u00bb\u00a0\u00bb row_type=\u00a0\u00bbrow\u00a0\u00bb use_row_as_full_screen_section=\u00a0\u00bbno\u00a0\u00bb type=\u00a0\u00bbgrid\u00a0\u00bb angled_section=\u00a0\u00bbno\u00a0\u00bb text_align=\u00a0\u00bbleft\u00a0\u00bb background_image_as_pattern=\u00a0\u00bbwithout_pattern\u00a0\u00bb z_index=\u00a0\u00bb\u00a0\u00bb][vc_column][vc_column_text]Mifar Srl fournit Dispercos au monde des produits cosm\u00e9tiques, une pr\u00e9paration pigmentaire cosm\u00e9tique de haute qualit\u00e9, pr\u00e9-dispers\u00e9e dans de l&rsquo;ester de nitrocellulose soluble et de l&rsquo;ac\u00e9tyl tributyl citrate (ATBC) comme plastifiant, r\u00e9pondant particuli\u00e8rement bien \u00e0 la production de vernis \u00e0 ongles. Le niveau \u00e9lev\u00e9 de dispersion et de rev\u00eatement superficiel, combin\u00e9 \u00e0 une s\u00e9lection rigoureuse des pigments, permet d&rsquo;obtenir un produit de qualit\u00e9 sup\u00e9rieure, garantissant une grande r\u00e9sistance des couleurs, un brillant et une transparence \u00e9lev\u00e9s, ainsi qu&rsquo;une excellente r\u00e9sistance aux rayures et \u00e0 l&rsquo;abrasion. Dispercos est disponible sous une large gamme de couleurs et peut \u00e9galement \u00eatre fourni sur mesure. Avec Dispercos, Mifar propose un processus de production simple et rentable, par le transfert de son propre savoir-faire et un service complet d\u2019assistance sur les fournitures.<\/p>\n<p>&nbsp;<\/p>\n<p>Rationalisation des produits | Dispercos offre des avantages \u00e9conomiques et des avantages en termes de produits.<\/p>\n<ul>\n<li>Acquisition directe du savoir-faire<\/li>\n<li>Brillance et luminosit\u00e9 de haut niveau<\/li>\n<li>D\u00e9veloppement optimal de l&rsquo;intensit\u00e9 des couleurs<\/li>\n<li>Transparence maximale<\/li>\n<li>Puret\u00e9 exceptionnelle des couleurs<\/li>\n<li>Faible r\u00e9tention de solvants<\/li>\n<li>Co\u00fbt total inf\u00e9rieur du vernis \u00e0 ongles<\/li>\n<li>Flexibilit\u00e9 de production \u00e9lev\u00e9e, associ\u00e9e \u00e0 une qualit\u00e9 sup\u00e9rieure<\/li>\n<li>Stock r\u00e9duit<\/li>\n<\/ul>\n<p>&nbsp;<\/p>\n<p>Durabilit\u00e9 | Dispercos offre des avantages en mati\u00e8re de s\u00e9curit\u00e9, de sant\u00e9 et d&rsquo;environnement.<\/p>\n<p>R\u00e9duire le co\u00fbt de l&rsquo;\u00e9limination des bo\u00eetes d&rsquo;encre et des bidons vides.<\/p>\n<p>Les chips sont fournis dans des bo\u00eetes en carton.[\/vc_column_text][vc_empty_space height=\u00a0\u00bb50px\u00a0\u00bb][\/vc_column][\/vc_row][vc_row css_animation=\u00a0\u00bb\u00a0\u00bb row_type=\u00a0\u00bbrow\u00a0\u00bb use_row_as_full_screen_section=\u00a0\u00bbno\u00a0\u00bb type=\u00a0\u00bbgrid\u00a0\u00bb angled_section=\u00a0\u00bbno\u00a0\u00bb text_align=\u00a0\u00bbleft\u00a0\u00bb background_image_as_pattern=\u00a0\u00bbwithout_pattern\u00a0\u00bb css=\u00a0\u00bb.vc_custom_1591973774411{margin-bottom: 40px !important;background-position: 0 0 !important;background-repeat: no-repeat !important;}\u00a0\u00bb z_index=\u00a0\u00bb\u00a0\u00bb][vc_column width=\u00a0\u00bb1\/4&Prime;][vc_column_text]<\/p>\n<h3>Gamme des produits<\/h3>\n<div id=\"gtx-trans\" style=\"position: absolute; left: -96px; top: -6.28125px;\">\n<div class=\"gtx-trans-icon\"><\/div>\n<\/div>\n<p>[\/vc_column_text][\/vc_column][vc_column width=\u00a0\u00bb3\/4&Prime;][vc_separator type=\u00a0\u00bbnormal\u00a0\u00bb color=\u00a0\u00bb#29a3d3&Prime;][\/vc_column][\/vc_row][vc_row css_animation=\u00a0\u00bb\u00a0\u00bb row_type=\u00a0\u00bbrow\u00a0\u00bb use_row_as_full_screen_section=\u00a0\u00bbyes\u00a0\u00bb type=\u00a0\u00bbgrid\u00a0\u00bb angled_section=\u00a0\u00bbno\u00a0\u00bb text_align=\u00a0\u00bbleft\u00a0\u00bb background_image_as_pattern=\u00a0\u00bbwithout_pattern\u00a0\u00bb css=\u00a0\u00bb.vc_custom_1580399677552{padding-top: 5px !important;padding-bottom: 5px !important;background-position: 0 0 !important;background-repeat: no-repeat !important;}\u00a0\u00bb z_index=\u00a0\u00bb\u00a0\u00bb][vc_column][vc_column_text]<\/p>\n<p class=\"p1\"><span style=\"color: #29a3d3; font-size: 18px;\"><strong> Dispercos<\/strong><\/span><\/p>\n<div id=\"gtx-trans\" style=\"position: absolute; left: 121px; top: -9px;\">\n<div class=\"gtx-trans-icon\"><\/div>\n<\/div>\n<p>[\/vc_column_text][vc_column_text css=\u00a0\u00bb.vc_custom_1613403559079{padding-bottom: 10px !important;}\u00a0\u00bb]<\/p>\n<p class=\"p1\">Dispercos est une s\u00e9rie caract\u00e9ris\u00e9e par l&rsquo;utilisation de pigments cosm\u00e9tiques de qualit\u00e9, pr\u00e9-dispers\u00e9s dans de la nitrocellulose soluble dans l&rsquo;ester et l&rsquo;ac\u00e9tylcitrate de tributyle (ATBC) comme plastifiant, particuli\u00e8rement adapt\u00e9s \u00e0 la production de vernis \u00e0 ongles. Le niveau \u00e9lev\u00e9 de dispersion et de rev\u00eatement superficiel, combin\u00e9 \u00e0 une s\u00e9lection rigoureuse des pigments, permet d&rsquo;obtenir un produit de qualit\u00e9 sup\u00e9rieure, garantissant une grande r\u00e9sistance des couleurs, un brillant et une transparence \u00e9lev\u00e9s, ainsi qu&rsquo;une excellente r\u00e9sistance aux rayures et \u00e0 l&rsquo;abrasion. Disponible sous une vaste gamme d&rsquo;indices de coloration, il peut \u00e9galement \u00eatre fabriqu\u00e9 sur mesure en fonction des besoins du client.<\/p>\n<p>[\/vc_column_text][vc_separator type=\u00a0\u00bbnormal\u00a0\u00bb color=\u00a0\u00bb#29a3d3&Prime;][\/vc_column][\/vc_row][vc_row css_animation=\u00a0\u00bb\u00a0\u00bb row_type=\u00a0\u00bbrow\u00a0\u00bb use_row_as_full_screen_section=\u00a0\u00bbno\u00a0\u00bb type=\u00a0\u00bbfull_width\u00a0\u00bb angled_section=\u00a0\u00bbno\u00a0\u00bb text_align=\u00a0\u00bbleft\u00a0\u00bb background_image_as_pattern=\u00a0\u00bbwithout_pattern\u00a0\u00bb][vc_column][vc_empty_space height=\u00a0\u00bb50px\u00a0\u00bb][\/vc_column][\/vc_row]<\/p>\n<\/div>","protected":false},"excerpt":{"rendered":"<p>[vc_row css_animation=\u00a0\u00bb\u00a0\u00bb row_type=\u00a0\u00bbrow\u00a0\u00bb use_row_as_full_screen_section=\u00a0\u00bbno\u00a0\u00bb type=\u00a0\u00bbgrid\u00a0\u00bb angled_section=\u00a0\u00bbno\u00a0\u00bb text_align=\u00a0\u00bbleft\u00a0\u00bb background_image_as_pattern=\u00a0\u00bbwithout_pattern\u00a0\u00bb css=\u00a0\u00bb.vc_custom_1580393488061{margin-bottom: 20px !important;background-position: 0 0 !important;background-repeat: no-repeat !important;}\u00a0\u00bb z_index=\u00a0\u00bb\u00a0\u00bb][vc_column width=\u00a0\u00bb1\/2&Prime;][vc_column_text] Cosm\u00e9tiques [\/vc_column_text][\/vc_column][vc_column width=\u00a0\u00bb1\/2&Prime;][vc_separator type=\u00a0\u00bbnormal\u00a0\u00bb color=\u00a0\u00bb#29a3d3&Prime;][\/vc_column][\/vc_row][vc_row css_animation=\u00a0\u00bb\u00a0\u00bb row_type=\u00a0\u00bbrow\u00a0\u00bb use_row_as_full_screen_section=\u00a0\u00bbno\u00a0\u00bb type=\u00a0\u00bbgrid\u00a0\u00bb angled_section=\u00a0\u00bbno\u00a0\u00bb text_align=\u00a0\u00bbleft\u00a0\u00bb background_image_as_pattern=\u00a0\u00bbwithout_pattern\u00a0\u00bb z_index=\u00a0\u00bb\u00a0\u00bb][vc_column][vc_column_text]Mifar Srl fournit Dispercos au monde des produits cosm\u00e9tiques, une pr\u00e9paration pigmentaire cosm\u00e9tique de haute&#8230;<\/p>\n","protected":false},"author":7,"featured_media":0,"parent":0,"menu_order":0,"comment_status":"closed","ping_status":"closed","template":"","meta":{"footnotes":""},"class_list":["post-19429","page","type-page","status-publish","hentry"],"_links":{"self":[{"href":"https:\/\/mifar.com\/fr\/wp-json\/wp\/v2\/pages\/19429","targetHints":{"allow":["GET"]}}],"collection":[{"href":"https:\/\/mifar.com\/fr\/wp-json\/wp\/v2\/pages"}],"about":[{"href":"https:\/\/mifar.com\/fr\/wp-json\/wp\/v2\/types\/page"}],"author":[{"embeddable":true,"href":"https:\/\/mifar.com\/fr\/wp-json\/wp\/v2\/users\/7"}],"replies":[{"embeddable":true,"href":"https:\/\/mifar.com\/fr\/wp-json\/wp\/v2\/comments?post=19429"}],"version-history":[{"count":3,"href":"https:\/\/mifar.com\/fr\/wp-json\/wp\/v2\/pages\/19429\/revisions"}],"predecessor-version":[{"id":19431,"href":"https:\/\/mifar.com\/fr\/wp-json\/wp\/v2\/pages\/19429\/revisions\/19431"}],"wp:attachment":[{"href":"https:\/\/mifar.com\/fr\/wp-json\/wp\/v2\/media?parent=19429"}],"curies":[{"name":"wp","href":"https:\/\/api.w.org\/{rel}","templated":true}]}}