{"id":19449,"date":"2020-04-13T15:51:50","date_gmt":"2020-04-13T15:51:50","guid":{"rendered":"https:\/\/mifar.com\/printing-inks\/"},"modified":"2021-02-15T16:32:23","modified_gmt":"2021-02-15T16:32:23","slug":"encres-dimprimerie","status":"publish","type":"page","link":"https:\/\/mifar.com\/fr\/encres-dimprimerie\/","title":{"rendered":"Encres d&rsquo;imprimerie"},"content":{"rendered":"<div class=\"wpb-content-wrapper\"><p>[vc_row css_animation=\u00a0\u00bb\u00a0\u00bb row_type=\u00a0\u00bbrow\u00a0\u00bb use_row_as_full_screen_section=\u00a0\u00bbno\u00a0\u00bb type=\u00a0\u00bbgrid\u00a0\u00bb angled_section=\u00a0\u00bbno\u00a0\u00bb text_align=\u00a0\u00bbleft\u00a0\u00bb background_image_as_pattern=\u00a0\u00bbwithout_pattern\u00a0\u00bb css=\u00a0\u00bb.vc_custom_1580393488061{margin-bottom: 20px !important;background-position: 0 0 !important;background-repeat: no-repeat !important;}\u00a0\u00bb z_index=\u00a0\u00bb\u00a0\u00bb][vc_column width=\u00a0\u00bb1\/2&Prime;][vc_column_text]<\/p>\n<h3>Encres d&rsquo;imprimerie<\/h3>\n<p>[\/vc_column_text][\/vc_column][vc_column width=\u00a0\u00bb1\/2&Prime;][vc_separator type=\u00a0\u00bbnormal\u00a0\u00bb color=\u00a0\u00bb#29a3d3&Prime;][\/vc_column][\/vc_row][vc_row css_animation=\u00a0\u00bb\u00a0\u00bb row_type=\u00a0\u00bbrow\u00a0\u00bb use_row_as_full_screen_section=\u00a0\u00bbno\u00a0\u00bb type=\u00a0\u00bbgrid\u00a0\u00bb angled_section=\u00a0\u00bbno\u00a0\u00bb text_align=\u00a0\u00bbleft\u00a0\u00bb background_image_as_pattern=\u00a0\u00bbwithout_pattern\u00a0\u00bb z_index=\u00a0\u00bb\u00a0\u00bb][vc_column][vc_column_text]Mifar propose des chips pour la production d&rsquo;encres garantissant un haut rendu des couleurs et une excellente brillance pour les diff\u00e9rentes techniques d&rsquo;impression. La gamme des produits Mifar se distingue par sa grande compatibilit\u00e9 et permet par cons\u00e9quent de proposer une gamme tr\u00e8s compl\u00e8te d&rsquo;encres pour l&rsquo;impression en flexographie, l&rsquo;impression \u00e0 jet d&rsquo;encre, la s\u00e9rigraphie, l&rsquo;impression offset et l&rsquo;h\u00e9liogravure, l&rsquo;impression industrielle.<\/p>\n<p>Une attention toute particuli\u00e8re est accord\u00e9e \u00e0 la gamme Disperlit qui offre d&rsquo;excellentes performances en termes d&rsquo;impact environnemental notamment.<\/p>\n<p>Les mati\u00e8res premi\u00e8res sont soigneusement s\u00e9lectionn\u00e9es par Mifar conform\u00e9ment aux normes internationales et aux recommandations et directives \u00e9tablies par l&rsquo;EUPIA (European Printing Ink Association).<\/p>\n<p>Les dispersions Mifar conviennent \u00e0 toutes les principales applications : aluminium, papier, cellulose, BOPP (polypropyl\u00e8ne biorient\u00e9), PET (polyester), PE (poly\u00e9thyl\u00e8ne), surfaces en PVC et autres films plastiques.[\/vc_column_text][vc_empty_space height=\u00a0\u00bb50px\u00a0\u00bb][\/vc_column][\/vc_row][vc_row css_animation=\u00a0\u00bb\u00a0\u00bb row_type=\u00a0\u00bbrow\u00a0\u00bb use_row_as_full_screen_section=\u00a0\u00bbno\u00a0\u00bb type=\u00a0\u00bbgrid\u00a0\u00bb angled_section=\u00a0\u00bbno\u00a0\u00bb text_align=\u00a0\u00bbleft\u00a0\u00bb background_image_as_pattern=\u00a0\u00bbwithout_pattern\u00a0\u00bb css=\u00a0\u00bb.vc_custom_1591973859562{margin-bottom: 40px !important;background-position: 0 0 !important;background-repeat: no-repeat !important;}\u00a0\u00bb z_index=\u00a0\u00bb\u00a0\u00bb][vc_column width=\u00a0\u00bb1\/4&Prime;][vc_column_text]<\/p>\n<h3>Gamme des produits<\/h3>\n<p>[\/vc_column_text][\/vc_column][vc_column width=\u00a0\u00bb3\/4&Prime;][vc_separator type=\u00a0\u00bbnormal\u00a0\u00bb color=\u00a0\u00bb#29a3d3&Prime;][\/vc_column][\/vc_row][vc_row css_animation=\u00a0\u00bb\u00a0\u00bb row_type=\u00a0\u00bbrow\u00a0\u00bb use_row_as_full_screen_section=\u00a0\u00bbyes\u00a0\u00bb type=\u00a0\u00bbgrid\u00a0\u00bb angled_section=\u00a0\u00bbno\u00a0\u00bb text_align=\u00a0\u00bbleft\u00a0\u00bb background_image_as_pattern=\u00a0\u00bbwithout_pattern\u00a0\u00bb css=\u00a0\u00bb.vc_custom_1580399677552{padding-top: 5px !important;padding-bottom: 5px !important;background-position: 0 0 !important;background-repeat: no-repeat !important;}\u00a0\u00bb z_index=\u00a0\u00bb\u00a0\u00bb][vc_column][vc_column_text]<\/p>\n<p class=\"p1\"><span style=\"color: #29a3d3; font-size: 18px;\"><strong>Dispercel NC<\/strong><\/span><\/p>\n<p>[\/vc_column_text][vc_column_text css=\u00a0\u00bb.vc_custom_1613405017855{padding-bottom: 10px !important;}\u00a0\u00bb]<\/p>\n<p class=\"p1\">Il s&rsquo;agit d&rsquo;une dispersion tr\u00e8s concentr\u00e9e de pigments dans une r\u00e9sine de nitrocellulose \u00e0 base d&rsquo;alcool. Cette s\u00e9rie r\u00e9pond particuli\u00e8rement bien aux encres pour la flexographie et pour l&rsquo;h\u00e9liogravure, sur l&rsquo;aluminium et sur de nombreux types de films plastiques. \u00c9galement polyvalente pour les peintures pour bois, les peintures et les applications cosm\u00e9tiques.<\/p>\n<p>[\/vc_column_text][vc_separator type=\u00a0\u00bbnormal\u00a0\u00bb color=\u00a0\u00bb#29a3d3&Prime;][\/vc_column][\/vc_row][vc_row css_animation=\u00a0\u00bb\u00a0\u00bb row_type=\u00a0\u00bbrow\u00a0\u00bb use_row_as_full_screen_section=\u00a0\u00bbyes\u00a0\u00bb type=\u00a0\u00bbgrid\u00a0\u00bb angled_section=\u00a0\u00bbno\u00a0\u00bb text_align=\u00a0\u00bbleft\u00a0\u00bb background_image_as_pattern=\u00a0\u00bbwithout_pattern\u00a0\u00bb css=\u00a0\u00bb.vc_custom_1580399677552{padding-top: 5px !important;padding-bottom: 5px !important;background-position: 0 0 !important;background-repeat: no-repeat !important;}\u00a0\u00bb z_index=\u00a0\u00bb\u00a0\u00bb][vc_column][vc_column_text]<\/p>\n<p class=\"p1\"><span style=\"color: #29a3d3; font-size: 18px;\"><strong>Dispercel NCE<\/strong><\/span><\/p>\n<p>[\/vc_column_text][vc_column_text css=\u00a0\u00bb.vc_custom_1613405033703{padding-bottom: 10px !important;}\u00a0\u00bb]<\/p>\n<p class=\"p1\">Il s&rsquo;agit d&rsquo;une dispersion tr\u00e8s concentr\u00e9e de pigments en r\u00e9sine de nitrocellulose \u00e0 base d&rsquo;ester. Cette s\u00e9rie r\u00e9pond particuli\u00e8rement bien aux peintures, aux encres de composition chimique diff\u00e9rente, aux r\u00e9parations automobiles, aux peintures pour bois et aux finissages du cuir.<\/p>\n<p>[\/vc_column_text][vc_separator type=\u00a0\u00bbnormal\u00a0\u00bb color=\u00a0\u00bb#29a3d3&Prime;][\/vc_column][\/vc_row][vc_row css_animation=\u00a0\u00bb\u00a0\u00bb row_type=\u00a0\u00bbrow\u00a0\u00bb use_row_as_full_screen_section=\u00a0\u00bbyes\u00a0\u00bb type=\u00a0\u00bbgrid\u00a0\u00bb angled_section=\u00a0\u00bbno\u00a0\u00bb text_align=\u00a0\u00bbleft\u00a0\u00bb background_image_as_pattern=\u00a0\u00bbwithout_pattern\u00a0\u00bb css=\u00a0\u00bb.vc_custom_1580399677552{padding-top: 5px !important;padding-bottom: 5px !important;background-position: 0 0 !important;background-repeat: no-repeat !important;}\u00a0\u00bb z_index=\u00a0\u00bb\u00a0\u00bb][vc_column][vc_column_text]<\/p>\n<p class=\"p1\"><span style=\"color: #29a3d3; font-size: 18px;\"><strong>Dispervyn VI<\/strong><\/span><\/p>\n<p>[\/vc_column_text][vc_column_text css=\u00a0\u00bb.vc_custom_1613405049144{padding-bottom: 10px !important;}\u00a0\u00bb]<\/p>\n<p class=\"p1\">Dispersion de pigments \u00e0 hautes performances en copolym\u00e8re de chlorure de vinyle-ac\u00e9tate. C\u2019est une s\u00e9rie qui r\u00e9pond particuli\u00e8rement bien aux encres et peintures pour substrats vinyliques, peintures amovibles, peintures en ma\u00e7onnerie et en m\u00e9tal, peintures en PVC, v\u00eatements en plastique, cuirs avec traitement de finissage \u00e0 base de polyur\u00e9thane et mat\u00e9riaux synth\u00e9tiques \u00e0 base de polyur\u00e9thane.<\/p>\n<p>[\/vc_column_text][vc_separator type=\u00a0\u00bbnormal\u00a0\u00bb color=\u00a0\u00bb#29a3d3&Prime;][\/vc_column][\/vc_row][vc_row css_animation=\u00a0\u00bb\u00a0\u00bb row_type=\u00a0\u00bbrow\u00a0\u00bb use_row_as_full_screen_section=\u00a0\u00bbyes\u00a0\u00bb type=\u00a0\u00bbgrid\u00a0\u00bb angled_section=\u00a0\u00bbno\u00a0\u00bb text_align=\u00a0\u00bbleft\u00a0\u00bb background_image_as_pattern=\u00a0\u00bbwithout_pattern\u00a0\u00bb css=\u00a0\u00bb.vc_custom_1580399677552{padding-top: 5px !important;padding-bottom: 5px !important;background-position: 0 0 !important;background-repeat: no-repeat !important;}\u00a0\u00bb z_index=\u00a0\u00bb\u00a0\u00bb][vc_column][vc_column_text]<\/p>\n<p class=\"p1\"><span style=\"color: #29a3d3; font-size: 18px;\"><strong>Dispercab CB<\/strong><\/span><\/p>\n<p>[\/vc_column_text][vc_column_text css=\u00a0\u00bb.vc_custom_1613405066849{padding-bottom: 10px !important;}\u00a0\u00bb]\u00c0 base de pigments dispers\u00e9s dans l&rsquo;ac\u00e9tate-butyrate de cellulose (ACB), ce produit convient particuli\u00e8rement bien \u00e0 l&rsquo;impression en h\u00e9liogravure et flexographie, aux encres s\u00e9rigraphiques, aux finitions du bois, aux finitions automobiles, aux peintures en caoutchouc et en plastique, au traitement des tissus et des cuirs, ainsi qu&rsquo;aux vernis \u00e0 ongles.[\/vc_column_text][vc_separator type=\u00a0\u00bbnormal\u00a0\u00bb color=\u00a0\u00bb#29a3d3&Prime;][\/vc_column][\/vc_row][vc_row css_animation=\u00a0\u00bb\u00a0\u00bb row_type=\u00a0\u00bbrow\u00a0\u00bb use_row_as_full_screen_section=\u00a0\u00bbyes\u00a0\u00bb type=\u00a0\u00bbgrid\u00a0\u00bb angled_section=\u00a0\u00bbno\u00a0\u00bb text_align=\u00a0\u00bbleft\u00a0\u00bb background_image_as_pattern=\u00a0\u00bbwithout_pattern\u00a0\u00bb css=\u00a0\u00bb.vc_custom_1580399677552{padding-top: 5px !important;padding-bottom: 5px !important;background-position: 0 0 !important;background-repeat: no-repeat !important;}\u00a0\u00bb z_index=\u00a0\u00bb\u00a0\u00bb][vc_column][vc_column_text]<\/p>\n<p class=\"p1\"><span style=\"color: #29a3d3; font-size: 18px;\"><strong>Dispercap AP<\/strong><\/span><\/p>\n<p>[\/vc_column_text][vc_column_text css=\u00a0\u00bb.vc_custom_1613405083569{padding-bottom: 10px !important;}\u00a0\u00bb]Dispersion de pigments \u00e0 hautes performances dans de l&rsquo;ac\u00e9tate-propionate de cellulose (APC). R\u00e9pondant particuli\u00e8rement bien aux encres pour la flexographie et pour l&rsquo;h\u00e9liogravure, \u00e0 l&rsquo;aluminium et \u00e0 divers types de films plastiques, aux vernis de surimpression, aux peintures plastiques et aux laques pour bois.[\/vc_column_text][vc_separator type=\u00a0\u00bbnormal\u00a0\u00bb color=\u00a0\u00bb#29a3d3&Prime;][\/vc_column][\/vc_row][vc_row css_animation=\u00a0\u00bb\u00a0\u00bb row_type=\u00a0\u00bbrow\u00a0\u00bb use_row_as_full_screen_section=\u00a0\u00bbyes\u00a0\u00bb type=\u00a0\u00bbgrid\u00a0\u00bb angled_section=\u00a0\u00bbno\u00a0\u00bb text_align=\u00a0\u00bbleft\u00a0\u00bb background_image_as_pattern=\u00a0\u00bbwithout_pattern\u00a0\u00bb css=\u00a0\u00bb.vc_custom_1580399677552{padding-top: 5px !important;padding-bottom: 5px !important;background-position: 0 0 !important;background-repeat: no-repeat !important;}\u00a0\u00bb z_index=\u00a0\u00bb\u00a0\u00bb][vc_column][vc_column_text]<\/p>\n<p class=\"p1\"><span style=\"color: #29a3d3; font-size: 18px;\"><strong>Dispermid PA<\/strong><\/span><\/p>\n<div id=\"gtx-trans\" style=\"position: absolute; left: 114px; top: -9px;\">\n<div class=\"gtx-trans-icon\"><\/div>\n<\/div>\n<p>[\/vc_column_text][vc_column_text css=\u00a0\u00bb.vc_custom_1613405099420{padding-bottom: 10px !important;}\u00a0\u00bb]<\/p>\n<p class=\"p1\">Pr\u00e9parations de polyamide pigment\u00e9, adapt\u00e9es aux encres \u00e0 base de polyamide pour surfaces d\u2019impression en poly\u00e9thyl\u00e8ne trait\u00e9, elles r\u00e9pondent bien aux encres pour la flexographie et pour l&rsquo;h\u00e9liogravure et au traitement de surfaces non absorbantes. Ces produits garantissent d&rsquo;excellentes propri\u00e9t\u00e9s de mouillage des pigments, une lib\u00e9ration rapide du solvant et une bonne r\u00e9sistance au gel. Elles sont particuli\u00e8rement appr\u00e9ci\u00e9es dans le conditionnement \u00e0 froid.<\/p>\n<p>[\/vc_column_text][vc_separator type=\u00a0\u00bbnormal\u00a0\u00bb color=\u00a0\u00bb#29a3d3&Prime;][\/vc_column][\/vc_row][vc_row css_animation=\u00a0\u00bb\u00a0\u00bb row_type=\u00a0\u00bbrow\u00a0\u00bb use_row_as_full_screen_section=\u00a0\u00bbyes\u00a0\u00bb type=\u00a0\u00bbgrid\u00a0\u00bb angled_section=\u00a0\u00bbno\u00a0\u00bb text_align=\u00a0\u00bbleft\u00a0\u00bb background_image_as_pattern=\u00a0\u00bbwithout_pattern\u00a0\u00bb css=\u00a0\u00bb.vc_custom_1580399677552{padding-top: 5px !important;padding-bottom: 5px !important;background-position: 0 0 !important;background-repeat: no-repeat !important;}\u00a0\u00bb z_index=\u00a0\u00bb\u00a0\u00bb][vc_column][vc_column_text]<\/p>\n<p class=\"p1\"><span style=\"color: #29a3d3; font-size: 18px;\"><strong>Dispercryl AW<\/strong><\/span><\/p>\n<div id=\"gtx-trans\" style=\"position: absolute; left: 117px; top: 41px;\">\n<div class=\"gtx-trans-icon\"><\/div>\n<\/div>\n<p>[\/vc_column_text][vc_column_text css=\u00a0\u00bb.vc_custom_1613405117515{padding-bottom: 10px !important;}\u00a0\u00bb]Pr\u00e9parations de pigments \u00e0 hautes performances dans une r\u00e9sine acrylique \u00e0 base d&rsquo;eau. Id\u00e9ales pour les peintures de surimpression et les encres \u00e0 base d&rsquo;eau, ainsi que pour les peintures pour bois \u00e0 base d\u2019eau.[\/vc_column_text][vc_separator type=\u00a0\u00bbnormal\u00a0\u00bb color=\u00a0\u00bb#29a3d3&Prime;][\/vc_column][\/vc_row][vc_row css_animation=\u00a0\u00bb\u00a0\u00bb row_type=\u00a0\u00bbrow\u00a0\u00bb use_row_as_full_screen_section=\u00a0\u00bbyes\u00a0\u00bb type=\u00a0\u00bbgrid\u00a0\u00bb angled_section=\u00a0\u00bbno\u00a0\u00bb text_align=\u00a0\u00bbleft\u00a0\u00bb background_image_as_pattern=\u00a0\u00bbwithout_pattern\u00a0\u00bb css=\u00a0\u00bb.vc_custom_1580399677552{padding-top: 5px !important;padding-bottom: 5px !important;background-position: 0 0 !important;background-repeat: no-repeat !important;}\u00a0\u00bb z_index=\u00a0\u00bb\u00a0\u00bb][vc_column][vc_column_text]<\/p>\n<p class=\"p1\"><span style=\"color: #29a3d3; font-size: 18px;\"><strong>Disperthyl EC<\/strong><\/span><\/p>\n<div id=\"gtx-trans\" style=\"position: absolute; left: 121px; top: -9px;\">\n<div class=\"gtx-trans-icon\"><\/div>\n<\/div>\n<p>[\/vc_column_text][vc_column_text css=\u00a0\u00bb.vc_custom_1613405136091{padding-bottom: 10px !important;}\u00a0\u00bb]<\/p>\n<p class=\"p1\">Dispersion de pigments \u00e0 haute concentration dans de l&rsquo;\u00e9thylcellulose. Cette s\u00e9rie r\u00e9pond particuli\u00e8rement bien aux encres pour la flexographie et pour l&rsquo;h\u00e9liogravure, \u00e0 l&rsquo;aluminium et \u00e0 diff\u00e9rents types de films plastiques, aux peintures de surimpression, aux peintures plastiques.<\/p>\n<p>[\/vc_column_text][vc_separator type=\u00a0\u00bbnormal\u00a0\u00bb color=\u00a0\u00bb#29a3d3&Prime;][\/vc_column][\/vc_row][vc_row css_animation=\u00a0\u00bb\u00a0\u00bb row_type=\u00a0\u00bbrow\u00a0\u00bb use_row_as_full_screen_section=\u00a0\u00bbyes\u00a0\u00bb type=\u00a0\u00bbgrid\u00a0\u00bb angled_section=\u00a0\u00bbno\u00a0\u00bb text_align=\u00a0\u00bbleft\u00a0\u00bb background_image_as_pattern=\u00a0\u00bbwithout_pattern\u00a0\u00bb css=\u00a0\u00bb.vc_custom_1580399677552{padding-top: 5px !important;padding-bottom: 5px !important;background-position: 0 0 !important;background-repeat: no-repeat !important;}\u00a0\u00bb z_index=\u00a0\u00bb\u00a0\u00bb][vc_column][vc_column_text]<\/p>\n<p class=\"p1\"><span style=\"color: #29a3d3; font-size: 18px;\"><strong>Dispervyn VB<\/strong><\/span><\/p>\n<div id=\"gtx-trans\" style=\"position: absolute; left: 113px; top: 41px;\">\n<div class=\"gtx-trans-icon\"><\/div>\n<\/div>\n<p>[\/vc_column_text][vc_column_text css=\u00a0\u00bb.vc_custom_1613405153804{padding-bottom: 10px !important;}\u00a0\u00bb]<\/p>\n<p class=\"p1\">\u00c0 base de pigments dispers\u00e9s dans une r\u00e9sine PVB (poly(butyral de vinyle) de faible viscosit\u00e9 et de qualit\u00e9 sup\u00e9rieure. R\u00e9pondant bien \u00e0 la production de marqueurs pour tableaux blancs et d&rsquo;encres d&rsquo;imprimerie, ce produit garantit un s\u00e9chage plus rapide, une bonne viscosit\u00e9 et une grande stabilit\u00e9 d&rsquo;orientation. Disponible sous une vaste gamme d\u2019indices de coloration.<\/p>\n<p>[\/vc_column_text][vc_separator type=\u00a0\u00bbnormal\u00a0\u00bb color=\u00a0\u00bb#29a3d3&Prime;][\/vc_column][\/vc_row][vc_row css_animation=\u00a0\u00bb\u00a0\u00bb row_type=\u00a0\u00bbrow\u00a0\u00bb use_row_as_full_screen_section=\u00a0\u00bbyes\u00a0\u00bb type=\u00a0\u00bbgrid\u00a0\u00bb angled_section=\u00a0\u00bbno\u00a0\u00bb text_align=\u00a0\u00bbleft\u00a0\u00bb background_image_as_pattern=\u00a0\u00bbwithout_pattern\u00a0\u00bb css=\u00a0\u00bb.vc_custom_1580399677552{padding-top: 5px !important;padding-bottom: 5px !important;background-position: 0 0 !important;background-repeat: no-repeat !important;}\u00a0\u00bb z_index=\u00a0\u00bb\u00a0\u00bb][vc_column][vc_column_text]<\/p>\n<p class=\"p1\"><span style=\"color: #29a3d3; font-size: 18px;\"><strong>Dispervyn VD<\/strong><\/span><\/p>\n<div id=\"gtx-trans\" style=\"position: absolute; left: 133px; top: -9px;\">\n<div class=\"gtx-trans-icon\"><\/div>\n<\/div>\n<p>[\/vc_column_text][vc_column_text css=\u00a0\u00bb.vc_custom_1613405174753{padding-bottom: 10px !important;}\u00a0\u00bb]Dispersion de pigments \u00e0 hautes performances en copolym\u00e8re de chloro-ac\u00e9tate de vinyle hydroxyl\u00e9, convenant aux substrats vinyliques plastifi\u00e9s, aux encres et peinture modifi\u00e9s avec polyur\u00e9thane aromatique, aux encres pour la flexographie et pour l&rsquo;h\u00e9liogravure pour films d\u2019aluminium, vinyle, cellulose et polyester trait\u00e9s par laminage et supports en PE.<br \/>\nC&rsquo;est \u00e9galement une s\u00e9rie qui convient dans les cas o\u00f9 le lamin\u00e9 imprim\u00e9 est expos\u00e9 \u00e0 des proc\u00e9d\u00e9s de conservation du produit, tels que la pasteurisation ou la st\u00e9rilisation.[\/vc_column_text][vc_separator type=\u00a0\u00bbnormal\u00a0\u00bb color=\u00a0\u00bb#29a3d3&Prime;][\/vc_column][\/vc_row][vc_row css_animation=\u00a0\u00bb\u00a0\u00bb row_type=\u00a0\u00bbrow\u00a0\u00bb use_row_as_full_screen_section=\u00a0\u00bbyes\u00a0\u00bb type=\u00a0\u00bbgrid\u00a0\u00bb angled_section=\u00a0\u00bbno\u00a0\u00bb text_align=\u00a0\u00bbleft\u00a0\u00bb background_image_as_pattern=\u00a0\u00bbwithout_pattern\u00a0\u00bb css=\u00a0\u00bb.vc_custom_1580399677552{padding-top: 5px !important;padding-bottom: 5px !important;background-position: 0 0 !important;background-repeat: no-repeat !important;}\u00a0\u00bb z_index=\u00a0\u00bb\u00a0\u00bb][vc_column][vc_column_text]<\/p>\n<p class=\"p1\"><span style=\"color: #29a3d3; font-size: 18px;\"><strong>Disperlit AW<\/strong><\/span><\/p>\n<div id=\"gtx-trans\" style=\"position: absolute; left: 56px; top: 41px;\">\n<div class=\"gtx-trans-icon\"><\/div>\n<\/div>\n<p>[\/vc_column_text][vc_column_text css=\u00a0\u00bb.vc_custom_1613405209032{padding-bottom: 10px !important;}\u00a0\u00bb]Dispersion de pigments \u00e0 hautes performances dans une r\u00e9sine acrylique soluble dans l&rsquo;eau alcaline et l&rsquo;alcool.<br \/>\nParticuli\u00e8rement adapt\u00e9e aux encres d&rsquo;imprimerie de haute qualit\u00e9, au laquage de feuilles d&rsquo;aluminium, \u00e0 la peinture du bois et \u00e0 d&rsquo;autres syst\u00e8mes aqueux.[\/vc_column_text][vc_separator type=\u00a0\u00bbnormal\u00a0\u00bb color=\u00a0\u00bb#29a3d3&Prime;][\/vc_column][\/vc_row][vc_row css_animation=\u00a0\u00bb\u00a0\u00bb row_type=\u00a0\u00bbrow\u00a0\u00bb use_row_as_full_screen_section=\u00a0\u00bbyes\u00a0\u00bb type=\u00a0\u00bbgrid\u00a0\u00bb angled_section=\u00a0\u00bbno\u00a0\u00bb text_align=\u00a0\u00bbleft\u00a0\u00bb background_image_as_pattern=\u00a0\u00bbwithout_pattern\u00a0\u00bb css=\u00a0\u00bb.vc_custom_1580399677552{padding-top: 5px !important;padding-bottom: 5px !important;background-position: 0 0 !important;background-repeat: no-repeat !important;}\u00a0\u00bb z_index=\u00a0\u00bb\u00a0\u00bb][vc_column][vc_column_text]<\/p>\n<p class=\"p1\"><span style=\"color: #29a3d3; font-size: 18px;\"><strong>Disperlit EC<\/strong><\/span><\/p>\n<div id=\"gtx-trans\" style=\"position: absolute; left: -114px; top: -9px;\">\n<div class=\"gtx-trans-icon\"><\/div>\n<\/div>\n<p>[\/vc_column_text][vc_column_text css=\u00a0\u00bb.vc_custom_1613405222896{padding-bottom: 10px !important;}\u00a0\u00bb]Pr\u00e9paration d\u2019un pigment \u00e0 hautes performances dans des polym\u00e8res d&rsquo;\u00e9thylcellulose. Particuli\u00e8rement adapt\u00e9e aux encres d&rsquo;imprimerie de haute qualit\u00e9 et aux vernis \u00e0 bois.[\/vc_column_text][vc_separator type=\u00a0\u00bbnormal\u00a0\u00bb color=\u00a0\u00bb#29a3d3&Prime;][\/vc_column][\/vc_row][vc_row css_animation=\u00a0\u00bb\u00a0\u00bb row_type=\u00a0\u00bbrow\u00a0\u00bb use_row_as_full_screen_section=\u00a0\u00bbyes\u00a0\u00bb type=\u00a0\u00bbgrid\u00a0\u00bb angled_section=\u00a0\u00bbno\u00a0\u00bb text_align=\u00a0\u00bbleft\u00a0\u00bb background_image_as_pattern=\u00a0\u00bbwithout_pattern\u00a0\u00bb css=\u00a0\u00bb.vc_custom_1580399677552{padding-top: 5px !important;padding-bottom: 5px !important;background-position: 0 0 !important;background-repeat: no-repeat !important;}\u00a0\u00bb z_index=\u00a0\u00bb\u00a0\u00bb][vc_column][vc_column_text]<\/p>\n<p class=\"p1\"><span style=\"color: #29a3d3; font-size: 18px;\"><strong>Disperlit VK<\/strong><\/span><\/p>\n<div id=\"gtx-trans\" style=\"position: absolute; left: 57px; top: -9px;\">\n<div class=\"gtx-trans-icon\"><\/div>\n<\/div>\n<p>[\/vc_column_text][vc_column_text css=\u00a0\u00bb.vc_custom_1613405241087{padding-bottom: 10px !important;}\u00a0\u00bb]<\/p>\n<p class=\"p1\">Dispersion de pigments \u00e0 hautes performances en copolym\u00e8re de chlorure de vinyle-ac\u00e9tate. Particuli\u00e8rement adapt\u00e9e aux encres d&rsquo;imprimerie de haute qualit\u00e9 et aux encres industrielles \u00e0 base de solvants.<\/p>\n<p>[\/vc_column_text][vc_separator type=\u00a0\u00bbnormal\u00a0\u00bb color=\u00a0\u00bb#29a3d3&Prime;][\/vc_column][\/vc_row][vc_row css_animation=\u00a0\u00bb\u00a0\u00bb row_type=\u00a0\u00bbrow\u00a0\u00bb use_row_as_full_screen_section=\u00a0\u00bbyes\u00a0\u00bb type=\u00a0\u00bbgrid\u00a0\u00bb angled_section=\u00a0\u00bbno\u00a0\u00bb text_align=\u00a0\u00bbleft\u00a0\u00bb background_image_as_pattern=\u00a0\u00bbwithout_pattern\u00a0\u00bb css=\u00a0\u00bb.vc_custom_1580399677552{padding-top: 5px !important;padding-bottom: 5px !important;background-position: 0 0 !important;background-repeat: no-repeat !important;}\u00a0\u00bb z_index=\u00a0\u00bb\u00a0\u00bb][vc_column][vc_column_text]<\/p>\n<p class=\"p1\"><span style=\"color: #29a3d3; font-size: 18px;\"><strong> Hacolor <\/strong><\/span><\/p>\n<div id=\"gtx-trans\" style=\"position: absolute; left: 121px; top: -9px;\">\n<div class=\"gtx-trans-icon\"><\/div>\n<\/div>\n<p>[\/vc_column_text][vc_column_text css=\u00a0\u00bb.vc_custom_1613405255282{padding-bottom: 10px !important;}\u00a0\u00bb]<\/p>\n<p class=\"p1\">Dispersion de pigments de haute qualit\u00e9 dans diff\u00e9rents types de r\u00e9sines pour des applications dans le secteur automobile et dans le segment des emballages flexibles.<\/p>\n<p>[\/vc_column_text][vc_separator type=\u00a0\u00bbnormal\u00a0\u00bb color=\u00a0\u00bb#29a3d3&Prime;][\/vc_column][\/vc_row][vc_row css_animation=\u00a0\u00bb\u00a0\u00bb row_type=\u00a0\u00bbrow\u00a0\u00bb use_row_as_full_screen_section=\u00a0\u00bbno\u00a0\u00bb type=\u00a0\u00bbfull_width\u00a0\u00bb angled_section=\u00a0\u00bbno\u00a0\u00bb text_align=\u00a0\u00bbleft\u00a0\u00bb background_image_as_pattern=\u00a0\u00bbwithout_pattern\u00a0\u00bb][vc_column][vc_empty_space height=\u00a0\u00bb50px\u00a0\u00bb][\/vc_column][\/vc_row]<\/p>\n<\/div>","protected":false},"excerpt":{"rendered":"<p>[vc_row css_animation=\u00a0\u00bb\u00a0\u00bb row_type=\u00a0\u00bbrow\u00a0\u00bb use_row_as_full_screen_section=\u00a0\u00bbno\u00a0\u00bb type=\u00a0\u00bbgrid\u00a0\u00bb angled_section=\u00a0\u00bbno\u00a0\u00bb text_align=\u00a0\u00bbleft\u00a0\u00bb background_image_as_pattern=\u00a0\u00bbwithout_pattern\u00a0\u00bb css=\u00a0\u00bb.vc_custom_1580393488061{margin-bottom: 20px !important;background-position: 0 0 !important;background-repeat: no-repeat !important;}\u00a0\u00bb z_index=\u00a0\u00bb\u00a0\u00bb][vc_column width=\u00a0\u00bb1\/2&Prime;][vc_column_text] Encres d&rsquo;imprimerie [\/vc_column_text][\/vc_column][vc_column width=\u00a0\u00bb1\/2&Prime;][vc_separator type=\u00a0\u00bbnormal\u00a0\u00bb color=\u00a0\u00bb#29a3d3&Prime;][\/vc_column][\/vc_row][vc_row css_animation=\u00a0\u00bb\u00a0\u00bb row_type=\u00a0\u00bbrow\u00a0\u00bb use_row_as_full_screen_section=\u00a0\u00bbno\u00a0\u00bb type=\u00a0\u00bbgrid\u00a0\u00bb angled_section=\u00a0\u00bbno\u00a0\u00bb text_align=\u00a0\u00bbleft\u00a0\u00bb background_image_as_pattern=\u00a0\u00bbwithout_pattern\u00a0\u00bb z_index=\u00a0\u00bb\u00a0\u00bb][vc_column][vc_column_text]Mifar propose des chips pour la production d&rsquo;encres garantissant un haut rendu des couleurs&#8230;<\/p>\n","protected":false},"author":7,"featured_media":0,"parent":0,"menu_order":0,"comment_status":"closed","ping_status":"closed","template":"","meta":{"footnotes":""},"class_list":["post-19449","page","type-page","status-publish","hentry"],"_links":{"self":[{"href":"https:\/\/mifar.com\/fr\/wp-json\/wp\/v2\/pages\/19449","targetHints":{"allow":["GET"]}}],"collection":[{"href":"https:\/\/mifar.com\/fr\/wp-json\/wp\/v2\/pages"}],"about":[{"href":"https:\/\/mifar.com\/fr\/wp-json\/wp\/v2\/types\/page"}],"author":[{"embeddable":true,"href":"https:\/\/mifar.com\/fr\/wp-json\/wp\/v2\/users\/7"}],"replies":[{"embeddable":true,"href":"https:\/\/mifar.com\/fr\/wp-json\/wp\/v2\/comments?post=19449"}],"version-history":[{"count":3,"href":"https:\/\/mifar.com\/fr\/wp-json\/wp\/v2\/pages\/19449\/revisions"}],"predecessor-version":[{"id":19452,"href":"https:\/\/mifar.com\/fr\/wp-json\/wp\/v2\/pages\/19449\/revisions\/19452"}],"wp:attachment":[{"href":"https:\/\/mifar.com\/fr\/wp-json\/wp\/v2\/media?parent=19449"}],"curies":[{"name":"wp","href":"https:\/\/api.w.org\/{rel}","templated":true}]}}