{"id":19459,"date":"2020-04-13T15:48:51","date_gmt":"2020-04-13T15:48:51","guid":{"rendered":"https:\/\/mifar.com\/ink-jet\/"},"modified":"2021-02-15T16:34:30","modified_gmt":"2021-02-15T16:34:30","slug":"jet-dencre","status":"publish","type":"page","link":"https:\/\/mifar.com\/fr\/jet-dencre\/","title":{"rendered":"Jet d\u2019encre"},"content":{"rendered":"<div class=\"wpb-content-wrapper\"><p>[vc_row css_animation=\u00a0\u00bb\u00a0\u00bb row_type=\u00a0\u00bbrow\u00a0\u00bb use_row_as_full_screen_section=\u00a0\u00bbno\u00a0\u00bb type=\u00a0\u00bbgrid\u00a0\u00bb angled_section=\u00a0\u00bbno\u00a0\u00bb text_align=\u00a0\u00bbleft\u00a0\u00bb background_image_as_pattern=\u00a0\u00bbwithout_pattern\u00a0\u00bb css=\u00a0\u00bb.vc_custom_1580393488061{margin-bottom: 20px !important;background-position: 0 0 !important;background-repeat: no-repeat !important;}\u00a0\u00bb z_index=\u00a0\u00bb\u00a0\u00bb][vc_column width=\u00a0\u00bb1\/2&Prime;][vc_column_text]<\/p>\n<h3>Jet d\u2019encre<\/h3>\n<p>[\/vc_column_text][\/vc_column][vc_column width=\u00a0\u00bb1\/2&Prime;][vc_separator type=\u00a0\u00bbnormal\u00a0\u00bb color=\u00a0\u00bb#29a3d3&Prime;][\/vc_column][\/vc_row][vc_row css_animation=\u00a0\u00bb\u00a0\u00bb row_type=\u00a0\u00bbrow\u00a0\u00bb use_row_as_full_screen_section=\u00a0\u00bbno\u00a0\u00bb type=\u00a0\u00bbgrid\u00a0\u00bb angled_section=\u00a0\u00bbno\u00a0\u00bb text_align=\u00a0\u00bbleft\u00a0\u00bb background_image_as_pattern=\u00a0\u00bbwithout_pattern\u00a0\u00bb z_index=\u00a0\u00bb\u00a0\u00bb][vc_column][vc_column_text]Dispersions et pr\u00e9parations de pigments en r\u00e9sine vinylique de haute qualit\u00e9, sp\u00e9cialement d\u00e9velopp\u00e9es pour les encres \u00e0 s\u00e9chage rapide, produites \u00e0 base de c\u00e9tones en vue d\u2019une utilisation dans les imprimantes \u00e0 jet d&rsquo;encre continu. Elles sont particuli\u00e8rement adapt\u00e9es aux encres polym\u00e8res formant un film vinyle pour cr\u00e9er une marque ind\u00e9l\u00e9bile sur des substrats difficiles tels que le PVC plastifi\u00e9, le polystyr\u00e8ne, l&rsquo;ABS (acrylonitrile butadi\u00e8ne styr\u00e8ne), l\u2019ACB (ac\u00e9tate-butyrate de cellulose), le PVdC (polychlorure de vinylid\u00e8ne) et les m\u00e9taux.<\/p>\n<p>Les pigments sont particuli\u00e8rement r\u00e9sistants au saignement et au transfert de couleur.<\/p>\n<p>Des syst\u00e8mes de contr\u00f4le rigoureux et coh\u00e9rents de la production garantissent \u00e9galement une dispersion tr\u00e8s fine et des performances exemptes de probl\u00e8mes.<\/p>\n<p>Une gamme sp\u00e9cifique de pigments a \u00e9galement \u00e9t\u00e9 s\u00e9lectionn\u00e9e pour fournir une excellente opacit\u00e9, particuli\u00e8rement adapt\u00e9e au marquage des substrats sombres.[\/vc_column_text][vc_empty_space height=\u00a0\u00bb50px\u00a0\u00bb][\/vc_column][\/vc_row][vc_row css_animation=\u00a0\u00bb\u00a0\u00bb row_type=\u00a0\u00bbrow\u00a0\u00bb use_row_as_full_screen_section=\u00a0\u00bbno\u00a0\u00bb type=\u00a0\u00bbgrid\u00a0\u00bb angled_section=\u00a0\u00bbno\u00a0\u00bb text_align=\u00a0\u00bbleft\u00a0\u00bb background_image_as_pattern=\u00a0\u00bbwithout_pattern\u00a0\u00bb css=\u00a0\u00bb.vc_custom_1591973961849{margin-bottom: 40px !important;background-position: 0 0 !important;background-repeat: no-repeat !important;}\u00a0\u00bb z_index=\u00a0\u00bb\u00a0\u00bb][vc_column width=\u00a0\u00bb1\/4&Prime;][vc_column_text]<\/p>\n<h3>Gamme des produits<\/h3>\n<div id=\"gtx-trans\" style=\"position: absolute; left: -98px; top: 43.7188px;\">\n<div class=\"gtx-trans-icon\"><\/div>\n<\/div>\n<p>[\/vc_column_text][\/vc_column][vc_column width=\u00a0\u00bb3\/4&Prime;][vc_separator type=\u00a0\u00bbnormal\u00a0\u00bb color=\u00a0\u00bb#29a3d3&Prime;][\/vc_column][\/vc_row][vc_row css_animation=\u00a0\u00bb\u00a0\u00bb row_type=\u00a0\u00bbrow\u00a0\u00bb use_row_as_full_screen_section=\u00a0\u00bbyes\u00a0\u00bb type=\u00a0\u00bbgrid\u00a0\u00bb angled_section=\u00a0\u00bbno\u00a0\u00bb text_align=\u00a0\u00bbleft\u00a0\u00bb background_image_as_pattern=\u00a0\u00bbwithout_pattern\u00a0\u00bb css=\u00a0\u00bb.vc_custom_1580399677552{padding-top: 5px !important;padding-bottom: 5px !important;background-position: 0 0 !important;background-repeat: no-repeat !important;}\u00a0\u00bb z_index=\u00a0\u00bb\u00a0\u00bb][vc_column][vc_column_text]<\/p>\n<p class=\"p1\"><span style=\"color: #29a3d3; font-size: 18px;\"><strong> Disperjet VI<\/strong><\/span><\/p>\n<div id=\"gtx-trans\" style=\"position: absolute; left: 121px; top: -9px;\">\n<div class=\"gtx-trans-icon\"><\/div>\n<\/div>\n<p>[\/vc_column_text][vc_column_text css=\u00a0\u00bb.vc_custom_1613406308639{padding-bottom: 10px !important;}\u00a0\u00bb]Dispersions de pigments \u00e0 hautes performances dans une r\u00e9sine de chlorure de vinyle-ac\u00e9tate con\u00e7ue pour l&rsquo;impression num\u00e9rique avec des encres \u00e0 base de solvants.[\/vc_column_text][vc_separator type=\u00a0\u00bbnormal\u00a0\u00bb color=\u00a0\u00bb#29a3d3&Prime;][\/vc_column][\/vc_row][vc_row css_animation=\u00a0\u00bb\u00a0\u00bb row_type=\u00a0\u00bbrow\u00a0\u00bb use_row_as_full_screen_section=\u00a0\u00bbyes\u00a0\u00bb type=\u00a0\u00bbgrid\u00a0\u00bb angled_section=\u00a0\u00bbno\u00a0\u00bb text_align=\u00a0\u00bbleft\u00a0\u00bb background_image_as_pattern=\u00a0\u00bbwithout_pattern\u00a0\u00bb css=\u00a0\u00bb.vc_custom_1580399677552{padding-top: 5px !important;padding-bottom: 5px !important;background-position: 0 0 !important;background-repeat: no-repeat !important;}\u00a0\u00bb z_index=\u00a0\u00bb\u00a0\u00bb][vc_column][vc_column_text]<\/p>\n<p class=\"p1\"><span style=\"color: #29a3d3; font-size: 18px;\"><strong> DisperJet AW<\/strong><\/span><\/p>\n<div id=\"gtx-trans\" style=\"position: absolute; left: 121px; top: -9px;\">\n<div class=\"gtx-trans-icon\"><\/div>\n<\/div>\n<p>[\/vc_column_text][vc_column_text css=\u00a0\u00bb.vc_custom_1613406329169{padding-bottom: 10px !important;}\u00a0\u00bb]<\/p>\n<p class=\"p1\">Dispersions de pigments \u00e0 hautes performances dans des r\u00e9sines acryliques solubles dans l\u2019eau, con\u00e7ues pour l\u2019impression num\u00e9rique et les applications sur bois.<\/p>\n<p>[\/vc_column_text][vc_separator type=\u00a0\u00bbnormal\u00a0\u00bb color=\u00a0\u00bb#29a3d3&Prime;][\/vc_column][\/vc_row][vc_row css_animation=\u00a0\u00bb\u00a0\u00bb row_type=\u00a0\u00bbrow\u00a0\u00bb use_row_as_full_screen_section=\u00a0\u00bbno\u00a0\u00bb type=\u00a0\u00bbfull_width\u00a0\u00bb angled_section=\u00a0\u00bbno\u00a0\u00bb text_align=\u00a0\u00bbleft\u00a0\u00bb background_image_as_pattern=\u00a0\u00bbwithout_pattern\u00a0\u00bb][vc_column][vc_empty_space height=\u00a0\u00bb50px\u00a0\u00bb][\/vc_column][\/vc_row]<\/p>\n<\/div>","protected":false},"excerpt":{"rendered":"<p>[vc_row css_animation=\u00a0\u00bb\u00a0\u00bb row_type=\u00a0\u00bbrow\u00a0\u00bb use_row_as_full_screen_section=\u00a0\u00bbno\u00a0\u00bb type=\u00a0\u00bbgrid\u00a0\u00bb angled_section=\u00a0\u00bbno\u00a0\u00bb text_align=\u00a0\u00bbleft\u00a0\u00bb background_image_as_pattern=\u00a0\u00bbwithout_pattern\u00a0\u00bb css=\u00a0\u00bb.vc_custom_1580393488061{margin-bottom: 20px !important;background-position: 0 0 !important;background-repeat: no-repeat !important;}\u00a0\u00bb z_index=\u00a0\u00bb\u00a0\u00bb][vc_column width=\u00a0\u00bb1\/2&Prime;][vc_column_text] Jet d\u2019encre [\/vc_column_text][\/vc_column][vc_column width=\u00a0\u00bb1\/2&Prime;][vc_separator type=\u00a0\u00bbnormal\u00a0\u00bb color=\u00a0\u00bb#29a3d3&Prime;][\/vc_column][\/vc_row][vc_row css_animation=\u00a0\u00bb\u00a0\u00bb row_type=\u00a0\u00bbrow\u00a0\u00bb use_row_as_full_screen_section=\u00a0\u00bbno\u00a0\u00bb type=\u00a0\u00bbgrid\u00a0\u00bb angled_section=\u00a0\u00bbno\u00a0\u00bb text_align=\u00a0\u00bbleft\u00a0\u00bb background_image_as_pattern=\u00a0\u00bbwithout_pattern\u00a0\u00bb z_index=\u00a0\u00bb\u00a0\u00bb][vc_column][vc_column_text]Dispersions et pr\u00e9parations de pigments en r\u00e9sine vinylique de haute qualit\u00e9, sp\u00e9cialement d\u00e9velopp\u00e9es pour&#8230;<\/p>\n","protected":false},"author":7,"featured_media":0,"parent":0,"menu_order":0,"comment_status":"closed","ping_status":"closed","template":"","meta":{"footnotes":""},"class_list":["post-19459","page","type-page","status-publish","hentry"],"_links":{"self":[{"href":"https:\/\/mifar.com\/fr\/wp-json\/wp\/v2\/pages\/19459","targetHints":{"allow":["GET"]}}],"collection":[{"href":"https:\/\/mifar.com\/fr\/wp-json\/wp\/v2\/pages"}],"about":[{"href":"https:\/\/mifar.com\/fr\/wp-json\/wp\/v2\/types\/page"}],"author":[{"embeddable":true,"href":"https:\/\/mifar.com\/fr\/wp-json\/wp\/v2\/users\/7"}],"replies":[{"embeddable":true,"href":"https:\/\/mifar.com\/fr\/wp-json\/wp\/v2\/comments?post=19459"}],"version-history":[{"count":2,"href":"https:\/\/mifar.com\/fr\/wp-json\/wp\/v2\/pages\/19459\/revisions"}],"predecessor-version":[{"id":19462,"href":"https:\/\/mifar.com\/fr\/wp-json\/wp\/v2\/pages\/19459\/revisions\/19462"}],"wp:attachment":[{"href":"https:\/\/mifar.com\/fr\/wp-json\/wp\/v2\/media?parent=19459"}],"curies":[{"name":"wp","href":"https:\/\/api.w.org\/{rel}","templated":true}]}}