{"id":19464,"date":"2020-04-13T15:39:50","date_gmt":"2020-04-13T15:39:50","guid":{"rendered":"https:\/\/mifar.com\/compostable\/"},"modified":"2021-02-15T16:30:40","modified_gmt":"2021-02-15T16:30:40","slug":"substances-compostables","status":"publish","type":"page","link":"https:\/\/mifar.com\/fr\/substances-compostables\/","title":{"rendered":"Substances compostables"},"content":{"rendered":"<div class=\"wpb-content-wrapper\"><p>[vc_row css_animation=\u00a0\u00bb\u00a0\u00bb row_type=\u00a0\u00bbrow\u00a0\u00bb use_row_as_full_screen_section=\u00a0\u00bbno\u00a0\u00bb type=\u00a0\u00bbgrid\u00a0\u00bb angled_section=\u00a0\u00bbno\u00a0\u00bb text_align=\u00a0\u00bbleft\u00a0\u00bb background_image_as_pattern=\u00a0\u00bbwithout_pattern\u00a0\u00bb css=\u00a0\u00bb.vc_custom_1580393488061{margin-bottom: 20px !important;background-position: 0 0 !important;background-repeat: no-repeat !important;}\u00a0\u00bb z_index=\u00a0\u00bb\u00a0\u00bb][vc_column width=\u00a0\u00bb1\/2&Prime;][vc_column_text]<\/p>\n<h3>Substances compostables<\/h3>\n<p>[\/vc_column_text][\/vc_column][vc_column width=\u00a0\u00bb1\/2&Prime;][vc_separator type=\u00a0\u00bbnormal\u00a0\u00bb color=\u00a0\u00bb#29a3d3&Prime;][\/vc_column][\/vc_row][vc_row css_animation=\u00a0\u00bb\u00a0\u00bb row_type=\u00a0\u00bbrow\u00a0\u00bb use_row_as_full_screen_section=\u00a0\u00bbno\u00a0\u00bb type=\u00a0\u00bbgrid\u00a0\u00bb angled_section=\u00a0\u00bbno\u00a0\u00bb text_align=\u00a0\u00bbleft\u00a0\u00bb background_image_as_pattern=\u00a0\u00bbwithout_pattern\u00a0\u00bb z_index=\u00a0\u00bb\u00a0\u00bb][vc_column][vc_column_text]La couleur est un \u00e9l\u00e9ment strat\u00e9gique pour les emballages \u00e9cologiques. Mifar apporte une r\u00e9ponse de qualit\u00e9 aux consommateurs et aux fabricants d&#8217;emballages, qui exigent de plus en plus des produits durables et \u00e9cologiques, avec une gamme sp\u00e9cifique de chips sp\u00e9cialement con\u00e7us pour l&rsquo;impression sur des mat\u00e9riaux biod\u00e9gradables, en particulier pour les emballages alimentaires.<\/p>\n<p>Les chips compostables de Mifar sont pr\u00e9-dispers\u00e9s dans une solution de nitrate de cellulose et sont id\u00e9aux pour les fabricants d&rsquo;encre \u00e0 grande \u00e9chelle qui impriment sur des supports biod\u00e9gradables.<\/p>\n<p>Les chips compostables de Mifar sont certifi\u00e9s OK Compost par T\u00dcV AUTRICHE, ils ne contiennent pas de m\u00e9taux lourds ni d&rsquo;autres substances interdites et sont conformes \u00e0 la norme europ\u00e9enne EN 13432.D\u00e9velopp\u00e9s en collaboration avec BASF, les chips compostables sont class\u00e9s comme innovants, parce que combinant des performances exceptionnelles avec des avantages environnementaux. De nombreux tests d&rsquo;impression offset confirment les excellents r\u00e9sultats obtenus en termes de brillance et d&rsquo;intensit\u00e9 des couleurs.[\/vc_column_text][vc_empty_space height=\u00a0\u00bb50px\u00a0\u00bb][\/vc_column][\/vc_row][vc_row css_animation=\u00a0\u00bb\u00a0\u00bb row_type=\u00a0\u00bbrow\u00a0\u00bb use_row_as_full_screen_section=\u00a0\u00bbno\u00a0\u00bb type=\u00a0\u00bbgrid\u00a0\u00bb angled_section=\u00a0\u00bbno\u00a0\u00bb text_align=\u00a0\u00bbleft\u00a0\u00bb background_image_as_pattern=\u00a0\u00bbwithout_pattern\u00a0\u00bb css=\u00a0\u00bb.vc_custom_1591973998560{margin-bottom: 40px !important;background-position: 0 0 !important;background-repeat: no-repeat !important;}\u00a0\u00bb z_index=\u00a0\u00bb\u00a0\u00bb][vc_column width=\u00a0\u00bb1\/4&Prime;][vc_column_text]<\/p>\n<h3>Gamme des produits<\/h3>\n<div id=\"gtx-trans\" style=\"position: absolute; left: -181px; top: 43.7188px;\">\n<div class=\"gtx-trans-icon\"><\/div>\n<\/div>\n<p>[\/vc_column_text][\/vc_column][vc_column width=\u00a0\u00bb3\/4&Prime;][vc_separator type=\u00a0\u00bbnormal\u00a0\u00bb color=\u00a0\u00bb#29a3d3&Prime;][\/vc_column][\/vc_row][vc_row css_animation=\u00a0\u00bb\u00a0\u00bb row_type=\u00a0\u00bbrow\u00a0\u00bb use_row_as_full_screen_section=\u00a0\u00bbyes\u00a0\u00bb type=\u00a0\u00bbgrid\u00a0\u00bb angled_section=\u00a0\u00bbno\u00a0\u00bb text_align=\u00a0\u00bbleft\u00a0\u00bb background_image_as_pattern=\u00a0\u00bbwithout_pattern\u00a0\u00bb css=\u00a0\u00bb.vc_custom_1580399677552{padding-top: 5px !important;padding-bottom: 5px !important;background-position: 0 0 !important;background-repeat: no-repeat !important;}\u00a0\u00bb z_index=\u00a0\u00bb\u00a0\u00bb][vc_column][vc_column_text]<\/p>\n<p class=\"p1\"><span style=\"color: #29a3d3; font-size: 18px;\"><strong> Compostable <\/strong><\/span><\/p>\n<div id=\"gtx-trans\" style=\"position: absolute; left: 121px; top: -9px;\">\n<div class=\"gtx-trans-icon\"><\/div>\n<\/div>\n<p>[\/vc_column_text][vc_column_text css=\u00a0\u00bb.vc_custom_1613406635751{padding-bottom: 10px !important;}\u00a0\u00bb]Les chips de la s\u00e9rie Compostable sont pr\u00e9-dispers\u00e9s dans de la nitrocellulose et repr\u00e9sentent une s\u00e9rie ayant \u00e9t\u00e9 sp\u00e9cifiquement con\u00e7ue en vue de l&rsquo;impression sur des mat\u00e9riaux biod\u00e9gradables. D\u00e9velopp\u00e9s en collaboration avec la firme BASF, ils sont certifi\u00e9s T\u00dcV, conform\u00e9ment \u00e0 la norme europ\u00e9enne EN13432.[\/vc_column_text][vc_separator type=\u00a0\u00bbnormal\u00a0\u00bb color=\u00a0\u00bb#29a3d3&Prime;][\/vc_column][\/vc_row][vc_row css_animation=\u00a0\u00bb\u00a0\u00bb row_type=\u00a0\u00bbrow\u00a0\u00bb use_row_as_full_screen_section=\u00a0\u00bbno\u00a0\u00bb type=\u00a0\u00bbfull_width\u00a0\u00bb angled_section=\u00a0\u00bbno\u00a0\u00bb text_align=\u00a0\u00bbleft\u00a0\u00bb background_image_as_pattern=\u00a0\u00bbwithout_pattern\u00a0\u00bb][vc_column][vc_empty_space height=\u00a0\u00bb50px\u00a0\u00bb][\/vc_column][\/vc_row]<\/p>\n<\/div>","protected":false},"excerpt":{"rendered":"<p>[vc_row css_animation=\u00a0\u00bb\u00a0\u00bb row_type=\u00a0\u00bbrow\u00a0\u00bb use_row_as_full_screen_section=\u00a0\u00bbno\u00a0\u00bb type=\u00a0\u00bbgrid\u00a0\u00bb angled_section=\u00a0\u00bbno\u00a0\u00bb text_align=\u00a0\u00bbleft\u00a0\u00bb background_image_as_pattern=\u00a0\u00bbwithout_pattern\u00a0\u00bb css=\u00a0\u00bb.vc_custom_1580393488061{margin-bottom: 20px !important;background-position: 0 0 !important;background-repeat: no-repeat !important;}\u00a0\u00bb z_index=\u00a0\u00bb\u00a0\u00bb][vc_column width=\u00a0\u00bb1\/2&Prime;][vc_column_text] Substances compostables [\/vc_column_text][\/vc_column][vc_column width=\u00a0\u00bb1\/2&Prime;][vc_separator type=\u00a0\u00bbnormal\u00a0\u00bb color=\u00a0\u00bb#29a3d3&Prime;][\/vc_column][\/vc_row][vc_row css_animation=\u00a0\u00bb\u00a0\u00bb row_type=\u00a0\u00bbrow\u00a0\u00bb use_row_as_full_screen_section=\u00a0\u00bbno\u00a0\u00bb type=\u00a0\u00bbgrid\u00a0\u00bb angled_section=\u00a0\u00bbno\u00a0\u00bb text_align=\u00a0\u00bbleft\u00a0\u00bb background_image_as_pattern=\u00a0\u00bbwithout_pattern\u00a0\u00bb z_index=\u00a0\u00bb\u00a0\u00bb][vc_column][vc_column_text]La couleur est un \u00e9l\u00e9ment strat\u00e9gique pour les emballages \u00e9cologiques. Mifar apporte une r\u00e9ponse&#8230;<\/p>\n","protected":false},"author":7,"featured_media":0,"parent":0,"menu_order":0,"comment_status":"closed","ping_status":"closed","template":"","meta":{"footnotes":""},"class_list":["post-19464","page","type-page","status-publish","hentry"],"_links":{"self":[{"href":"https:\/\/mifar.com\/fr\/wp-json\/wp\/v2\/pages\/19464","targetHints":{"allow":["GET"]}}],"collection":[{"href":"https:\/\/mifar.com\/fr\/wp-json\/wp\/v2\/pages"}],"about":[{"href":"https:\/\/mifar.com\/fr\/wp-json\/wp\/v2\/types\/page"}],"author":[{"embeddable":true,"href":"https:\/\/mifar.com\/fr\/wp-json\/wp\/v2\/users\/7"}],"replies":[{"embeddable":true,"href":"https:\/\/mifar.com\/fr\/wp-json\/wp\/v2\/comments?post=19464"}],"version-history":[{"count":2,"href":"https:\/\/mifar.com\/fr\/wp-json\/wp\/v2\/pages\/19464\/revisions"}],"predecessor-version":[{"id":19467,"href":"https:\/\/mifar.com\/fr\/wp-json\/wp\/v2\/pages\/19464\/revisions\/19467"}],"wp:attachment":[{"href":"https:\/\/mifar.com\/fr\/wp-json\/wp\/v2\/media?parent=19464"}],"curies":[{"name":"wp","href":"https:\/\/api.w.org\/{rel}","templated":true}]}}