{"id":19474,"date":"2020-04-17T09:36:16","date_gmt":"2020-04-17T09:36:16","guid":{"rendered":"https:\/\/mifar.com\/privacy\/"},"modified":"2021-02-15T16:43:15","modified_gmt":"2021-02-15T16:43:15","slug":"politique-de-confidentialite","status":"publish","type":"page","link":"https:\/\/mifar.com\/fr\/politique-de-confidentialite\/","title":{"rendered":"Politique de confidentialit\u00e9"},"content":{"rendered":"<div class=\"wpb-content-wrapper\"><p>[vc_row css_animation=\u00a0\u00bb\u00a0\u00bb row_type=\u00a0\u00bbrow\u00a0\u00bb use_row_as_full_screen_section=\u00a0\u00bbno\u00a0\u00bb type=\u00a0\u00bbgrid\u00a0\u00bb angled_section=\u00a0\u00bbno\u00a0\u00bb text_align=\u00a0\u00bbleft\u00a0\u00bb background_image_as_pattern=\u00a0\u00bbwithout_pattern\u00a0\u00bb css=\u00a0\u00bb.vc_custom_1580393488061{margin-bottom: 20px !important;background-position: 0 0 !important;background-repeat: no-repeat !important;}\u00a0\u00bb z_index=\u00a0\u00bb\u00a0\u00bb][vc_column width=\u00a0\u00bb1\/2&Prime;][vc_column_text]<\/p>\n<h3>Politique de confidentialit\u00e9<\/h3>\n<p>[\/vc_column_text][\/vc_column][vc_column width=\u00a0\u00bb1\/2&Prime;][vc_separator type=\u00a0\u00bbnormal\u00a0\u00bb color=\u00a0\u00bb#29a3d3&Prime;][\/vc_column][\/vc_row][vc_row css_animation=\u00a0\u00bb\u00a0\u00bb row_type=\u00a0\u00bbrow\u00a0\u00bb use_row_as_full_screen_section=\u00a0\u00bbno\u00a0\u00bb type=\u00a0\u00bbgrid\u00a0\u00bb angled_section=\u00a0\u00bbno\u00a0\u00bb text_align=\u00a0\u00bbleft\u00a0\u00bb background_image_as_pattern=\u00a0\u00bbwithout_pattern\u00a0\u00bb z_index=\u00a0\u00bb\u00a0\u00bb][vc_column][vc_column_text]Mifar se conforme au nouveau R\u00e8glement europ\u00e9en relatif \u00e0 la protection des personnes physiques \u00e0 l&rsquo;\u00e9gard du traitement des donn\u00e9es \u00e0 caract\u00e8re personnel (RGPD), par la mise en \u0153uvre de mesures techniques et organisationnelles appropri\u00e9es, permettant de garantir la conformit\u00e9 par rapport \u00e0 la nouvelle loi no 679\/2016. La politique de protection des donn\u00e9es \u00e0 caract\u00e8re personnel de Mifar a \u00e9t\u00e9 \u00e9labor\u00e9e pour prot\u00e9ger toutes les donn\u00e9es des utilisateurs, qui sont trait\u00e9es de mani\u00e8re licite, correcte et transparente. Des mesures de s\u00e9curit\u00e9 sp\u00e9cifiques ont \u00e9t\u00e9 adopt\u00e9es pour emp\u00eacher une perte des donn\u00e9es, des usages illicites ou incorrects ou des acc\u00e8s non autoris\u00e9s. En plus de la d\u00e9signation du Responsable du traitement, les sous-traitants externes ont \u00e9galement \u00e9t\u00e9 d\u00e9sign\u00e9s. Le processus complexe de mise en conformit\u00e9 par rapport au RGPD a impliqu\u00e9 la formation du personnel et des audits internes consacr\u00e9s \u00e0 la mise en \u0153uvre correcte des proc\u00e9dures \u00e0 l\u2019\u00e9gard du personnel de l\u2019entreprise. Mifar a en outre d\u00e9cid\u00e9 d&rsquo;\u00e9tendre \u00e9galement les r\u00e8gles et les principes g\u00e9n\u00e9raux qui sous-tendent la nouvelle norme \u00e0 tous ses partenaires non europ\u00e9ens.[\/vc_column_text][vc_empty_space height=\u00a0\u00bb50px\u00a0\u00bb][\/vc_column][\/vc_row]<\/p>\n<\/div>","protected":false},"excerpt":{"rendered":"<p>[vc_row css_animation=\u00a0\u00bb\u00a0\u00bb row_type=\u00a0\u00bbrow\u00a0\u00bb use_row_as_full_screen_section=\u00a0\u00bbno\u00a0\u00bb type=\u00a0\u00bbgrid\u00a0\u00bb angled_section=\u00a0\u00bbno\u00a0\u00bb text_align=\u00a0\u00bbleft\u00a0\u00bb background_image_as_pattern=\u00a0\u00bbwithout_pattern\u00a0\u00bb css=\u00a0\u00bb.vc_custom_1580393488061{margin-bottom: 20px !important;background-position: 0 0 !important;background-repeat: no-repeat !important;}\u00a0\u00bb z_index=\u00a0\u00bb\u00a0\u00bb][vc_column width=\u00a0\u00bb1\/2&Prime;][vc_column_text] Politique de confidentialit\u00e9 [\/vc_column_text][\/vc_column][vc_column width=\u00a0\u00bb1\/2&Prime;][vc_separator type=\u00a0\u00bbnormal\u00a0\u00bb color=\u00a0\u00bb#29a3d3&Prime;][\/vc_column][\/vc_row][vc_row css_animation=\u00a0\u00bb\u00a0\u00bb row_type=\u00a0\u00bbrow\u00a0\u00bb use_row_as_full_screen_section=\u00a0\u00bbno\u00a0\u00bb type=\u00a0\u00bbgrid\u00a0\u00bb angled_section=\u00a0\u00bbno\u00a0\u00bb text_align=\u00a0\u00bbleft\u00a0\u00bb background_image_as_pattern=\u00a0\u00bbwithout_pattern\u00a0\u00bb z_index=\u00a0\u00bb\u00a0\u00bb][vc_column][vc_column_text]Mifar se conforme au nouveau R\u00e8glement europ\u00e9en relatif \u00e0 la protection des personnes&#8230;<\/p>\n","protected":false},"author":7,"featured_media":0,"parent":0,"menu_order":0,"comment_status":"closed","ping_status":"closed","template":"","meta":{"footnotes":""},"class_list":["post-19474","page","type-page","status-publish","hentry"],"_links":{"self":[{"href":"https:\/\/mifar.com\/fr\/wp-json\/wp\/v2\/pages\/19474","targetHints":{"allow":["GET"]}}],"collection":[{"href":"https:\/\/mifar.com\/fr\/wp-json\/wp\/v2\/pages"}],"about":[{"href":"https:\/\/mifar.com\/fr\/wp-json\/wp\/v2\/types\/page"}],"author":[{"embeddable":true,"href":"https:\/\/mifar.com\/fr\/wp-json\/wp\/v2\/users\/7"}],"replies":[{"embeddable":true,"href":"https:\/\/mifar.com\/fr\/wp-json\/wp\/v2\/comments?post=19474"}],"version-history":[{"count":2,"href":"https:\/\/mifar.com\/fr\/wp-json\/wp\/v2\/pages\/19474\/revisions"}],"predecessor-version":[{"id":19476,"href":"https:\/\/mifar.com\/fr\/wp-json\/wp\/v2\/pages\/19474\/revisions\/19476"}],"wp:attachment":[{"href":"https:\/\/mifar.com\/fr\/wp-json\/wp\/v2\/media?parent=19474"}],"curies":[{"name":"wp","href":"https:\/\/api.w.org\/{rel}","templated":true}]}}