{"id":19487,"date":"2020-04-17T09:37:58","date_gmt":"2020-04-17T09:37:58","guid":{"rendered":"https:\/\/mifar.com\/certifications\/"},"modified":"2021-02-15T16:56:40","modified_gmt":"2021-02-15T16:56:40","slug":"certifications","status":"publish","type":"page","link":"https:\/\/mifar.com\/fr\/certifications\/","title":{"rendered":"Certifications"},"content":{"rendered":"<div class=\"wpb-content-wrapper\"><p>[vc_row css_animation=\u00a0\u00bb\u00a0\u00bb row_type=\u00a0\u00bbrow\u00a0\u00bb use_row_as_full_screen_section=\u00a0\u00bbno\u00a0\u00bb type=\u00a0\u00bbgrid\u00a0\u00bb angled_section=\u00a0\u00bbno\u00a0\u00bb text_align=\u00a0\u00bbleft\u00a0\u00bb background_image_as_pattern=\u00a0\u00bbwithout_pattern\u00a0\u00bb css=\u00a0\u00bb.vc_custom_1580393488061{margin-bottom: 20px !important;background-position: 0 0 !important;background-repeat: no-repeat !important;}\u00a0\u00bb z_index=\u00a0\u00bb\u00a0\u00bb][vc_column width=\u00a0\u00bb1\/2&Prime;][vc_column_text]<\/p>\n<h3>Certifications<\/h3>\n<p>[\/vc_column_text][\/vc_column][vc_column width=\u00a0\u00bb1\/2&Prime;][vc_separator type=\u00a0\u00bbnormal\u00a0\u00bb color=\u00a0\u00bb#29a3d3&Prime;][\/vc_column][\/vc_row][vc_row css_animation=\u00a0\u00bb\u00a0\u00bb row_type=\u00a0\u00bbrow\u00a0\u00bb use_row_as_full_screen_section=\u00a0\u00bbno\u00a0\u00bb type=\u00a0\u00bbgrid\u00a0\u00bb angled_section=\u00a0\u00bbno\u00a0\u00bb text_align=\u00a0\u00bbleft\u00a0\u00bb background_image_as_pattern=\u00a0\u00bbwithout_pattern\u00a0\u00bb z_index=\u00a0\u00bb\u00a0\u00bb][vc_column][vc_column_text]<a href=\"https:\/\/mifar.com\/wp-content\/uploads\/2020\/04\/Certificato-OK-Compost.pdf\"><strong>OK COMPOST EN 13432:2000<\/strong><\/a><\/p>\n<p>Dans le cadre de la diversification de son portefeuille de produits, Mifar Srl a obtenu les certifications T\u00dcV, en introduisant avec succ\u00e8s sur le march\u00e9 certains produits compostables qui respectent pleinement l\u2019environnement.<\/p>\n<p>Les pigments OK COMPOST de Mifar sont certifi\u00e9s conformes \u00e0 la norme harmonis\u00e9e EN 13432:2000 et r\u00e9pondent aux exigences de la directive europ\u00e9enne sur les emballages (94\/62\/CE).<\/p>\n<p>&nbsp;<\/p>\n<p><a href=\"https:\/\/mifar.com\/wp-content\/uploads\/2020\/04\/Certificato-UNI-EN-ISO_2021.pdf\"><strong>UNI EN ISO 9001:2015<\/strong><\/a><\/p>\n<p>Il s&rsquo;agit de la norme qui est en vigueur au niveau international en vue de la cr\u00e9ation, de la mise en \u0153uvre et de la gestion d&rsquo;un syst\u00e8me de gestion de la qualit\u00e9. Depuis plus de 10 ans, la certification UNI EN ISO 9001 constitue un ensemble d&rsquo;exigences pour une bonne gestion des entreprises.<\/p>\n<p>L&rsquo;adaptation \u00e0 la nouvelle norme UNI EN ISO 9001:2015 a permis de proc\u00e9der \u00e0 une analyse d\u00e9taill\u00e9e des modalit\u00e9s de la gestion de Mifar, du contexte et des parties prenantes dans le cadre desquels l\u2019entreprise exerce ses activit\u00e9s et, par cons\u00e9quent, une \u00e9valuation strat\u00e9gique des risques en vue d&rsquo;une am\u00e9lioration continue des processus de l&rsquo;entreprise.[\/vc_column_text][vc_empty_space height=\u00a0\u00bb50px\u00a0\u00bb][\/vc_column][\/vc_row]<\/p>\n<\/div>","protected":false},"excerpt":{"rendered":"<p>[vc_row css_animation=\u00a0\u00bb\u00a0\u00bb row_type=\u00a0\u00bbrow\u00a0\u00bb use_row_as_full_screen_section=\u00a0\u00bbno\u00a0\u00bb type=\u00a0\u00bbgrid\u00a0\u00bb angled_section=\u00a0\u00bbno\u00a0\u00bb text_align=\u00a0\u00bbleft\u00a0\u00bb background_image_as_pattern=\u00a0\u00bbwithout_pattern\u00a0\u00bb css=\u00a0\u00bb.vc_custom_1580393488061{margin-bottom: 20px !important;background-position: 0 0 !important;background-repeat: no-repeat !important;}\u00a0\u00bb z_index=\u00a0\u00bb\u00a0\u00bb][vc_column width=\u00a0\u00bb1\/2&Prime;][vc_column_text] Certifications [\/vc_column_text][\/vc_column][vc_column width=\u00a0\u00bb1\/2&Prime;][vc_separator type=\u00a0\u00bbnormal\u00a0\u00bb color=\u00a0\u00bb#29a3d3&Prime;][\/vc_column][\/vc_row][vc_row css_animation=\u00a0\u00bb\u00a0\u00bb row_type=\u00a0\u00bbrow\u00a0\u00bb use_row_as_full_screen_section=\u00a0\u00bbno\u00a0\u00bb type=\u00a0\u00bbgrid\u00a0\u00bb angled_section=\u00a0\u00bbno\u00a0\u00bb text_align=\u00a0\u00bbleft\u00a0\u00bb background_image_as_pattern=\u00a0\u00bbwithout_pattern\u00a0\u00bb z_index=\u00a0\u00bb\u00a0\u00bb][vc_column][vc_column_text]OK COMPOST EN 13432:2000 Dans le cadre de la diversification de son portefeuille de produits,&#8230;<\/p>\n","protected":false},"author":7,"featured_media":0,"parent":0,"menu_order":0,"comment_status":"closed","ping_status":"closed","template":"","meta":{"footnotes":""},"class_list":["post-19487","page","type-page","status-publish","hentry"],"_links":{"self":[{"href":"https:\/\/mifar.com\/fr\/wp-json\/wp\/v2\/pages\/19487","targetHints":{"allow":["GET"]}}],"collection":[{"href":"https:\/\/mifar.com\/fr\/wp-json\/wp\/v2\/pages"}],"about":[{"href":"https:\/\/mifar.com\/fr\/wp-json\/wp\/v2\/types\/page"}],"author":[{"embeddable":true,"href":"https:\/\/mifar.com\/fr\/wp-json\/wp\/v2\/users\/7"}],"replies":[{"embeddable":true,"href":"https:\/\/mifar.com\/fr\/wp-json\/wp\/v2\/comments?post=19487"}],"version-history":[{"count":3,"href":"https:\/\/mifar.com\/fr\/wp-json\/wp\/v2\/pages\/19487\/revisions"}],"predecessor-version":[{"id":19489,"href":"https:\/\/mifar.com\/fr\/wp-json\/wp\/v2\/pages\/19487\/revisions\/19489"}],"wp:attachment":[{"href":"https:\/\/mifar.com\/fr\/wp-json\/wp\/v2\/media?parent=19487"}],"curies":[{"name":"wp","href":"https:\/\/api.w.org\/{rel}","templated":true}]}}