{"id":19506,"date":"2020-03-09T14:42:13","date_gmt":"2020-03-09T14:42:13","guid":{"rendered":"https:\/\/mifar.com\/our-responsability\/"},"modified":"2024-01-16T13:22:26","modified_gmt":"2024-01-16T13:22:26","slug":"our-responsibility","status":"publish","type":"page","link":"https:\/\/mifar.com\/fr\/our-responsibility\/","title":{"rendered":"Notre responsabilit\u00e9"},"content":{"rendered":"<div class=\"wpb-content-wrapper\"><p>[vc_row css_animation=\u00a0\u00bb\u00a0\u00bb row_type=\u00a0\u00bbrow\u00a0\u00bb use_row_as_full_screen_section=\u00a0\u00bbno\u00a0\u00bb type=\u00a0\u00bbgrid\u00a0\u00bb angled_section=\u00a0\u00bbno\u00a0\u00bb text_align=\u00a0\u00bbleft\u00a0\u00bb background_image_as_pattern=\u00a0\u00bbwithout_pattern\u00a0\u00bb css=\u00a0\u00bb.vc_custom_1580393488061{margin-bottom: 20px !important;background-position: 0 0 !important;background-repeat: no-repeat !important;}\u00a0\u00bb z_index=\u00a0\u00bb\u00a0\u00bb][vc_column width=\u00a0\u00bb1\/2&Prime;][vc_column_text]<\/p>\n<h3>Engagement et protection<\/h3>\n<p>[\/vc_column_text][\/vc_column][vc_column width=\u00a0\u00bb1\/2&Prime;][vc_separator type=\u00a0\u00bbnormal\u00a0\u00bb color=\u00a0\u00bb#29a3d3&Prime;][\/vc_column][\/vc_row][vc_row css_animation=\u00a0\u00bb\u00a0\u00bb row_type=\u00a0\u00bbrow\u00a0\u00bb use_row_as_full_screen_section=\u00a0\u00bbno\u00a0\u00bb type=\u00a0\u00bbgrid\u00a0\u00bb angled_section=\u00a0\u00bbno\u00a0\u00bb text_align=\u00a0\u00bbleft\u00a0\u00bb background_image_as_pattern=\u00a0\u00bbwithout_pattern\u00a0\u00bb z_index=\u00a0\u00bb\u00a0\u00bb][vc_column][vc_column_text]Nous nous effor\u00e7ons en permanence d\u2019exercer des activit\u00e9s \u00e9thiques et durables, de garantir des niveaux de qualit\u00e9 \u00e9lev\u00e9s pour nos produits, de respecter l&rsquo;environnement et de prot\u00e9ger la sant\u00e9 et la s\u00e9curit\u00e9 sur le lieu de travail. C&rsquo;est pourquoi Mifar se conforme aux normes qui sont appliqu\u00e9es au niveau europ\u00e9en et international pour la gestion des activit\u00e9s de production et des services aux entreprises, ainsi que pour l&rsquo;exportation de ses produits dans le monde entier.<\/p>\n<div id=\"gtx-trans\" style=\"position: absolute; left: 182px; top: 342px;\">\n<div class=\"gtx-trans-icon\"><\/div>\n<\/div>\n<p>[\/vc_column_text][vc_empty_space height=\u00a0\u00bb50px\u00a0\u00bb][\/vc_column][\/vc_row][vc_row css_animation=\u00a0\u00bb\u00a0\u00bb row_type=\u00a0\u00bbrow\u00a0\u00bb use_row_as_full_screen_section=\u00a0\u00bbno\u00a0\u00bb type=\u00a0\u00bbgrid\u00a0\u00bb angled_section=\u00a0\u00bbno\u00a0\u00bb text_align=\u00a0\u00bbleft\u00a0\u00bb background_image_as_pattern=\u00a0\u00bbwithout_pattern\u00a0\u00bb css=\u00a0\u00bb.vc_custom_1583766436851{padding-top: 40px !important;padding-bottom: 40px !important;background-color: #eaeaea !important;background-position: 0 0 !important;background-repeat: no-repeat !important;}\u00a0\u00bb z_index=\u00a0\u00bb\u00a0\u00bb][vc_column width=\u00a0\u00bb1\/3&Prime;][vc_row_inner row_type=\u00a0\u00bbrow\u00a0\u00bb type=\u00a0\u00bbfull_width\u00a0\u00bb text_align=\u00a0\u00bbleft\u00a0\u00bb css_animation=\u00a0\u00bb\u00a0\u00bb css=\u00a0\u00bb.vc_custom_1588775770652{margin-right: 20px !important;margin-bottom: 40px !important;margin-left: 10px !important;border-left-width: 3px !important;padding-top: 195px !important;padding-right: 20px !important;padding-bottom: 200px !important;padding-left: 20px !important;background: #ffffff url(https:\/\/mifar.com\/wp-content\/uploads\/2020\/05\/AdobeStock_105981799.jpeg?id=18546) !important;background-position: center !important;background-repeat: no-repeat !important;background-size: cover !important;border-left-color: #29a3d3 !important;border-left-style: solid !important;}\u00a0\u00bb][vc_column_inner][\/vc_column_inner][\/vc_row_inner][\/vc_column][vc_column width=\u00a0\u00bb1\/3&Prime;][vc_row_inner row_type=\u00a0\u00bbrow\u00a0\u00bb type=\u00a0\u00bbfull_width\u00a0\u00bb text_align=\u00a0\u00bbleft\u00a0\u00bb css_animation=\u00a0\u00bb\u00a0\u00bb css=\u00a0\u00bb.vc_custom_1583766477644{margin-right: 10px !important;margin-left: 20px !important;border-left-width: 3px !important;padding-top: 20px !important;padding-right: 20px !important;padding-bottom: 20px !important;padding-left: 20px !important;background-color: #ffffff !important;border-left-color: #29a3d3 !important;border-left-style: solid !important;}\u00a0\u00bb][vc_column_inner][vc_column_text]<\/p>\n<p class=\"p1\"><span style=\"color: #29a3d3; font-size: 18px;\"><strong><a href=\"https:\/\/mifar.com\/fr\/modele-organisationnel-legislatif\/\">Mod\u00e8le organisationnel DLS 231\/2001<\/a> <\/strong><\/span><\/p>\n<p>[\/vc_column_text][\/vc_column_inner][\/vc_row_inner][vc_row_inner row_type=\u00a0\u00bbrow\u00a0\u00bb type=\u00a0\u00bbfull_width\u00a0\u00bb text_align=\u00a0\u00bbleft\u00a0\u00bb css_animation=\u00a0\u00bb\u00a0\u00bb css=\u00a0\u00bb.vc_custom_1583766532284{margin-top: 40px !important;margin-right: 10px !important;margin-left: 20px !important;border-left-width: 3px !important;padding-top: 20px !important;padding-right: 20px !important;padding-bottom: 20px !important;padding-left: 20px !important;background-color: #ffffff !important;border-left-color: #29a3d3 !important;border-left-style: solid !important;}\u00a0\u00bb][vc_column_inner][vc_column_text]<\/p>\n<p class=\"p1\"><a href=\"https:\/\/mifar.com\/whistleblowing\/\"><span style=\"color: #29a3d3; font-size: 18px;\"><strong>Whistleblowing<\/strong><\/span><\/a><\/p>\n<p>[\/vc_column_text][\/vc_column_inner][\/vc_row_inner][vc_row_inner row_type=\u00a0\u00bbrow\u00a0\u00bb type=\u00a0\u00bbfull_width\u00a0\u00bb text_align=\u00a0\u00bbleft\u00a0\u00bb css_animation=\u00a0\u00bb\u00a0\u00bb css=\u00a0\u00bb.vc_custom_1583766532284{margin-top: 40px !important;margin-right: 10px !important;margin-left: 20px !important;border-left-width: 3px !important;padding-top: 20px !important;padding-right: 20px !important;padding-bottom: 20px !important;padding-left: 20px !important;background-color: #ffffff !important;border-left-color: #29a3d3 !important;border-left-style: solid !important;}\u00a0\u00bb][vc_column_inner][vc_column_text]<\/p>\n<p class=\"p1\"><a href=\"https:\/\/mifar.com\/fr\/politique-de-confidentialite\/\"><span style=\"color: #29a3d3; font-size: 18px;\"><strong>Politique de confidentialit\u00e9<\/strong><\/span><\/a><\/p>\n<p>[\/vc_column_text][\/vc_column_inner][\/vc_row_inner][vc_row_inner row_type=\u00a0\u00bbrow\u00a0\u00bb type=\u00a0\u00bbfull_width\u00a0\u00bb text_align=\u00a0\u00bbleft\u00a0\u00bb css_animation=\u00a0\u00bb\u00a0\u00bb css=\u00a0\u00bb.vc_custom_1583766532284{margin-top: 40px !important;margin-right: 10px !important;margin-left: 20px !important;border-left-width: 3px !important;padding-top: 20px !important;padding-right: 20px !important;padding-bottom: 20px !important;padding-left: 20px !important;background-color: #ffffff !important;border-left-color: #29a3d3 !important;border-left-style: solid !important;}\u00a0\u00bb][vc_column_inner][vc_column_text]<\/p>\n<p class=\"p1\"><a href=\"https:\/\/mifar.com\/fr\/certifications\/\"><span style=\"color: #29a3d3; font-size: 18px;\"><strong>Certifications<\/strong><\/span><\/a><\/p>\n<p>[\/vc_column_text][\/vc_column_inner][\/vc_row_inner][\/vc_column][vc_column width=\u00a0\u00bb1\/3&Prime; el_id=\u00a0\u00bbour-responsability-col2&Prime;][vc_row_inner row_type=\u00a0\u00bbrow\u00a0\u00bb type=\u00a0\u00bbfull_width\u00a0\u00bb text_align=\u00a0\u00bbleft\u00a0\u00bb css_animation=\u00a0\u00bb\u00a0\u00bb css=\u00a0\u00bb.vc_custom_1583766482176{margin-right: 20px !important;margin-left: 10px !important;border-left-width: 3px !important;padding-top: 20px !important;padding-right: 20px !important;padding-bottom: 20px !important;padding-left: 20px !important;background-color: #ffffff !important;border-left-color: #29a3d3 !important;border-left-style: solid !important;}\u00a0\u00bb][vc_column_inner][vc_column_text]<\/p>\n<p class=\"p1\"><a href=\"https:\/\/mifar.com\/fr\/federchimica\/\"><span style=\"color: #29a3d3; font-size: 18px;\"><strong>Federchimica<\/strong><\/span><\/a><\/p>\n<p>[\/vc_column_text][\/vc_column_inner][\/vc_row_inner][vc_row_inner row_type=\u00a0\u00bbrow\u00a0\u00bb type=\u00a0\u00bbfull_width\u00a0\u00bb text_align=\u00a0\u00bbleft\u00a0\u00bb css_animation=\u00a0\u00bb\u00a0\u00bb css=\u00a0\u00bb.vc_custom_1583766536955{margin-top: 40px !important;margin-right: 20px !important;margin-left: 10px !important;border-left-width: 3px !important;padding-top: 20px !important;padding-right: 20px !important;padding-bottom: 20px !important;padding-left: 20px !important;background-color: #ffffff !important;border-left-color: #29a3d3 !important;border-left-style: solid !important;}\u00a0\u00bb][vc_column_inner][vc_column_text]<\/p>\n<p class=\"p1\"><a href=\"https:\/\/mifar.com\/fr\/gestion-des-produits\/\"><span style=\"color: #29a3d3; font-size: 18px;\"><strong>Gestion des produits<\/strong><\/span><\/a><\/p>\n<p>[\/vc_column_text][\/vc_column_inner][\/vc_row_inner][vc_row_inner row_type=\u00a0\u00bbrow\u00a0\u00bb type=\u00a0\u00bbfull_width\u00a0\u00bb text_align=\u00a0\u00bbleft\u00a0\u00bb css_animation=\u00a0\u00bb\u00a0\u00bb css=\u00a0\u00bb.vc_custom_1583766536955{margin-top: 40px !important;margin-right: 20px !important;margin-left: 10px !important;border-left-width: 3px !important;padding-top: 20px !important;padding-right: 20px !important;padding-bottom: 20px !important;padding-left: 20px !important;background-color: #ffffff !important;border-left-color: #29a3d3 !important;border-left-style: solid !important;}\u00a0\u00bb][vc_column_inner][vc_column_text]<\/p>\n<p class=\"p1\"><a href=\"https:\/\/mifar.com\/fr\/normes\/\"><span style=\"color: #29a3d3; font-size: 18px;\"><strong>Normes<\/strong><\/span><\/a><\/p>\n<p>[\/vc_column_text][\/vc_column_inner][\/vc_row_inner][vc_row_inner row_type=\u00a0\u00bbrow\u00a0\u00bb type=\u00a0\u00bbfull_width\u00a0\u00bb text_align=\u00a0\u00bbleft\u00a0\u00bb css_animation=\u00a0\u00bb\u00a0\u00bb css=\u00a0\u00bb.vc_custom_1583766536955{margin-top: 40px !important;margin-right: 20px !important;margin-left: 10px !important;border-left-width: 3px !important;padding-top: 20px !important;padding-right: 20px !important;padding-bottom: 20px !important;padding-left: 20px !important;background-color: #ffffff !important;border-left-color: #29a3d3 !important;border-left-style: solid !important;}\u00a0\u00bb][vc_column_inner][vc_column_text]<\/p>\n<p class=\"p1\"><a href=\"https:\/\/mifar.com\/fr\/ressources-humaines\/\"><span style=\"color: #29a3d3; font-size: 18px;\"><strong>Ressources Humaines<\/strong><\/span><\/a><\/p>\n<p>[\/vc_column_text][\/vc_column_inner][\/vc_row_inner][\/vc_column][\/vc_row][vc_row css_animation=\u00a0\u00bb\u00a0\u00bb row_type=\u00a0\u00bbrow\u00a0\u00bb use_row_as_full_screen_section=\u00a0\u00bbno\u00a0\u00bb type=\u00a0\u00bbfull_width\u00a0\u00bb angled_section=\u00a0\u00bbno\u00a0\u00bb text_align=\u00a0\u00bbleft\u00a0\u00bb background_image_as_pattern=\u00a0\u00bbwithout_pattern\u00a0\u00bb][vc_column][vc_empty_space height=\u00a0\u00bb100px\u00a0\u00bb][\/vc_column][\/vc_row]<\/p>\n<\/div>","protected":false},"excerpt":{"rendered":"<p>[vc_row css_animation=\u00a0\u00bb\u00a0\u00bb row_type=\u00a0\u00bbrow\u00a0\u00bb use_row_as_full_screen_section=\u00a0\u00bbno\u00a0\u00bb type=\u00a0\u00bbgrid\u00a0\u00bb angled_section=\u00a0\u00bbno\u00a0\u00bb text_align=\u00a0\u00bbleft\u00a0\u00bb background_image_as_pattern=\u00a0\u00bbwithout_pattern\u00a0\u00bb css=\u00a0\u00bb.vc_custom_1580393488061{margin-bottom: 20px !important;background-position: 0 0 !important;background-repeat: no-repeat !important;}\u00a0\u00bb z_index=\u00a0\u00bb\u00a0\u00bb][vc_column width=\u00a0\u00bb1\/2&Prime;][vc_column_text] Engagement et protection [\/vc_column_text][\/vc_column][vc_column width=\u00a0\u00bb1\/2&Prime;][vc_separator type=\u00a0\u00bbnormal\u00a0\u00bb color=\u00a0\u00bb#29a3d3&Prime;][\/vc_column][\/vc_row][vc_row css_animation=\u00a0\u00bb\u00a0\u00bb row_type=\u00a0\u00bbrow\u00a0\u00bb use_row_as_full_screen_section=\u00a0\u00bbno\u00a0\u00bb type=\u00a0\u00bbgrid\u00a0\u00bb angled_section=\u00a0\u00bbno\u00a0\u00bb text_align=\u00a0\u00bbleft\u00a0\u00bb background_image_as_pattern=\u00a0\u00bbwithout_pattern\u00a0\u00bb z_index=\u00a0\u00bb\u00a0\u00bb][vc_column][vc_column_text]Nous nous effor\u00e7ons en permanence d\u2019exercer des activit\u00e9s \u00e9thiques et durables, de garantir&#8230;<\/p>\n","protected":false},"author":7,"featured_media":0,"parent":0,"menu_order":0,"comment_status":"closed","ping_status":"closed","template":"","meta":{"footnotes":""},"class_list":["post-19506","page","type-page","status-publish","hentry"],"_links":{"self":[{"href":"https:\/\/mifar.com\/fr\/wp-json\/wp\/v2\/pages\/19506","targetHints":{"allow":["GET"]}}],"collection":[{"href":"https:\/\/mifar.com\/fr\/wp-json\/wp\/v2\/pages"}],"about":[{"href":"https:\/\/mifar.com\/fr\/wp-json\/wp\/v2\/types\/page"}],"author":[{"embeddable":true,"href":"https:\/\/mifar.com\/fr\/wp-json\/wp\/v2\/users\/7"}],"replies":[{"embeddable":true,"href":"https:\/\/mifar.com\/fr\/wp-json\/wp\/v2\/comments?post=19506"}],"version-history":[{"count":5,"href":"https:\/\/mifar.com\/fr\/wp-json\/wp\/v2\/pages\/19506\/revisions"}],"predecessor-version":[{"id":19770,"href":"https:\/\/mifar.com\/fr\/wp-json\/wp\/v2\/pages\/19506\/revisions\/19770"}],"wp:attachment":[{"href":"https:\/\/mifar.com\/fr\/wp-json\/wp\/v2\/media?parent=19506"}],"curies":[{"name":"wp","href":"https:\/\/api.w.org\/{rel}","templated":true}]}}