{"id":19522,"date":"2020-04-17T09:39:26","date_gmt":"2020-04-17T09:39:26","guid":{"rendered":"https:\/\/mifar.com\/federchimica\/"},"modified":"2021-02-16T14:33:59","modified_gmt":"2021-02-16T14:33:59","slug":"federchimica","status":"publish","type":"page","link":"https:\/\/mifar.com\/fr\/federchimica\/","title":{"rendered":"Federchimica"},"content":{"rendered":"<div class=\"wpb-content-wrapper\"><p>[vc_row css_animation=\u00a0\u00bb\u00a0\u00bb row_type=\u00a0\u00bbrow\u00a0\u00bb use_row_as_full_screen_section=\u00a0\u00bbno\u00a0\u00bb type=\u00a0\u00bbgrid\u00a0\u00bb angled_section=\u00a0\u00bbno\u00a0\u00bb text_align=\u00a0\u00bbleft\u00a0\u00bb background_image_as_pattern=\u00a0\u00bbwithout_pattern\u00a0\u00bb css=\u00a0\u00bb.vc_custom_1580393488061{margin-bottom: 20px !important;background-position: 0 0 !important;background-repeat: no-repeat !important;}\u00a0\u00bb z_index=\u00a0\u00bb\u00a0\u00bb][vc_column width=\u00a0\u00bb1\/2&Prime;][vc_column_text]<\/p>\n<h3>Federchimica<\/h3>\n<p>[\/vc_column_text][\/vc_column][vc_column width=\u00a0\u00bb1\/2&Prime;][vc_separator type=\u00a0\u00bbnormal\u00a0\u00bb color=\u00a0\u00bb#29a3d3&Prime;][\/vc_column][\/vc_row][vc_row css_animation=\u00a0\u00bb\u00a0\u00bb row_type=\u00a0\u00bbrow\u00a0\u00bb use_row_as_full_screen_section=\u00a0\u00bbno\u00a0\u00bb type=\u00a0\u00bbgrid\u00a0\u00bb angled_section=\u00a0\u00bbno\u00a0\u00bb text_align=\u00a0\u00bbleft\u00a0\u00bb background_image_as_pattern=\u00a0\u00bbwithout_pattern\u00a0\u00bb z_index=\u00a0\u00bb\u00a0\u00bb][vc_column][vc_column_text]Mifar est une entreprise associ\u00e9e \u00e0 Federchimica.<\/p>\n<p>En tant que membre, Mifar partage les objectifs fondamentaux de la F\u00e9d\u00e9ration, visant \u00e0 coordonner et \u00e0 prot\u00e9ger le r\u00f4le de l&rsquo;industrie chimique italienne et son d\u00e9veloppement, appliqu\u00e9s \u00e0 travers:<\/p>\n<ul>\n<li>l&rsquo;\u00e9laboration de lignes directrices en mati\u00e8re de politique \u00e9conomique, industrielle et syndicale, ainsi qu&rsquo;en mati\u00e8re de sant\u00e9, de s\u00e9curit\u00e9 et d&rsquo;environnement, d&rsquo;innovation, d&rsquo;\u00e9nergie et de logistique<\/li>\n<li>la promotion de ces politiques aupr\u00e8s des pouvoirs publics, des organisations \u00e9conomiques nationales, d&rsquo;autres organisations entrepreneuriales, des organisations internationales auxquelles la F\u00e9d\u00e9ration participe, des syndicats de travailleurs, des organisations environnementales et de consommateurs;<\/li>\n<li>la contribution \u00e0 l\u2019\u00e9laboration d&rsquo;une image correcte de l&rsquo;industrie chimique aupr\u00e8s de l&rsquo;opinion publique;<\/li>\n<li>la r\u00e9alisation d&rsquo;\u00e9tudes et de recherches qui inspirent et justifient les choix entrepreneuriaux;<\/li>\n<li>le soutien des entreprises membres dans leur croissance.<\/li>\n<\/ul>\n<p>&nbsp;<\/p>\n<p>Mifar exerce ses activit\u00e9s sur le march\u00e9 europ\u00e9en et mondial en alignant et en actualisant ses activit\u00e9s par rapport aux dispositions, aux politiques et aux principes des organismes de r\u00e9f\u00e9rence les plus prestigieux de l\u2019industrie dans ce secteur, telles que l&rsquo;Agence europ\u00e9enne des produits chimiques (ECHA) <a href=\"https:\/\/echa.europa.eu\/it\/home\">https:\/\/echa.europa.eu\/it\/home<\/a> et le Conseil europ\u00e9en de l&rsquo;industrie chimique (Cefic) <a href=\"https:\/\/cefic.org\/\">https:\/\/cefic.org\/<\/a>[\/vc_column_text][vc_empty_space height=\u00a0\u00bb50px\u00a0\u00bb][\/vc_column][\/vc_row]<\/p>\n<\/div>","protected":false},"excerpt":{"rendered":"<p>[vc_row css_animation=\u00a0\u00bb\u00a0\u00bb row_type=\u00a0\u00bbrow\u00a0\u00bb use_row_as_full_screen_section=\u00a0\u00bbno\u00a0\u00bb type=\u00a0\u00bbgrid\u00a0\u00bb angled_section=\u00a0\u00bbno\u00a0\u00bb text_align=\u00a0\u00bbleft\u00a0\u00bb background_image_as_pattern=\u00a0\u00bbwithout_pattern\u00a0\u00bb css=\u00a0\u00bb.vc_custom_1580393488061{margin-bottom: 20px !important;background-position: 0 0 !important;background-repeat: no-repeat !important;}\u00a0\u00bb z_index=\u00a0\u00bb\u00a0\u00bb][vc_column width=\u00a0\u00bb1\/2&Prime;][vc_column_text] Federchimica [\/vc_column_text][\/vc_column][vc_column width=\u00a0\u00bb1\/2&Prime;][vc_separator type=\u00a0\u00bbnormal\u00a0\u00bb color=\u00a0\u00bb#29a3d3&Prime;][\/vc_column][\/vc_row][vc_row css_animation=\u00a0\u00bb\u00a0\u00bb row_type=\u00a0\u00bbrow\u00a0\u00bb use_row_as_full_screen_section=\u00a0\u00bbno\u00a0\u00bb type=\u00a0\u00bbgrid\u00a0\u00bb angled_section=\u00a0\u00bbno\u00a0\u00bb text_align=\u00a0\u00bbleft\u00a0\u00bb background_image_as_pattern=\u00a0\u00bbwithout_pattern\u00a0\u00bb z_index=\u00a0\u00bb\u00a0\u00bb][vc_column][vc_column_text]Mifar est une entreprise associ\u00e9e \u00e0 Federchimica. En tant que membre, Mifar partage les objectifs&#8230;<\/p>\n","protected":false},"author":7,"featured_media":0,"parent":0,"menu_order":0,"comment_status":"closed","ping_status":"closed","template":"","meta":{"footnotes":""},"class_list":["post-19522","page","type-page","status-publish","hentry"],"_links":{"self":[{"href":"https:\/\/mifar.com\/fr\/wp-json\/wp\/v2\/pages\/19522","targetHints":{"allow":["GET"]}}],"collection":[{"href":"https:\/\/mifar.com\/fr\/wp-json\/wp\/v2\/pages"}],"about":[{"href":"https:\/\/mifar.com\/fr\/wp-json\/wp\/v2\/types\/page"}],"author":[{"embeddable":true,"href":"https:\/\/mifar.com\/fr\/wp-json\/wp\/v2\/users\/7"}],"replies":[{"embeddable":true,"href":"https:\/\/mifar.com\/fr\/wp-json\/wp\/v2\/comments?post=19522"}],"version-history":[{"count":3,"href":"https:\/\/mifar.com\/fr\/wp-json\/wp\/v2\/pages\/19522\/revisions"}],"predecessor-version":[{"id":19524,"href":"https:\/\/mifar.com\/fr\/wp-json\/wp\/v2\/pages\/19522\/revisions\/19524"}],"wp:attachment":[{"href":"https:\/\/mifar.com\/fr\/wp-json\/wp\/v2\/media?parent=19522"}],"curies":[{"name":"wp","href":"https:\/\/api.w.org\/{rel}","templated":true}]}}