{"id":19527,"date":"2020-04-17T09:35:21","date_gmt":"2020-04-17T09:35:21","guid":{"rendered":"https:\/\/mifar.com\/product-stewardship\/"},"modified":"2021-02-16T14:43:06","modified_gmt":"2021-02-16T14:43:06","slug":"gestion-des-produits","status":"publish","type":"page","link":"https:\/\/mifar.com\/fr\/gestion-des-produits\/","title":{"rendered":"Gestion des produits"},"content":{"rendered":"<div class=\"wpb-content-wrapper\"><p>[vc_row css_animation=\u00a0\u00bb\u00a0\u00bb row_type=\u00a0\u00bbrow\u00a0\u00bb use_row_as_full_screen_section=\u00a0\u00bbno\u00a0\u00bb type=\u00a0\u00bbgrid\u00a0\u00bb angled_section=\u00a0\u00bbno\u00a0\u00bb text_align=\u00a0\u00bbleft\u00a0\u00bb background_image_as_pattern=\u00a0\u00bbwithout_pattern\u00a0\u00bb css=\u00a0\u00bb.vc_custom_1580393488061{margin-bottom: 20px !important;background-position: 0 0 !important;background-repeat: no-repeat !important;}\u00a0\u00bb z_index=\u00a0\u00bb\u00a0\u00bb][vc_column width=\u00a0\u00bb1\/2&Prime;][vc_column_text]<\/p>\n<h3>Gestion des produits<\/h3>\n<p>[\/vc_column_text][\/vc_column][vc_column width=\u00a0\u00bb1\/2&Prime;][vc_separator type=\u00a0\u00bbnormal\u00a0\u00bb color=\u00a0\u00bb#29a3d3&Prime;][\/vc_column][\/vc_row][vc_row css_animation=\u00a0\u00bb\u00a0\u00bb row_type=\u00a0\u00bbrow\u00a0\u00bb use_row_as_full_screen_section=\u00a0\u00bbno\u00a0\u00bb type=\u00a0\u00bbgrid\u00a0\u00bb angled_section=\u00a0\u00bbno\u00a0\u00bb text_align=\u00a0\u00bbleft\u00a0\u00bb background_image_as_pattern=\u00a0\u00bbwithout_pattern\u00a0\u00bb z_index=\u00a0\u00bb\u00a0\u00bb][vc_column][vc_column_text]Mifar soutient le d\u00e9veloppement d\u2019un mod\u00e8le d\u2019affaires \u00e9thique et durable, en mettant en \u0153uvre une gestion de toutes les phases du cycle de vie des produits, en \u00e9tant tr\u00e8s attentive \u00e0 minimiser l&rsquo;impact sur la sant\u00e9, la s\u00e9curit\u00e9 et l&rsquo;environnement. Notre responsabilit\u00e9 en mati\u00e8re d&rsquo;innovation des produits, d&rsquo;approvisionnement en mati\u00e8res premi\u00e8res de qualit\u00e9, de processus de production, de distribution, de prestation des services est g\u00e9r\u00e9e dans le but de parvenir \u00e0 un juste \u00e9quilibre entre prosp\u00e9rit\u00e9 \u00e9conomique, protection de l&rsquo;environnement, sant\u00e9 et bien-\u00eatre social.<\/p>\n<p>En particulier, Mifar s\u2019engage \u00e0:<\/p>\n<ul>\n<li>\u00e9valuer l&rsquo;impact environnemental et social de ses produits<\/li>\n<li>concevoir des produits innovateurs, de plus en plus s\u00fbrs et n\u2019entra\u00eenant qu\u2019un impact environnemental limit\u00e9, gr\u00e2ce \u00e0 un investissement constant dans la recherche et le d\u00e9veloppement<\/li>\n<li>garantir \u00e0 son personnel un environnement de travail s\u00fbr par le biais du dialogue, de la formation, du d\u00e9veloppement et de la communication et en visant une am\u00e9lioration continue des probl\u00e8mes de sant\u00e9 et de s\u00e9curit\u00e9 au travail<\/li>\n<li>g\u00e9rer les activit\u00e9s conform\u00e9ment aux normes, lois et r\u00e8glements nationaux et internationaux applicables et reconnus par tous en mati\u00e8re de travail, de sant\u00e9 et de s\u00e9curit\u00e9 ainsi que d&rsquo;environnement, en \u00e9valuant sans cesse la possibilit\u00e9 d\u2019aller m\u00eame au-del\u00e0 des exigences l\u00e9gales<\/li>\n<li>collaborer avec les parties prenantes pour \u00e9tablir des relations durables, susceptibles d\u2019apporter des avantages mutuels et un partage de responsabilit\u00e9s communes:<\/li>\n<li>Mifar exige de ses fournisseurs qu&rsquo;ils adoptent une approche \u00e9thique et durable de la production, sous le signe de la s\u00e9curit\u00e9 et du respect de l&rsquo;environnement, de m\u00eame qu\u2019ils mettent en place des conditions responsables et respectueuses en termes de droit du travail, de sant\u00e9 et de s\u00e9curit\u00e9 dans leurs locaux eux-m\u00eames.<\/li>\n<li>Mifar apporte son aide \u00e0 ses clients afin qu\u2019ils puissent comprendre pleinement les caract\u00e9ristiques de s\u00e9curit\u00e9 de ses produits, qu\u2019ils puissent \u00eatre correctement inform\u00e9s en ce qui concerne les m\u00e9thodes et les processus les plus s\u00fbrs d\u2019utilisation des produits et de r\u00e9duction des gaspillages<\/li>\n<li>Mifar collabore avec des organismes et des associations, nationales et internationales, de son secteur en vue d\u2019\u00e9laborer des politiques et des principes applicables au niveau mondial.<\/li>\n<\/ul>\n<p>&nbsp;<\/p>\n<p>Mifar met \u00e0 la disposition de ses parties prenantes la \u201c<a href=\"#\">Politique d&rsquo;alerte professionnelle<\/a>\u201d d\u00e9di\u00e9e \u00e0 la signalisation, \u00e9ventuellement m\u00eame anonyme, de situations, proc\u00e9dures internes ou autres dispositions \u00e9ventuelles, pouvant \u00eatre mises en relation avec la soci\u00e9t\u00e9 ou ses repr\u00e9sentants et qui constitueraient ou seraient susceptibles de constituer un risque de violation des politiques d\u00e9finies par la soci\u00e9t\u00e9.[\/vc_column_text][vc_empty_space height=\u00a0\u00bb50px\u00a0\u00bb][\/vc_column][\/vc_row]<\/p>\n<\/div>","protected":false},"excerpt":{"rendered":"<p>[vc_row css_animation=\u00a0\u00bb\u00a0\u00bb row_type=\u00a0\u00bbrow\u00a0\u00bb use_row_as_full_screen_section=\u00a0\u00bbno\u00a0\u00bb type=\u00a0\u00bbgrid\u00a0\u00bb angled_section=\u00a0\u00bbno\u00a0\u00bb text_align=\u00a0\u00bbleft\u00a0\u00bb background_image_as_pattern=\u00a0\u00bbwithout_pattern\u00a0\u00bb css=\u00a0\u00bb.vc_custom_1580393488061{margin-bottom: 20px !important;background-position: 0 0 !important;background-repeat: no-repeat !important;}\u00a0\u00bb z_index=\u00a0\u00bb\u00a0\u00bb][vc_column width=\u00a0\u00bb1\/2&Prime;][vc_column_text] Gestion des produits [\/vc_column_text][\/vc_column][vc_column width=\u00a0\u00bb1\/2&Prime;][vc_separator type=\u00a0\u00bbnormal\u00a0\u00bb color=\u00a0\u00bb#29a3d3&Prime;][\/vc_column][\/vc_row][vc_row css_animation=\u00a0\u00bb\u00a0\u00bb row_type=\u00a0\u00bbrow\u00a0\u00bb use_row_as_full_screen_section=\u00a0\u00bbno\u00a0\u00bb type=\u00a0\u00bbgrid\u00a0\u00bb angled_section=\u00a0\u00bbno\u00a0\u00bb text_align=\u00a0\u00bbleft\u00a0\u00bb background_image_as_pattern=\u00a0\u00bbwithout_pattern\u00a0\u00bb z_index=\u00a0\u00bb\u00a0\u00bb][vc_column][vc_column_text]Mifar soutient le d\u00e9veloppement d\u2019un mod\u00e8le d\u2019affaires \u00e9thique et durable, en mettant en&#8230;<\/p>\n","protected":false},"author":7,"featured_media":0,"parent":0,"menu_order":0,"comment_status":"closed","ping_status":"closed","template":"","meta":{"footnotes":""},"class_list":["post-19527","page","type-page","status-publish","hentry"],"_links":{"self":[{"href":"https:\/\/mifar.com\/fr\/wp-json\/wp\/v2\/pages\/19527","targetHints":{"allow":["GET"]}}],"collection":[{"href":"https:\/\/mifar.com\/fr\/wp-json\/wp\/v2\/pages"}],"about":[{"href":"https:\/\/mifar.com\/fr\/wp-json\/wp\/v2\/types\/page"}],"author":[{"embeddable":true,"href":"https:\/\/mifar.com\/fr\/wp-json\/wp\/v2\/users\/7"}],"replies":[{"embeddable":true,"href":"https:\/\/mifar.com\/fr\/wp-json\/wp\/v2\/comments?post=19527"}],"version-history":[{"count":3,"href":"https:\/\/mifar.com\/fr\/wp-json\/wp\/v2\/pages\/19527\/revisions"}],"predecessor-version":[{"id":19529,"href":"https:\/\/mifar.com\/fr\/wp-json\/wp\/v2\/pages\/19527\/revisions\/19529"}],"wp:attachment":[{"href":"https:\/\/mifar.com\/fr\/wp-json\/wp\/v2\/media?parent=19527"}],"curies":[{"name":"wp","href":"https:\/\/api.w.org\/{rel}","templated":true}]}}