{"id":19533,"date":"2020-04-17T09:37:06","date_gmt":"2020-04-17T09:37:06","guid":{"rendered":"https:\/\/mifar.com\/regulatory\/"},"modified":"2021-02-16T15:20:58","modified_gmt":"2021-02-16T15:20:58","slug":"normes","status":"publish","type":"page","link":"https:\/\/mifar.com\/fr\/normes\/","title":{"rendered":"Normes"},"content":{"rendered":"<div class=\"wpb-content-wrapper\"><p>[vc_row css_animation=\u00a0\u00bb\u00a0\u00bb row_type=\u00a0\u00bbrow\u00a0\u00bb use_row_as_full_screen_section=\u00a0\u00bbno\u00a0\u00bb type=\u00a0\u00bbgrid\u00a0\u00bb angled_section=\u00a0\u00bbno\u00a0\u00bb text_align=\u00a0\u00bbleft\u00a0\u00bb background_image_as_pattern=\u00a0\u00bbwithout_pattern\u00a0\u00bb css=\u00a0\u00bb.vc_custom_1580393488061{margin-bottom: 20px !important;background-position: 0 0 !important;background-repeat: no-repeat !important;}\u00a0\u00bb z_index=\u00a0\u00bb\u00a0\u00bb][vc_column width=\u00a0\u00bb1\/2&Prime;][vc_column_text]<\/p>\n<h3>Normes<\/h3>\n<p>[\/vc_column_text][\/vc_column][vc_column width=\u00a0\u00bb1\/2&Prime;][vc_separator type=\u00a0\u00bbnormal\u00a0\u00bb color=\u00a0\u00bb#29a3d3&Prime;][\/vc_column][\/vc_row][vc_row css_animation=\u00a0\u00bb\u00a0\u00bb row_type=\u00a0\u00bbrow\u00a0\u00bb use_row_as_full_screen_section=\u00a0\u00bbno\u00a0\u00bb type=\u00a0\u00bbgrid\u00a0\u00bb angled_section=\u00a0\u00bbno\u00a0\u00bb text_align=\u00a0\u00bbleft\u00a0\u00bb background_image_as_pattern=\u00a0\u00bbwithout_pattern\u00a0\u00bb z_index=\u00a0\u00bb\u00a0\u00bb][vc_column][vc_column_text]Mifar fabrique et commercialise des produits chimiques de sp\u00e9cialit\u00e9 en toute s\u00e9curit\u00e9, dans le souci de prot\u00e9ger la sant\u00e9 humaine et l&rsquo;environnement. Gr\u00e2ce \u00e0 son r\u00e9seau commercial et technique, elle offre une large gamme de produits et de services hautement qualifi\u00e9s et des services d\u2019assistance technique largement implant\u00e9s, afin de r\u00e9pondre aux besoins de ses clients.<\/p>\n<p>Les produits Mifar sont conformes aux diff\u00e9rentes normes nationales et europ\u00e9ennes.<\/p>\n<p>&nbsp;<\/p>\n<p><strong>R\u00e8glement Reach<\/strong><\/p>\n<p>R\u00e8glement (CE) no 1907\/2006 du Parlement europ\u00e9en et du Conseil du 18 d\u00e9cembre 2006 concernant l&rsquo;enregistrement, l&rsquo;\u00e9valuation et l&rsquo;autorisation des substances chimiques, ainsi que les restrictions applicables \u00e0 ces substances (REACH).<\/p>\n<ul>\n<li>Elle garantit un niveau \u00e9lev\u00e9 de protection de la sant\u00e9 humaine et de l&rsquo;environnement, y compris par la promotion de m\u00e9thodes alternatives pour l&rsquo;\u00e9valuation des dangers que les substances peuvent entra\u00eener.<\/li>\n<li>Elle \u00e9tablit des dispositions relatives aux substances et aux m\u00e9langes.<\/li>\n<li>Elle oblige les fabricants, les importateurs et les utilisateurs en aval \u00e0 fabriquer, mettre sur le march\u00e9 ou utiliser des substances qui ne nuisent pas \u00e0 la sant\u00e9 humaine ou \u00e0 l&rsquo;environnement. Ses dispositions sont fond\u00e9es sur le principe de pr\u00e9caution.<\/li>\n<\/ul>\n<p>&nbsp;<\/p>\n<p><strong>R\u00e8glement CLP<\/strong><\/p>\n<p>R\u00e8glement (CE) no 1272\/2008 du Parlement europ\u00e9en et du Conseil du 16 d\u00e9cembre 2008 relatif \u00e0 la classification, \u00e0 l&rsquo;\u00e9tiquetage et \u00e0 l&#8217;emballage des substances et des m\u00e9langes.<\/p>\n<p>Le r\u00e8glement est bas\u00e9 sur le syst\u00e8me g\u00e9n\u00e9ral harmonis\u00e9 de classification et d&rsquo;\u00e9tiquetage des produits chimiques (SGH) des Nations unies et vise \u00e0 assurer un niveau \u00e9lev\u00e9 de protection de la sant\u00e9 et de l&rsquo;environnement, ainsi que la libre circulation des substances, des m\u00e9langes et des articles.[\/vc_column_text][vc_empty_space height=\u00a0\u00bb50px\u00a0\u00bb][\/vc_column][\/vc_row]<\/p>\n<\/div>","protected":false},"excerpt":{"rendered":"<p>[vc_row css_animation=\u00a0\u00bb\u00a0\u00bb row_type=\u00a0\u00bbrow\u00a0\u00bb use_row_as_full_screen_section=\u00a0\u00bbno\u00a0\u00bb type=\u00a0\u00bbgrid\u00a0\u00bb angled_section=\u00a0\u00bbno\u00a0\u00bb text_align=\u00a0\u00bbleft\u00a0\u00bb background_image_as_pattern=\u00a0\u00bbwithout_pattern\u00a0\u00bb css=\u00a0\u00bb.vc_custom_1580393488061{margin-bottom: 20px !important;background-position: 0 0 !important;background-repeat: no-repeat !important;}\u00a0\u00bb z_index=\u00a0\u00bb\u00a0\u00bb][vc_column width=\u00a0\u00bb1\/2&Prime;][vc_column_text] Normes [\/vc_column_text][\/vc_column][vc_column width=\u00a0\u00bb1\/2&Prime;][vc_separator type=\u00a0\u00bbnormal\u00a0\u00bb color=\u00a0\u00bb#29a3d3&Prime;][\/vc_column][\/vc_row][vc_row css_animation=\u00a0\u00bb\u00a0\u00bb row_type=\u00a0\u00bbrow\u00a0\u00bb use_row_as_full_screen_section=\u00a0\u00bbno\u00a0\u00bb type=\u00a0\u00bbgrid\u00a0\u00bb angled_section=\u00a0\u00bbno\u00a0\u00bb text_align=\u00a0\u00bbleft\u00a0\u00bb background_image_as_pattern=\u00a0\u00bbwithout_pattern\u00a0\u00bb z_index=\u00a0\u00bb\u00a0\u00bb][vc_column][vc_column_text]Mifar fabrique et commercialise des produits chimiques de sp\u00e9cialit\u00e9 en toute s\u00e9curit\u00e9, dans le souci&#8230;<\/p>\n","protected":false},"author":7,"featured_media":0,"parent":0,"menu_order":0,"comment_status":"closed","ping_status":"closed","template":"","meta":{"footnotes":""},"class_list":["post-19533","page","type-page","status-publish","hentry"],"_links":{"self":[{"href":"https:\/\/mifar.com\/fr\/wp-json\/wp\/v2\/pages\/19533","targetHints":{"allow":["GET"]}}],"collection":[{"href":"https:\/\/mifar.com\/fr\/wp-json\/wp\/v2\/pages"}],"about":[{"href":"https:\/\/mifar.com\/fr\/wp-json\/wp\/v2\/types\/page"}],"author":[{"embeddable":true,"href":"https:\/\/mifar.com\/fr\/wp-json\/wp\/v2\/users\/7"}],"replies":[{"embeddable":true,"href":"https:\/\/mifar.com\/fr\/wp-json\/wp\/v2\/comments?post=19533"}],"version-history":[{"count":3,"href":"https:\/\/mifar.com\/fr\/wp-json\/wp\/v2\/pages\/19533\/revisions"}],"predecessor-version":[{"id":19535,"href":"https:\/\/mifar.com\/fr\/wp-json\/wp\/v2\/pages\/19533\/revisions\/19535"}],"wp:attachment":[{"href":"https:\/\/mifar.com\/fr\/wp-json\/wp\/v2\/media?parent=19533"}],"curies":[{"name":"wp","href":"https:\/\/api.w.org\/{rel}","templated":true}]}}