{"id":19556,"date":"2020-01-30T16:04:08","date_gmt":"2020-01-30T16:04:08","guid":{"rendered":"https:\/\/mifar.com\/contact-us\/"},"modified":"2023-10-26T10:28:51","modified_gmt":"2023-10-26T10:28:51","slug":"contacts","status":"publish","type":"page","link":"https:\/\/mifar.com\/fr\/contacts\/","title":{"rendered":"Contacts"},"content":{"rendered":"<div class=\"wpb-content-wrapper\"><p>[vc_row css_animation=\u00a0\u00bb\u00a0\u00bb row_type=\u00a0\u00bbrow\u00a0\u00bb use_row_as_full_screen_section=\u00a0\u00bbno\u00a0\u00bb type=\u00a0\u00bbgrid\u00a0\u00bb angled_section=\u00a0\u00bbno\u00a0\u00bb text_align=\u00a0\u00bbleft\u00a0\u00bb background_image_as_pattern=\u00a0\u00bbwithout_pattern\u00a0\u00bb css=\u00a0\u00bb.vc_custom_1590483972034{background-color: #ffffff !important;}\u00a0\u00bb z_index=\u00a0\u00bb\u00a0\u00bb][vc_column offset=\u00a0\u00bbvc_col-lg-6 vc_col-md-6&Prime; css=\u00a0\u00bb.vc_custom_1536063556675{padding-right: 30px !important;}\u00a0\u00bb][vc_column_text]<\/p>\n<h3>Mifar S.r.l<\/h3>\n<p>[\/vc_column_text][vc_empty_space height=\u00a0\u00bb14px\u00a0\u00bb][vc_column_text]<\/p>\n<h4><span style=\"color: #28a0d2;\">Si\u00e8ge<\/span><\/h4>\n<p>[\/vc_column_text][vc_empty_space height=\u00a0\u00bb14px\u00a0\u00bb][vc_column_text]Via Valtellina 18\/20, 20027 Rescaldina (MI)<br \/>\n<a href=\"mailto:info@mifar.com\">info@mifar.com<\/a><br \/>\nTel +39 0331 515037<br \/>\nFax +39 0331 514443[\/vc_column_text][vc_empty_space height=\u00a0\u00bb27px\u00a0\u00bb][vc_column_text css=\u00a0\u00bb.vc_custom_1536073692646{margin-right: 20px !important;padding-right: 20px !important;}\u00a0\u00bb]<iframe loading=\"lazy\" style=\"border: 0;\" src=\"https:\/\/www.google.com\/maps\/embed?pb=!1m14!1m8!1m3!1d11163.098477596179!2d8.965252!3d45.615173!3m2!1i1024!2i768!4f13.1!3m3!1m2!1s0x47869211bf6dd883%3A0xc58ad02e0b17c8d0!2sVia+Valtellina%2C+18%2C+20027+Rescaldina+MI%2C+Italia!5e0!3m2!1sit!2sus!4v1536073647900\" width=\"500\" height=\"400\" frameborder=\"0\" allowfullscreen=\"allowfullscreen\" data-mce-fragment=\"1\"><\/iframe>[\/vc_column_text][vc_empty_space height=\u00a0\u00bb40&Prime;][vc_column_text]<\/p>\n<h4><span style=\"color: #28a0d2;\">Bureaux<\/span><\/h4>\n<p>[\/vc_column_text][vc_empty_space height=\u00a0\u00bb14px\u00a0\u00bb][vc_column_text]Viale Tunisia, 43 &#8211; 20124 Milano<br \/>\n<a href=\"mailto:info@mifar.com\">info@mifar.com<\/a><br \/>\nTel +39 0331 515037<br \/>\nFax +39 0331 514443[\/vc_column_text][vc_empty_space height=\u00a0\u00bb27px\u00a0\u00bb][vc_column_text]<iframe loading=\"lazy\" style=\"border: 0;\" src=\"https:\/\/www.google.com\/maps\/embed?pb=!1m18!1m12!1m3!1d2797.503960623937!2d9.1969433769271!3d45.47979543239707!2m3!1f0!2f0!3f0!3m2!1i1024!2i768!4f13.1!3m3!1m2!1s0x4786c6c896da291d%3A0xd9f2bfc628c084ad!2sViale%20Tunisia%2C%2043%2C%2020124%20Milano%20MI!5e0!3m2!1sit!2sit!4v1698316053523!5m2!1sit!2sit\" width=\"500\" height=\"400\" allowfullscreen=\"allowfullscreen\"><\/iframe>[\/vc_column_text][\/vc_column][vc_column offset=\u00a0\u00bbvc_col-lg-6 vc_col-md-6&Prime; css=\u00a0\u00bb.vc_custom_1590483980333{padding-left: 20px !important;}\u00a0\u00bb][vc_column_text]<\/p>\n<h3>Contacts<\/h3>\n<p>[\/vc_column_text][vc_empty_space height=\u00a0\u00bb27px\u00a0\u00bb]\n<div class=\"wpcf7 no-js\" id=\"wpcf7-f19741-o1\" lang=\"en-US\" dir=\"ltr\" data-wpcf7-id=\"19741\">\n<div class=\"screen-reader-response\"><p role=\"status\" aria-live=\"polite\" aria-atomic=\"true\"><\/p> <ul><\/ul><\/div>\n<form action=\"\/fr\/wp-json\/wp\/v2\/pages\/19556#wpcf7-f19741-o1\" method=\"post\" class=\"wpcf7-form init cf7_custom_style_1\" aria-label=\"Contact form\" novalidate=\"novalidate\" data-status=\"init\">\n<fieldset class=\"hidden-fields-container\"><input type=\"hidden\" name=\"_wpcf7\" value=\"19741\" \/><input type=\"hidden\" name=\"_wpcf7_version\" value=\"6.1.5\" \/><input type=\"hidden\" name=\"_wpcf7_locale\" value=\"en_US\" \/><input type=\"hidden\" name=\"_wpcf7_unit_tag\" value=\"wpcf7-f19741-o1\" \/><input type=\"hidden\" name=\"_wpcf7_container_post\" value=\"0\" \/><input type=\"hidden\" name=\"_wpcf7_posted_data_hash\" value=\"\" \/>\n<\/fieldset>\n<p><label> Nom*<br \/>\n<span class=\"wpcf7-form-control-wrap\" data-name=\"your-name\"><input size=\"40\" maxlength=\"400\" class=\"wpcf7-form-control wpcf7-text wpcf7-validates-as-required\" aria-required=\"true\" aria-invalid=\"false\" value=\"\" type=\"text\" name=\"your-name\" \/><\/span> <\/label>\n<\/p>\n<p><label> Adresse de courrier \u00e9lectronique*<br \/>\n<span class=\"wpcf7-form-control-wrap\" data-name=\"your-email\"><input size=\"40\" maxlength=\"400\" class=\"wpcf7-form-control wpcf7-email wpcf7-validates-as-required wpcf7-text wpcf7-validates-as-email\" aria-required=\"true\" aria-invalid=\"false\" value=\"\" type=\"email\" name=\"your-email\" \/><\/span> <\/label>\n<\/p>\n<p><label> Produit<br \/>\n<span class=\"wpcf7-form-control-wrap\" data-name=\"products\"><select class=\"wpcf7-form-control wpcf7-select\" aria-invalid=\"false\" name=\"products\"><option value=\"- S\u00e9lectionner produit\">- S\u00e9lectionner produit<\/option><option value=\"Disperlit\">Disperlit<\/option><option value=\"Compostable Chips\">Compostable Chips<\/option><option value=\"Dispercos\">Dispercos<\/option><option value=\"Printing Inks\">Printing Inks<\/option><option value=\"Finishing\">Finishing<\/option><option value=\"Marker Inks\">Marker Inks<\/option><\/select><\/span><\/label>\n<\/p>\n<p><label> Message*<br \/>\n<span class=\"wpcf7-form-control-wrap\" data-name=\"your-message\"><textarea cols=\"40\" rows=\"10\" maxlength=\"2000\" class=\"wpcf7-form-control wpcf7-textarea\" aria-invalid=\"false\" name=\"your-message\"><\/textarea><\/span> <\/label>\n<\/p>\n<p><span class=\"wpcf7-form-control-wrap\" data-name=\"acceptance-814\"><span class=\"wpcf7-form-control wpcf7-acceptance\"><span class=\"wpcf7-list-item\"><label><input type=\"checkbox\" name=\"acceptance-814\" value=\"1\" aria-invalid=\"false\" \/><span class=\"wpcf7-list-item-label\">I have read and understood the privacy policy (<a href=\"https:\/\/mifar.com\/fr\/politique-de-confidentialite-2\/\">read<\/a>) and I consent to the processing of my data for the purpose listed in section 3.a of the aforementioned privacy policy<\/span><\/label><\/span><\/span><\/span>\n<\/p>\n<p><input class=\"wpcf7-form-control wpcf7-submit has-spinner\" type=\"submit\" value=\"ENVOYER\" \/>\n<\/p><div class=\"wpcf7-response-output\" aria-hidden=\"true\"><\/div>\n<\/form>\n<\/div>\n[vc_empty_space height=\u00a0\u00bb50&Prime;][vc_separator type=\u00a0\u00bbnormal\u00a0\u00bb color=\u00a0\u00bb#29a3d3&Prime;][vc_empty_space height=\u00a0\u00bb50&Prime;][vc_column_text]<\/p>\n<h3 style=\"padding-bottom: 15px;\">Travailler avec nous<\/h3>\n<p>Nous sommes toujours \u00e0 la recherche de nouveaux talents pr\u00eats \u00e0 rejoindre notre \u00e9quipe.[\/vc_column_text][vc_empty_space height=\u00a0\u00bb27px\u00a0\u00bb]\n<div class=\"wpcf7 no-js\" id=\"wpcf7-f19743-o2\" lang=\"en-US\" dir=\"ltr\" data-wpcf7-id=\"19743\">\n<div class=\"screen-reader-response\"><p role=\"status\" aria-live=\"polite\" aria-atomic=\"true\"><\/p> <ul><\/ul><\/div>\n<form action=\"\/fr\/wp-json\/wp\/v2\/pages\/19556#wpcf7-f19743-o2\" method=\"post\" class=\"wpcf7-form init cf7_custom_style_1\" aria-label=\"Contact form\" enctype=\"multipart\/form-data\" novalidate=\"novalidate\" data-status=\"init\">\n<fieldset class=\"hidden-fields-container\"><input type=\"hidden\" name=\"_wpcf7\" value=\"19743\" \/><input type=\"hidden\" name=\"_wpcf7_version\" value=\"6.1.5\" \/><input type=\"hidden\" name=\"_wpcf7_locale\" value=\"en_US\" \/><input type=\"hidden\" name=\"_wpcf7_unit_tag\" value=\"wpcf7-f19743-o2\" \/><input type=\"hidden\" name=\"_wpcf7_container_post\" value=\"0\" \/><input type=\"hidden\" name=\"_wpcf7_posted_data_hash\" value=\"\" \/>\n<\/fieldset>\n<div style=\"margin-bottom:10px !important;\">\n\t<div style=\"width: 45%; padding-right: 25px; float:left;\">\n\t\t<p><label> Pr\u00e9nom*<br \/>\n<span class=\"wpcf7-form-control-wrap\" data-name=\"your-name\"><input size=\"40\" maxlength=\"400\" class=\"wpcf7-form-control wpcf7-text wpcf7-validates-as-required\" aria-required=\"true\" aria-invalid=\"false\" value=\"\" type=\"text\" name=\"your-name\" \/><\/span> <\/label>\n\t\t<\/p>\n\t<\/div>\n\t<div style=\"float: left; width: 50%; float:left;\">\n\t\t<p><label> Nom de famille*<br \/>\n<span class=\"wpcf7-form-control-wrap\" data-name=\"last-name\"><input size=\"40\" maxlength=\"400\" class=\"wpcf7-form-control wpcf7-text wpcf7-validates-as-required\" aria-required=\"true\" aria-invalid=\"false\" value=\"\" type=\"text\" name=\"last-name\" \/><\/span> <\/label>\n\t\t<\/p>\n\t<\/div>\n<\/div>\n<div>\n\t<div style=\"width: 45%; padding-right: 25px; float:left;\">\n\t\t<p><label> Ville*<br \/>\n<span class=\"wpcf7-form-control-wrap\" data-name=\"City\"><input size=\"40\" maxlength=\"400\" class=\"wpcf7-form-control wpcf7-text wpcf7-validates-as-required\" aria-required=\"true\" aria-invalid=\"false\" value=\"\" type=\"text\" name=\"City\" \/><\/span> <\/label>\n\t\t<\/p>\n\t<\/div>\n\t<div style=\"float: left; width: 50%; float:left;\">\n\t\t<p><label> Pays*<br \/>\n<span class=\"wpcf7-form-control-wrap\" data-name=\"Country\"><input size=\"40\" maxlength=\"400\" class=\"wpcf7-form-control wpcf7-text wpcf7-validates-as-required\" aria-required=\"true\" aria-invalid=\"false\" value=\"\" type=\"text\" name=\"Country\" \/><\/span> <\/label>\n\t\t<\/p>\n\t<\/div>\n<\/div>\n<div>\n\t<div style=\"width: 45%; padding-right: 25px; float:left;\">\n\t\t<p><label> Adresse de courrier \u00e9lectronique*<br \/>\n<span class=\"wpcf7-form-control-wrap\" data-name=\"your-email\"><input size=\"40\" maxlength=\"400\" class=\"wpcf7-form-control wpcf7-email wpcf7-validates-as-required wpcf7-text wpcf7-validates-as-email\" aria-required=\"true\" aria-invalid=\"false\" value=\"\" type=\"email\" name=\"your-email\" \/><\/span> <\/label>\n\t\t<\/p>\n\t<\/div>\n\t<div style=\"float: left; width: 50%; float:left;\">\n\t\t<p><label> T\u00e9l\u00e9phone*<br \/>\n<span class=\"wpcf7-form-control-wrap\" data-name=\"tel\"><input size=\"40\" maxlength=\"400\" class=\"wpcf7-form-control wpcf7-text wpcf7-validates-as-required\" aria-required=\"true\" aria-invalid=\"false\" value=\"\" type=\"text\" name=\"tel\" \/><\/span> <\/label>\n\t\t<\/p>\n\t<\/div>\n<\/div>\n<div>\n\t<div style=\"width: 45%; padding-right: 25px; float:left;\">\n\t\t<p><label> Secteur professionnel*<br \/>\n<span class=\"wpcf7-form-control-wrap\" data-name=\"sector\"><input size=\"40\" maxlength=\"400\" class=\"wpcf7-form-control wpcf7-text wpcf7-validates-as-required\" aria-required=\"true\" aria-invalid=\"false\" value=\"\" type=\"text\" name=\"sector\" \/><\/span> <\/label>\n\t\t<\/p>\n\t<\/div>\n\t<div style=\"float: left; width: 50%; float:left;\">\n\t\t<p><label> O\u00f9 avez-vous entendu parler de nous<br \/>\n<span class=\"wpcf7-form-control-wrap\" data-name=\"feedback\"><input size=\"40\" maxlength=\"400\" class=\"wpcf7-form-control wpcf7-email wpcf7-validates-as-required wpcf7-text wpcf7-validates-as-email\" aria-required=\"true\" aria-invalid=\"false\" value=\"\" type=\"email\" name=\"feedback\" \/><\/span> <\/label>\n\t\t<\/p>\n\t<\/div>\n<\/div>\n<div>\n\t<div style=\"width: 45%; padding-right: 25px; float:left;\">\n\t\t<p><label> Laissez un commentaire*<br \/>\n<span class=\"wpcf7-form-control-wrap\" data-name=\"words\"><input size=\"40\" maxlength=\"400\" class=\"wpcf7-form-control wpcf7-text wpcf7-validates-as-required\" aria-required=\"true\" aria-invalid=\"false\" value=\"\" type=\"text\" name=\"words\" \/><\/span> <\/label>\n\t\t<\/p>\n\t<\/div>\n\t<div style=\"float: left; width: 50%; float:left;\">\n\t\t<p><label> T\u00e9l\u00e9chargez votre CV<br \/>\n<span class=\"wpcf7-form-control-wrap\" data-name=\"file-564\"><input size=\"40\" class=\"wpcf7-form-control wpcf7-file\" accept=\"audio\/*,video\/*,image\/*\" aria-invalid=\"false\" type=\"file\" name=\"file-564\" \/><\/span> <\/label>\n\t\t<\/p>\n\t<\/div>\n<\/div>\n<p><span class=\"wpcf7-form-control-wrap\" data-name=\"acceptance-814\"><span class=\"wpcf7-form-control wpcf7-acceptance\"><span class=\"wpcf7-list-item\"><label><input type=\"checkbox\" name=\"acceptance-814\" value=\"1\" aria-invalid=\"false\" \/><span class=\"wpcf7-list-item-label\">Aucun fichier s\u00e9lectionn\u00e9 (<a href=\"https:\/\/www.mifar.com\/policy\/Informativa-art-13-14-Candidati-MIFAR-SRL-2024.pdf\" target=\"_blank\">lire<\/a>)<\/span><\/label><\/span><\/span><\/span>\n<\/p>\n<p><input class=\"wpcf7-form-control wpcf7-submit has-spinner\" type=\"submit\" value=\"ENVOYER\" \/>\n<\/p><div class=\"wpcf7-response-output\" aria-hidden=\"true\"><\/div>\n<\/form>\n<\/div>\n[vc_empty_space height=\u00a0\u00bb60px\u00a0\u00bb][\/vc_column][\/vc_row]<\/p>\n<\/div>","protected":false},"excerpt":{"rendered":"<p>[vc_row css_animation=\u00a0\u00bb\u00a0\u00bb row_type=\u00a0\u00bbrow\u00a0\u00bb use_row_as_full_screen_section=\u00a0\u00bbno\u00a0\u00bb type=\u00a0\u00bbgrid\u00a0\u00bb angled_section=\u00a0\u00bbno\u00a0\u00bb text_align=\u00a0\u00bbleft\u00a0\u00bb background_image_as_pattern=\u00a0\u00bbwithout_pattern\u00a0\u00bb css=\u00a0\u00bb.vc_custom_1590483972034{background-color: #ffffff !important;}\u00a0\u00bb z_index=\u00a0\u00bb\u00a0\u00bb][vc_column offset=\u00a0\u00bbvc_col-lg-6 vc_col-md-6&Prime; css=\u00a0\u00bb.vc_custom_1536063556675{padding-right: 30px !important;}\u00a0\u00bb][vc_column_text] Mifar S.r.l [\/vc_column_text][vc_empty_space height=\u00a0\u00bb14px\u00a0\u00bb][vc_column_text] Si\u00e8ge [\/vc_column_text][vc_empty_space height=\u00a0\u00bb14px\u00a0\u00bb][vc_column_text]Via Valtellina 18\/20, 20027 Rescaldina (MI) info@mifar.com Tel +39 0331 515037 Fax +39 0331 514443[\/vc_column_text][vc_empty_space height=\u00a0\u00bb27px\u00a0\u00bb][vc_column_text css=\u00a0\u00bb.vc_custom_1536073692646{margin-right: 20px !important;padding-right: 20px !important;}\u00a0\u00bb][\/vc_column_text][vc_empty_space height=\u00a0\u00bb40&Prime;][vc_column_text]&#8230;<\/p>\n","protected":false},"author":7,"featured_media":0,"parent":0,"menu_order":0,"comment_status":"closed","ping_status":"closed","template":"","meta":{"footnotes":""},"class_list":["post-19556","page","type-page","status-publish","hentry"],"_links":{"self":[{"href":"https:\/\/mifar.com\/fr\/wp-json\/wp\/v2\/pages\/19556","targetHints":{"allow":["GET"]}}],"collection":[{"href":"https:\/\/mifar.com\/fr\/wp-json\/wp\/v2\/pages"}],"about":[{"href":"https:\/\/mifar.com\/fr\/wp-json\/wp\/v2\/types\/page"}],"author":[{"embeddable":true,"href":"https:\/\/mifar.com\/fr\/wp-json\/wp\/v2\/users\/7"}],"replies":[{"embeddable":true,"href":"https:\/\/mifar.com\/fr\/wp-json\/wp\/v2\/comments?post=19556"}],"version-history":[{"count":6,"href":"https:\/\/mifar.com\/fr\/wp-json\/wp\/v2\/pages\/19556\/revisions"}],"predecessor-version":[{"id":21232,"href":"https:\/\/mifar.com\/fr\/wp-json\/wp\/v2\/pages\/19556\/revisions\/21232"}],"wp:attachment":[{"href":"https:\/\/mifar.com\/fr\/wp-json\/wp\/v2\/media?parent=19556"}],"curies":[{"name":"wp","href":"https:\/\/api.w.org\/{rel}","templated":true}]}}